{"id":5059,"date":"2021-12-05T17:50:55","date_gmt":"2021-12-05T16:50:55","guid":{"rendered":"https:\/\/qualifio.com\/?page_id=5059"},"modified":"2026-02-17T12:58:36","modified_gmt":"2026-02-17T11:58:36","slug":"demande-demo","status":"publish","type":"page","link":"https:\/\/qualifio.com\/fr\/demande-demo\/","title":{"rendered":"Demande de d\u00e9mo"},"content":{"rendered":"\n<div class=\"wp-block-group has-background is-layout-flow wp-block-group-is-layout-flow\" style=\"background-color:#12384a\">\n<div style=\"height:100px\" aria-hidden=\"true\" class=\"wp-block-spacer\"><\/div>\n\n\n\n<div class=\"wp-block-columns wrapper-max is-layout-flex wp-container-core-columns-is-layout-28f84493 wp-block-columns-is-layout-flex\">\n<div class=\"wp-block-column is-layout-flow wp-block-column-is-layout-flow\">\n<div class=\"wp-block-group box-border-radius has-background is-layout-constrained wp-block-group-is-layout-constrained\" style=\"background-color:#12384a\">\n<div class=\"wp-block-group wrapper-max is-layout-constrained wp-block-group-is-layout-constrained\">\n<div style=\"height:40px\" aria-hidden=\"true\" class=\"wp-block-spacer\"><\/div>\n\n\n\n<h1 class=\"wp-block-heading has-text-align-left has-text-color has-link-color wp-elements-251db21c69a12f5a11b7ea10af846510\" id=\"h-envie-de-decouvrir-qualifio-en-action\" style=\"color:#ffffff;font-size:clamp(18.959px, 1.185rem + ((1vw - 3.2px) * 0.863), 30px);\">Envie de d\u00e9couvrir Qualifio en action ?<\/h1>\n\n\n\n<p class=\"has-text-align-left has-white-color has-text-color has-link-color wp-elements-6385fc3c4a9a4dbd48a572c38b2f205a\">Planifiez une d\u00e9mo de 30 minutes avec l\u2019un de nos experts pour:<\/p>\n\n\n\n<ul style=\"color:#ffffff\" class=\"wp-block-list has-text-color has-link-color wp-elements-717d139834140b974232b13209c46a72\">\n<li>\u00c9changer sur vos besoins et objectifs marketing<\/li>\n\n\n\n<li>D\u00e9couvrir des exemples de campagnes lanc\u00e9es avec Qualifio dans votre secteur<\/li>\n\n\n\n<li>Voir comment vous pouvez collecter des donn\u00e9es qualitatives via les jeux concours<\/li>\n<\/ul>\n\n\n\n<div style=\"height:10px\" aria-hidden=\"true\" class=\"wp-block-spacer\"><\/div>\n\n\n\n<p class=\"has-text-align-left has-white-color has-text-color has-link-color wp-elements-45ed1af3c6aaffd195c56fe02ca1f890\">Sans engagement, ni pression !<\/p>\n\n\n\n<figure class=\"wp-block-image aligncenter size-full\"><img loading=\"lazy\" decoding=\"async\" width=\"500\" height=\"370\" src=\"https:\/\/qualifio.com\/wp-content\/uploads\/2025\/10\/homepage-carousel-global.gif\" alt=\"qualifio-platform\" class=\"wp-image-78856\"\/><\/figure>\n<\/div>\n<\/div>\n<\/div>\n\n\n\n<div class=\"wp-block-column is-vertically-aligned-top hubspot-form-box is-layout-flow wp-block-column-is-layout-flow\">\n<script src=\"https:\/\/js-eu1.hsforms.net\/forms\/embed\/147199682.js\" defer><\/script>\n<div class=\"hs-form-frame\" data-region=\"eu1\" data-form-id=\"29170a23-31f6-4ef4-933d-c500f102e708\" data-portal-id=\"147199682\"><\/div>\n<\/div>\n<\/div>\n<\/div>\n\n\n\n<div class=\"wp-block-group wrapper-max is-layout-constrained wp-block-group-is-layout-constrained\">\n<div style=\"height:50px\" aria-hidden=\"true\" class=\"wp-block-spacer\"><\/div>\n\n\n\n<p class=\"has-text-align-center\">+400 marques utilisent Qualifio dans les FMCG, m\u00e9dias, sport, et autres secteurs<\/p>\n\n\n\n<div class=\"wp-block-fidelo-logo-slider logo-slider\"><a><img decoding=\"async\" src=\"https:\/\/qualifio.com\/wp-content\/uploads\/2024\/05\/logo-loreal-homepage.png\" alt=\"Logo 1\"\/><\/a><a><img decoding=\"async\" src=\"https:\/\/qualifio.com\/wp-content\/uploads\/2024\/05\/logo-rtl-homepage.png\" alt=\"Logo 2\"\/><\/a><a><img decoding=\"async\" src=\"https:\/\/qualifio.com\/wp-content\/uploads\/2024\/05\/logo-valencia-homepage.png\" alt=\"Logo 3\"\/><\/a><a><img decoding=\"async\" src=\"https:\/\/qualifio.com\/wp-content\/uploads\/2024\/05\/logo-unilever-homepage.png\" alt=\"Logo 4\"\/><\/a><a><img decoding=\"async\" src=\"https:\/\/qualifio.com\/wp-content\/uploads\/2024\/05\/logo-nestle-homepage.png\" alt=\"Logo 5\"\/><\/a><a><img decoding=\"async\" src=\"https:\/\/qualifio.com\/wp-content\/uploads\/2024\/05\/logo-dailymail-homepage.png\" alt=\"Logo 6\"\/><\/a><a><img decoding=\"async\" src=\"https:\/\/qualifio.com\/wp-content\/uploads\/2024\/05\/logo-fff-homepage.png\" alt=\"Logo 7\"\/><\/a><a><img decoding=\"async\" src=\"https:\/\/qualifio.com\/wp-content\/uploads\/2024\/05\/logo-lolaliza-homepage.png\" alt=\"Logo 8\"\/><\/a><\/div>\n\n\n\n<div style=\"height:50px\" aria-hidden=\"true\" class=\"wp-block-spacer\"><\/div>\n<\/div>\n\n\n\n<section class=\"wp-block-fidelo-testimonials container-bcg-img homepage-testimonial-box\" data-category=\"homepage-2025\" data-block-style=\"bg-light-grey\"><div class=\"wrapper-max\"><div class=\"content-text\"><h2 class=\"\">Voici ce qu\u2019elles en pensent<\/h2><p class=\"\"><\/p><\/div><div class=\"additional-block\"><div class=\"additional-block-box\"><div class=\"text-slider\">    <div class=\"text-slider-slide\">      <article><!-- wp:heading {\"textAlign\":\"center\",\"level\":3,\"style\":{\"color\":{\"text\":\"#fba026\"},\"elements\":{\"link\":{\"color\":{\"text\":\"#fba026\"}}}}} -->\n<h3 class=\"wp-block-heading has-text-align-center has-text-color has-link-color\" id=\"h-16-000-membres-au-programme-en-3-mois\" style=\"color:#fba026\"><strong>16 000 membres au programme en 3 mois<\/strong><\/h3>\n<!-- \/wp:heading -->\n\n<!-- wp:paragraph {\"align\":\"center\"} -->\n<p class=\"has-text-align-center\"><em>\u00ab Notre objectif est d\u2019alimenter notre programme de r\u00e9compenses avec des nouvelles campagnes mensuelles qui boostent la participation et r\u00e9compensent l\u2019engagement. Nous souhaitons aussi transformer nos clients fid\u00e8les en ambassadeurs en encourageant le contenu g\u00e9n\u00e9r\u00e9 par les utilisateurs et en offrant des avantages exclusifs. \u00bb<\/em><\/p>\n<!-- \/wp:paragraph -->\n\n<!-- wp:image {\"lightbox\":{\"enabled\":false},\"id\":79036,\"width\":\"auto\",\"height\":\"50px\",\"sizeSlug\":\"full\",\"linkDestination\":\"custom\",\"align\":\"center\"} -->\n<figure class=\"wp-block-image aligncenter size-full is-resized\"><a href=\"https:\/\/hello.qualifio.com\/fr\/cas-client-groupe-seb\"><img loading=\"lazy\" decoding=\"async\" width=\"112\" height=\"62\" src=\"https:\/\/qualifio.com\/wp-content\/uploads\/2025\/10\/logo-groupe-seb-grey.png\" alt=\"logo-groupe-seb\" class=\"wp-image-79036\" style=\"width:auto;height:50px\"\/><\/a><\/figure>\n<!-- \/wp:image --><\/article>    <\/div>    <div class=\"text-slider-slide\">      <article><!-- wp:heading {\"textAlign\":\"center\",\"level\":3,\"style\":{\"color\":{\"text\":\"#fba026\"},\"elements\":{\"link\":{\"color\":{\"text\":\"#fba026\"}}}}} -->\n<h3 class=\"wp-block-heading has-text-align-center has-text-color has-link-color\" id=\"h-50-de-taux-d-opt-in-a-la-newsletter\" style=\"color:#fba026\"><strong>50 % de taux d\u2019opt-in \u00e0 la newsletter<\/strong><\/h3>\n<!-- \/wp:heading -->\n\n<!-- wp:paragraph {\"align\":\"center\"} -->\n<p class=\"has-text-align-center\"><em>\u00ab Nous voulons engager une vraie conversation avec nos consommateurs, pas seulement leur montrer des publicit\u00e9s. Nous voulons leur raconter une histoire, et Qualifio est un excellent outil de storytelling pour cela. Il nous permet d\u2019inspirer et d\u2019informer notre cible, en donnant plus de profondeur \u00e0 notre message principal. \u00bb<\/em><\/p>\n<!-- \/wp:paragraph -->\n\n<!-- wp:image {\"lightbox\":{\"enabled\":false},\"id\":3639,\"width\":\"auto\",\"height\":\"60px\",\"sizeSlug\":\"full\",\"linkDestination\":\"custom\",\"align\":\"center\"} -->\n<figure class=\"wp-block-image aligncenter size-full is-resized\"><a href=\"https:\/\/qualifio.com\/fr\/blog\/coop-supermarche-generer-trafic-en-ligne-creer-veritable-communaute\/\"><img loading=\"lazy\" decoding=\"async\" width=\"1280\" height=\"625\" src=\"https:\/\/qualifio.com\/wp-content\/uploads\/2021\/12\/logo-coop.png\" alt=\"logo-coop\" class=\"wp-image-3639\" style=\"width:auto;height:60px\" srcset=\"https:\/\/qualifio.com\/wp-content\/uploads\/2021\/12\/logo-coop.png 1280w, https:\/\/qualifio.com\/wp-content\/uploads\/2021\/12\/logo-coop-300x146.png 300w, https:\/\/qualifio.com\/wp-content\/uploads\/2021\/12\/logo-coop-1024x500.png 1024w, https:\/\/qualifio.com\/wp-content\/uploads\/2021\/12\/logo-coop-768x375.png 768w\" sizes=\"auto, (max-width: 1280px) 100vw, 1280px\" \/><\/a><\/figure>\n<!-- \/wp:image --><\/article>    <\/div>    <div class=\"text-slider-slide\">      <article><!-- wp:heading {\"textAlign\":\"center\",\"level\":3,\"style\":{\"color\":{\"text\":\"#fba026\"},\"elements\":{\"link\":{\"color\":{\"text\":\"#fba026\"}}}}} -->\n<h3 class=\"wp-block-heading has-text-align-center has-text-color has-link-color\" id=\"h-taux-de-conversion-de-5-a-10\" style=\"color:#fba026\"><strong>Taux de conversion de 5 \u00e0 10 %<\/strong><\/h3>\n<!-- \/wp:heading -->\n\n<!-- wp:paragraph {\"align\":\"center\"} -->\n<p class=\"has-text-align-center\"><em>\u00ab Le taux de conversion de nos concours Qualifio se situe entre 5 et 10 %. Cela signifie que nous gagnons 1 200 \u00e0 2 500 nouveaux abonn\u00e9s \u00e0 notre magazine papier sur 25 000 participations uniques. \u00bb<\/em><\/p>\n<!-- \/wp:paragraph -->\n\n<!-- wp:image {\"lightbox\":{\"enabled\":false},\"id\":2156,\"scale\":\"cover\",\"sizeSlug\":\"full\",\"linkDestination\":\"custom\",\"align\":\"center\"} -->\n<figure class=\"wp-block-image aligncenter size-full\"><a href=\"https:\/\/qualifio.com\/fr\/blog\/nouveaux-abonnes-payants-bonnier-publications\/\"><img loading=\"lazy\" decoding=\"async\" width=\"164\" height=\"26\" src=\"https:\/\/qualifio.com\/wp-content\/uploads\/2021\/12\/logo-bonnier.png\" alt=\"logo-bonnier\" class=\"wp-image-2156\" style=\"object-fit:cover\"\/><\/a><\/figure>\n<!-- \/wp:image --><\/article>    <\/div>    <div class=\"text-slider-slide\">      <article><!-- wp:heading {\"textAlign\":\"center\",\"level\":3,\"style\":{\"color\":{\"text\":\"#fba026\"},\"elements\":{\"link\":{\"color\":{\"text\":\"#fba026\"}}}}} -->\n<h3 class=\"wp-block-heading has-text-align-center has-text-color has-link-color\" id=\"h-10-des-nouveaux-prospects-deviennent-clients\" style=\"color:#fba026\"><strong>10 % des nouveaux prospects deviennent clients<\/strong><\/h3>\n<!-- \/wp:heading -->\n\n<!-- wp:paragraph {\"align\":\"center\"} -->\n<p class=\"has-text-align-center\"><em>\u00ab Nous cherchons \u00e0 cr\u00e9er des campagnes percutantes qui communiquent au maximum avec notre cible via les r\u00e9seaux sociaux et les newsletters. Les jeux que nous cr\u00e9ons chaque mois avec Qualifio nous aident \u00e0 atteindre cet objectif. Nous convertissons 10 % des nouveaux leads Qualifio en acheteurs. \u00bb<\/em><\/p>\n<!-- \/wp:paragraph -->\n\n<!-- wp:image {\"lightbox\":{\"enabled\":false},\"id\":39202,\"width\":\"auto\",\"height\":\"60px\",\"sizeSlug\":\"full\",\"linkDestination\":\"custom\",\"align\":\"center\"} -->\n<figure class=\"wp-block-image aligncenter size-full is-resized\"><a href=\"https:\/\/hello.qualifio.com\/fr\/cas-client-lolaliza\"><img loading=\"lazy\" decoding=\"async\" width=\"287\" height=\"156\" src=\"https:\/\/qualifio.com\/wp-content\/uploads\/2023\/04\/logo-lolaliza.png\" alt=\"logo-lolaliza\" class=\"wp-image-39202\" style=\"width:auto;height:60px\"\/><\/a><\/figure>\n<!-- \/wp:image --><\/article>    <\/div>    <div class=\"text-slider-slide\">      <article><!-- wp:heading {\"textAlign\":\"center\",\"level\":3,\"style\":{\"color\":{\"text\":\"#fba026\"},\"elements\":{\"link\":{\"color\":{\"text\":\"#fba026\"}}}}} -->\n<h3 class=\"wp-block-heading has-text-align-center has-text-color has-link-color\" id=\"h-5-5-millions-d-utilisateurs-touches-en-un-an\" style=\"color:#fba026\"><strong>5,5 millions d\u2019utilisateurs touch\u00e9s en un an<\/strong><\/h3>\n<!-- \/wp:heading -->\n\n<!-- wp:paragraph {\"align\":\"center\"} -->\n<p class=\"has-text-align-center\"><em>\u00ab Avec Qualifio, nous augmentons le nombre de contacts dans notre base et am\u00e9liorons leur qualit\u00e9. Lors du lancement du programme de collecte, notre CRM \u00e9tait \u00e0 0 contact. Aujourd\u2019hui, en Italie, o\u00f9 le premier pilote a d\u00e9marr\u00e9, plus de 50 % de nos contacts proviennent de Qualifio. \u00bb<\/em><\/p>\n<!-- \/wp:paragraph -->\n\n<!-- wp:image {\"lightbox\":{\"enabled\":false},\"id\":4688,\"width\":\"auto\",\"height\":\"30px\",\"sizeSlug\":\"full\",\"linkDestination\":\"custom\",\"align\":\"center\"} -->\n<figure class=\"wp-block-image aligncenter size-full is-resized\"><a href=\"https:\/\/hello.qualifio.com\/fr\/cas-client-loreal\"><img loading=\"lazy\" decoding=\"async\" width=\"398\" height=\"72\" src=\"https:\/\/qualifio.com\/wp-content\/uploads\/2021\/12\/logo_loreal.png\" alt=\"logo_loreal\" class=\"wp-image-4688\" style=\"width:auto;height:30px\" srcset=\"https:\/\/qualifio.com\/wp-content\/uploads\/2021\/12\/logo_loreal.png 398w, https:\/\/qualifio.com\/wp-content\/uploads\/2021\/12\/logo_loreal-300x54.png 300w\" sizes=\"auto, (max-width: 398px) 100vw, 398px\" \/><\/a><\/figure>\n<!-- \/wp:image --><\/article>    <\/div><\/div><div class=\"bcg-img-content\"><img decoding=\"async\" alt=\"background-testimonials\" src=\"https:\/\/qualifio.com\/wp-content\/uploads\/2025\/10\/bg-eva-light-gradient.jpg\"\/><\/div><\/div><\/div><\/div><\/section>\n","protected":false},"excerpt":{"rendered":"<p>Envie de d\u00e9couvrir Qualifio en action ? Planifiez une d\u00e9mo de 30 minutes avec l\u2019un de nos experts pour: Sans engagement, ni pression ! +400 marques utilisent Qualifio dans les FMCG, m\u00e9dias, sport, et autres secteurs<\/p>\n","protected":false},"author":3,"featured_media":0,"parent":0,"menu_order":0,"comment_status":"closed","ping_status":"closed","template":"page-marine.php","meta":{"footnotes":""},"class_list":["post-5059","page","type-page","status-publish","hentry"],"yoast_head":"<!-- This site is optimized with the Yoast SEO Premium plugin v27.5 (Yoast SEO v27.5) - https:\/\/yoast.com\/product\/yoast-seo-premium-wordpress\/ -->\n<title>Demande de d\u00e9mo - Qualifio<\/title>\n<meta name=\"description\" content=\"Envie d\u2019en savoir plus sur nos solutions ? Faites votre demande de d\u00e9mo. Nous vous montrerons comment vous pouvez utiliser Qualifio.\" \/>\n<meta name=\"robots\" content=\"index, follow, max-snippet:-1, max-image-preview:large, max-video-preview:-1\" \/>\n<link rel=\"canonical\" href=\"https:\/\/qualifio.com\/fr\/demande-demo\/\" \/>\n<meta property=\"og:locale\" content=\"fr_FR\" \/>\n<meta property=\"og:type\" content=\"article\" \/>\n<meta property=\"og:title\" content=\"Demande de d\u00e9mo\" \/>\n<meta property=\"og:description\" content=\"Envie d\u2019en savoir plus sur nos solutions ? Faites votre demande de d\u00e9mo. Nous vous montrerons comment vous pouvez utiliser Qualifio.\" \/>\n<meta property=\"og:url\" content=\"https:\/\/qualifio.com\/fr\/demande-demo\/\" \/>\n<meta property=\"og:site_name\" content=\"Qualifio\" \/>\n<meta property=\"article:modified_time\" content=\"2026-02-17T11:58:36+00:00\" \/>\n<meta property=\"og:image\" content=\"https:\/\/qualifio.com\/wp-content\/uploads\/2022\/02\/banner-qualifio-social.png\" \/>\n\t<meta property=\"og:image:width\" content=\"1200\" \/>\n\t<meta property=\"og:image:height\" content=\"627\" \/>\n\t<meta property=\"og:image:type\" content=\"image\/png\" \/>\n<meta name=\"twitter:card\" content=\"summary_large_image\" \/>\n<meta name=\"twitter:label1\" content=\"Dur\u00e9e de lecture estim\u00e9e\" \/>\n\t<meta name=\"twitter:data1\" content=\"3 minutes\" \/>\n<script type=\"application\/ld+json\" class=\"yoast-schema-graph\">{\"@context\":\"https:\\\/\\\/schema.org\",\"@graph\":[{\"@type\":\"WebPage\",\"@id\":\"https:\\\/\\\/qualifio.com\\\/fr\\\/demande-demo\\\/\",\"url\":\"https:\\\/\\\/qualifio.com\\\/fr\\\/demande-demo\\\/\",\"name\":\"Demande de d\u00e9mo - Qualifio\",\"isPartOf\":{\"@id\":\"https:\\\/\\\/qualifio.com\\\/fr\\\/#website\"},\"primaryImageOfPage\":{\"@id\":\"https:\\\/\\\/qualifio.com\\\/fr\\\/demande-demo\\\/#primaryimage\"},\"image\":{\"@id\":\"https:\\\/\\\/qualifio.com\\\/fr\\\/demande-demo\\\/#primaryimage\"},\"thumbnailUrl\":\"https:\\\/\\\/qualifio.com\\\/wp-content\\\/uploads\\\/2025\\\/10\\\/homepage-carousel-global.gif\",\"datePublished\":\"2021-12-05T16:50:55+00:00\",\"dateModified\":\"2026-02-17T11:58:36+00:00\",\"description\":\"Envie d\u2019en savoir plus sur nos solutions ? Faites votre demande de d\u00e9mo. Nous vous montrerons comment vous pouvez utiliser Qualifio.\",\"breadcrumb\":{\"@id\":\"https:\\\/\\\/qualifio.com\\\/fr\\\/demande-demo\\\/#breadcrumb\"},\"inLanguage\":\"fr-FR\",\"potentialAction\":[{\"@type\":\"ReadAction\",\"target\":[\"https:\\\/\\\/qualifio.com\\\/fr\\\/demande-demo\\\/\"]}]},{\"@type\":\"ImageObject\",\"inLanguage\":\"fr-FR\",\"@id\":\"https:\\\/\\\/qualifio.com\\\/fr\\\/demande-demo\\\/#primaryimage\",\"url\":\"https:\\\/\\\/qualifio.com\\\/wp-content\\\/uploads\\\/2025\\\/10\\\/homepage-carousel-global.gif\",\"contentUrl\":\"https:\\\/\\\/qualifio.com\\\/wp-content\\\/uploads\\\/2025\\\/10\\\/homepage-carousel-global.gif\"},{\"@type\":\"BreadcrumbList\",\"@id\":\"https:\\\/\\\/qualifio.com\\\/fr\\\/demande-demo\\\/#breadcrumb\",\"itemListElement\":[{\"@type\":\"ListItem\",\"position\":1,\"name\":\"Home\",\"item\":\"https:\\\/\\\/qualifio.com\\\/fr\\\/\"},{\"@type\":\"ListItem\",\"position\":2,\"name\":\"Demande de d\u00e9mo\"}]},{\"@type\":\"WebSite\",\"@id\":\"https:\\\/\\\/qualifio.com\\\/fr\\\/#website\",\"url\":\"https:\\\/\\\/qualifio.com\\\/fr\\\/\",\"name\":\"Qualifio\",\"description\":\"Un site utilisant WordPress\",\"publisher\":{\"@id\":\"https:\\\/\\\/qualifio.com\\\/fr\\\/#organization\"},\"potentialAction\":[{\"@type\":\"SearchAction\",\"target\":{\"@type\":\"EntryPoint\",\"urlTemplate\":\"https:\\\/\\\/qualifio.com\\\/fr\\\/?s={search_term_string}\"},\"query-input\":{\"@type\":\"PropertyValueSpecification\",\"valueRequired\":true,\"valueName\":\"search_term_string\"}}],\"inLanguage\":\"fr-FR\"},{\"@type\":\"Organization\",\"@id\":\"https:\\\/\\\/qualifio.com\\\/fr\\\/#organization\",\"name\":\"Qualifio\",\"url\":\"https:\\\/\\\/qualifio.com\\\/fr\\\/\",\"logo\":{\"@type\":\"ImageObject\",\"inLanguage\":\"fr-FR\",\"@id\":\"https:\\\/\\\/qualifio.com\\\/fr\\\/#\\\/schema\\\/logo\\\/image\\\/\",\"url\":\"https:\\\/\\\/qualifio.com\\\/wp-content\\\/uploads\\\/2022\\\/06\\\/banner-blog-news-simple.png\",\"contentUrl\":\"https:\\\/\\\/qualifio.com\\\/wp-content\\\/uploads\\\/2022\\\/06\\\/banner-blog-news-simple.png\",\"width\":460,\"height\":240,\"caption\":\"Qualifio\"},\"image\":{\"@id\":\"https:\\\/\\\/qualifio.com\\\/fr\\\/#\\\/schema\\\/logo\\\/image\\\/\"}}]}<\/script>\n<!-- \/ Yoast SEO Premium plugin. -->","yoast_head_json":{"title":"Demande de d\u00e9mo - Qualifio","description":"Envie d\u2019en savoir plus sur nos solutions ? Faites votre demande de d\u00e9mo. Nous vous montrerons comment vous pouvez utiliser Qualifio.","robots":{"index":"index","follow":"follow","max-snippet":"max-snippet:-1","max-image-preview":"max-image-preview:large","max-video-preview":"max-video-preview:-1"},"canonical":"https:\/\/qualifio.com\/fr\/demande-demo\/","og_locale":"fr_FR","og_type":"article","og_title":"Demande de d\u00e9mo","og_description":"Envie d\u2019en savoir plus sur nos solutions ? Faites votre demande de d\u00e9mo. Nous vous montrerons comment vous pouvez utiliser Qualifio.","og_url":"https:\/\/qualifio.com\/fr\/demande-demo\/","og_site_name":"Qualifio","article_modified_time":"2026-02-17T11:58:36+00:00","og_image":[{"width":1200,"height":627,"url":"https:\/\/qualifio.com\/wp-content\/uploads\/2022\/02\/banner-qualifio-social.png","type":"image\/png"}],"twitter_card":"summary_large_image","twitter_misc":{"Dur\u00e9e de lecture estim\u00e9e":"3 minutes"},"schema":{"@context":"https:\/\/schema.org","@graph":[{"@type":"WebPage","@id":"https:\/\/qualifio.com\/fr\/demande-demo\/","url":"https:\/\/qualifio.com\/fr\/demande-demo\/","name":"Demande de d\u00e9mo - Qualifio","isPartOf":{"@id":"https:\/\/qualifio.com\/fr\/#website"},"primaryImageOfPage":{"@id":"https:\/\/qualifio.com\/fr\/demande-demo\/#primaryimage"},"image":{"@id":"https:\/\/qualifio.com\/fr\/demande-demo\/#primaryimage"},"thumbnailUrl":"https:\/\/qualifio.com\/wp-content\/uploads\/2025\/10\/homepage-carousel-global.gif","datePublished":"2021-12-05T16:50:55+00:00","dateModified":"2026-02-17T11:58:36+00:00","description":"Envie d\u2019en savoir plus sur nos solutions ? Faites votre demande de d\u00e9mo. Nous vous montrerons comment vous pouvez utiliser Qualifio.","breadcrumb":{"@id":"https:\/\/qualifio.com\/fr\/demande-demo\/#breadcrumb"},"inLanguage":"fr-FR","potentialAction":[{"@type":"ReadAction","target":["https:\/\/qualifio.com\/fr\/demande-demo\/"]}]},{"@type":"ImageObject","inLanguage":"fr-FR","@id":"https:\/\/qualifio.com\/fr\/demande-demo\/#primaryimage","url":"https:\/\/qualifio.com\/wp-content\/uploads\/2025\/10\/homepage-carousel-global.gif","contentUrl":"https:\/\/qualifio.com\/wp-content\/uploads\/2025\/10\/homepage-carousel-global.gif"},{"@type":"BreadcrumbList","@id":"https:\/\/qualifio.com\/fr\/demande-demo\/#breadcrumb","itemListElement":[{"@type":"ListItem","position":1,"name":"Home","item":"https:\/\/qualifio.com\/fr\/"},{"@type":"ListItem","position":2,"name":"Demande de d\u00e9mo"}]},{"@type":"WebSite","@id":"https:\/\/qualifio.com\/fr\/#website","url":"https:\/\/qualifio.com\/fr\/","name":"Qualifio","description":"Un site utilisant WordPress","publisher":{"@id":"https:\/\/qualifio.com\/fr\/#organization"},"potentialAction":[{"@type":"SearchAction","target":{"@type":"EntryPoint","urlTemplate":"https:\/\/qualifio.com\/fr\/?s={search_term_string}"},"query-input":{"@type":"PropertyValueSpecification","valueRequired":true,"valueName":"search_term_string"}}],"inLanguage":"fr-FR"},{"@type":"Organization","@id":"https:\/\/qualifio.com\/fr\/#organization","name":"Qualifio","url":"https:\/\/qualifio.com\/fr\/","logo":{"@type":"ImageObject","inLanguage":"fr-FR","@id":"https:\/\/qualifio.com\/fr\/#\/schema\/logo\/image\/","url":"https:\/\/qualifio.com\/wp-content\/uploads\/2022\/06\/banner-blog-news-simple.png","contentUrl":"https:\/\/qualifio.com\/wp-content\/uploads\/2022\/06\/banner-blog-news-simple.png","width":460,"height":240,"caption":"Qualifio"},"image":{"@id":"https:\/\/qualifio.com\/fr\/#\/schema\/logo\/image\/"}}]}},"_links":{"self":[{"href":"https:\/\/qualifio.com\/fr\/wp-json\/wp\/v2\/pages\/5059","targetHints":{"allow":["GET"]}}],"collection":[{"href":"https:\/\/qualifio.com\/fr\/wp-json\/wp\/v2\/pages"}],"about":[{"href":"https:\/\/qualifio.com\/fr\/wp-json\/wp\/v2\/types\/page"}],"author":[{"embeddable":true,"href":"https:\/\/qualifio.com\/fr\/wp-json\/wp\/v2\/users\/3"}],"replies":[{"embeddable":true,"href":"https:\/\/qualifio.com\/fr\/wp-json\/wp\/v2\/comments?post=5059"}],"version-history":[{"count":0,"href":"https:\/\/qualifio.com\/fr\/wp-json\/wp\/v2\/pages\/5059\/revisions"}],"wp:attachment":[{"href":"https:\/\/qualifio.com\/fr\/wp-json\/wp\/v2\/media?parent=5059"}],"curies":[{"name":"wp","href":"https:\/\/api.w.org\/{rel}","templated":true}]}}