{"id":4979,"date":"2021-12-05T16:14:55","date_gmt":"2021-12-05T15:14:55","guid":{"rendered":"https:\/\/qualifio.com\/?page_id=4979"},"modified":"2021-12-05T17:58:29","modified_gmt":"2021-12-05T16:58:29","slug":"webinaires","status":"publish","type":"page","link":"https:\/\/qualifio.com\/fr\/webinaires\/","title":{"rendered":"Webinaires"},"content":{"rendered":"\n<section class=\"wp-block-fidelo-page-header main-top-page animation\" data-blockstyle=\"animation\"><div class=\"top-page wrapper-max\"><div class=\"top-page-illustration\"><div class=\"\" id=\"lottie-webinar\"><\/div><\/div><div class=\"top-page-description\">\n<h1 class=\"has-text-align-left wp-block-heading\">Webinaires<\/h1>\n\n\n\n<p class=\"has-text-align-left\">Regardez nos pr\u00e9c\u00e9dents webinaires et apprenez-en davantage sur Qualifio.<\/p>\n<\/div><\/div><\/section>\n\n\n\n<section class=\"wp-block-fidelo-webinars\" data-block-style=\"bg-light-grey\"><div class=\"wrapper-max\"><div class=\"filters-container align-center\" class=\"cbp-l-filters-button\"><div class=\"filters-content\"><div data-filter=\"*\" class=\"cbp-filter-item-active cbp-filter-item\">Tous<\/div><div data-filter=\"data-collection-fr\" class=\"cbp-filter-item\">Collecte de donn\u00e9es<\/div><div data-filter=\"conversion-fr\" class=\"cbp-filter-item\">Conversion<\/div><div data-filter=\"engagement-fr\" class=\"cbp-filter-item\">Engagement<\/div><div data-filter=\"loyalty-fr\" class=\"cbp-filter-item\">Fid\u00e9lisation<\/div><div data-filter=\"inspiration-fr\" class=\"cbp-filter-item\">Inspiration<\/div><div data-filter=\"legal-gdpr-fr\" class=\"cbp-filter-item\">L\u00e9gal &amp; RGPD<\/div><div data-filter=\"product-fr\" class=\"cbp-filter-item\">Produit<\/div><div data-filter=\"segmentation-fr\" class=\"cbp-filter-item\">Segmentation<\/div><\/div><\/div>\t<div class=\"container-cards cards-showcase \">\t<div class=\"card cbp-item is-animated\" data-categories=\"\">\t\t<img decoding=\"async\" src=\"https:\/\/qualifio.com\/wp-content\/uploads\/2026\/01\/banner-webinar-product-november-2025-FR.png\" alt=\"\">\t\t<article>\t\t\t<h3>Nouveaut\u00e9s produit \u2013 Nov. 2025<\/h3>\t\t\t<p><!-- wp:paragraph -->\n<p>Statistiques globales sur les campagnes et les comptes, catalogues produits int\u00e9gr\u00e9s aux campagnes, et bien plus encore !<\/p>\n<!-- \/wp:paragraph -->\n\n<!-- wp:buttons -->\n<div class=\"wp-block-buttons\"><!-- wp:button -->\n<div class=\"wp-block-button\"><a class=\"wp-block-button__link wp-element-button\" href=\"https:\/\/hello.qualifio.com\/fr\/nouveaute-produit-webinaire-nov-2025-inscription\">Voir<\/a><\/div>\n<!-- \/wp:button --><\/div>\n<!-- \/wp:buttons --><\/p>\t\t<\/article>\t<\/div>\t<div class=\"card cbp-item is-animated\" data-categories=\"data-collection-fr;engagement-fr;loyalty-fr;segmentation-fr\">\t\t<img decoding=\"async\" src=\"https:\/\/qualifio.com\/wp-content\/uploads\/2025\/05\/banner_webinar_rtbf_2025_FR.png\" alt=\"\">\t\t<article>\t\t\t<h3>La strat\u00e9gie CRM de la RTBF<\/h3>\t\t\t<p><!-- wp:paragraph -->\n<p>Comment la RTBF booste l'engagement et la fid\u00e9lit\u00e9 gr\u00e2ce aux campagnes Qualifio et \u00e0 un programme de r\u00e9compenses.<\/p>\n<!-- \/wp:paragraph -->\n\n<!-- wp:buttons -->\n<div class=\"wp-block-buttons\"><!-- wp:button -->\n<div class=\"wp-block-button\"><a class=\"wp-block-button__link wp-element-button\" href=\"https:\/\/hello.qualifio.com\/fr\/webinaire-rtbf-qualifio\">Voir<\/a><\/div>\n<!-- \/wp:button --><\/div>\n<!-- \/wp:buttons -->\n\n<!-- wp:paragraph -->\n<p><\/p>\n<!-- \/wp:paragraph --><\/p>\t\t<\/article>\t<\/div>\t<div class=\"card cbp-item is-animated\" data-categories=\"product-fr\">\t\t<img decoding=\"async\" src=\"https:\/\/qualifio.com\/wp-content\/uploads\/2025\/06\/banner_webinar_product_june2025_FR.png\" alt=\"\">\t\t<article>\t\t\t<h3>Nouveaut\u00e9s produit \u2013 Juin 2025<\/h3>\t\t\t<p><!-- wp:paragraph -->\n<p>Nouveaux formats gamifi\u00e9s, am\u00e9liorations de l'accessibilit\u00e9, galeries de campagnes, play hubs, et bien plus encore !<\/p>\n<!-- \/wp:paragraph -->\n\n<!-- wp:buttons -->\n<div class=\"wp-block-buttons\"><!-- wp:button -->\n<div class=\"wp-block-button\"><a class=\"wp-block-button__link wp-element-button\" href=\"https:\/\/hello.qualifio.com\/fr\/nouveaut%C3%A9s-produit-webinar-qualifio-juin-2025\">Voir<\/a><\/div>\n<!-- \/wp:button --><\/div>\n<!-- \/wp:buttons --><\/p>\t\t<\/article>\t<\/div>\t<div class=\"card cbp-item is-animated\" data-categories=\"data-collection-fr;engagement-fr;segmentation-fr\">\t\t<img decoding=\"async\" src=\"https:\/\/qualifio.com\/wp-content\/uploads\/2025\/05\/banner-webinar-groupe-seb-FR.png\" alt=\"\">\t\t<article>\t\t\t<h3>Groupe SEB<\/h3>\t\t\t<p><!-- wp:paragraph -->\n<p>Engagement, qualification et personnalisation : les 3 piliers de la strat\u00e9gie marketing du Groupe SEB<\/p>\n<!-- \/wp:paragraph -->\n\n<!-- wp:buttons -->\n<div class=\"wp-block-buttons\"><!-- wp:button -->\n<div class=\"wp-block-button\"><a class=\"wp-block-button__link wp-element-button\" href=\"https:\/\/www.youtube.com\/watch?v=ZqMKHb7zpAU\" target=\"_blank\" rel=\"noreferrer noopener\">Voir<\/a><\/div>\n<!-- \/wp:button --><\/div>\n<!-- \/wp:buttons --><\/p>\t\t<\/article>\t<\/div>\t<div class=\"card cbp-item is-animated\" data-categories=\"engagement-fr;loyalty-fr;inspiration-fr\">\t\t<img decoding=\"async\" src=\"https:\/\/qualifio.com\/wp-content\/uploads\/2025\/02\/banner_webinar_valentines_2025_FR-1.png\" alt=\"\">\t\t<article>\t\t\t<h3>Inspiration Saint-Valentin<\/h3>\t\t\t<p><!-- wp:paragraph -->\n<p>Comment tirer parti des opportunit\u00e9s de la Saint-Valentin pour renforcer les connexions et booster les ventes ?<\/p>\n<!-- \/wp:paragraph -->\n\n<!-- wp:buttons -->\n<div class=\"wp-block-buttons\"><!-- wp:button -->\n<div class=\"wp-block-button\"><a class=\"wp-block-button__link wp-element-button\" href=\"https:\/\/www.youtube.com\/watch?v=RR0Yp9SfbU0\" target=\"_blank\" rel=\"noreferrer noopener\">Voir<\/a><\/div>\n<!-- \/wp:button --><\/div>\n<!-- \/wp:buttons --><\/p>\t\t<\/article>\t<\/div>\t<div class=\"card cbp-item is-animated\" data-categories=\"product-fr\">\t\t<img decoding=\"async\" src=\"https:\/\/qualifio.com\/wp-content\/uploads\/2025\/02\/banner_webinar_december_2024_FR-1-1024x534.png\" alt=\"\">\t\t<article>\t\t\t<h3>Nouveaut\u00e9s produit \u2013 D\u00e9c. 2024<\/h3>\t\t\t<p><!-- wp:paragraph -->\n<p>Valitation des donn\u00e9es, biblioth\u00e8que multim\u00e9dia am\u00e9lior\u00e9e, les organisations sur Qualifio, et plus encore.<\/p>\n<!-- \/wp:paragraph -->\n\n<!-- wp:buttons -->\n<div class=\"wp-block-buttons\"><!-- wp:button -->\n<div class=\"wp-block-button\"><a class=\"wp-block-button__link wp-element-button\" href=\"https:\/\/www.youtube.com\/watch?v=PSIXaMX-L9U\" target=\"_blank\" rel=\"noreferrer noopener\">Voir<\/a><\/div>\n<!-- \/wp:button --><\/div>\n<!-- \/wp:buttons --><\/p>\t\t<\/article>\t<\/div>\t<div class=\"card cbp-item is-animated\" data-categories=\"product-fr\">\t\t<img decoding=\"async\" src=\"https:\/\/qualifio.com\/wp-content\/uploads\/2024\/05\/banner_webinar_2024_FR-1024x534.png\" alt=\"\">\t\t<article>\t\t\t<h3>Nouveaut\u00e9s produit \u2013 Mai 2024<\/h3>\t\t\t<p><!-- wp:paragraph -->\n<p>Limitation de participation, dynamiques de quiz mises \u00e0 jour, derni\u00e8res fonctionnalit\u00e9s Plus, et plus encore.<\/p>\n<!-- \/wp:paragraph -->\n\n<!-- wp:buttons -->\n<div class=\"wp-block-buttons\"><!-- wp:button -->\n<div class=\"wp-block-button\"><a class=\"wp-block-button__link wp-element-button\" href=\"https:\/\/www.youtube.com\/watch?v=2lhpvWSOlLo\">Voir<\/a><\/div>\n<!-- \/wp:button --><\/div>\n<!-- \/wp:buttons --><\/p>\t\t<\/article>\t<\/div>\t<div class=\"card cbp-item is-animated\" data-categories=\"inspiration-fr\">\t\t<img decoding=\"async\" src=\"https:\/\/qualifio.com\/wp-content\/uploads\/2024\/05\/banner_studio_webinar_2023_FR-1-1024x534.png\" alt=\"\">\t\t<article>\t\t\t<h3>Marketing de No\u00ebl<\/h3>\t\t\t<p><!-- wp:paragraph -->\n<p>D\u00e9couvrez les opportunit\u00e9s marketing de No\u00ebl dans les m\u00e9dias et les campagnes pour les exploiter.<\/p>\n<!-- \/wp:paragraph -->\n\n<!-- wp:buttons -->\n<div class=\"wp-block-buttons\"><!-- wp:button -->\n<div class=\"wp-block-button\"><a class=\"wp-block-button__link wp-element-button\" href=\"https:\/\/youtu.be\/4Lm0eKKbZk8?si=AkgzN9RGB0nJYMvX&amp;t=1\" target=\"_blank\" rel=\"noreferrer noopener\">Voir<\/a><\/div>\n<!-- \/wp:button --><\/div>\n<!-- \/wp:buttons -->\n\n<!-- wp:paragraph -->\n<p><\/p>\n<!-- \/wp:paragraph --><\/p>\t\t<\/article>\t<\/div>\t<div class=\"card cbp-item is-animated\" data-categories=\"product-fr\">\t\t<img decoding=\"async\" src=\"https:\/\/qualifio.com\/wp-content\/uploads\/2023\/10\/banner_product_webinar_2023_FR.png\" alt=\"\">\t\t<article>\t\t\t<h3>Mise \u00e0 jour produit 2023<\/h3>\t\t\t<p><!-- wp:paragraph -->\n<p>Rapports d'opt-ins, nouveaux formats avanc\u00e9s, l'intelligence artificielle, la nouvelle interface de Qualifio, et plus. <\/p>\n<!-- \/wp:paragraph -->\n\n<!-- wp:buttons -->\n<div class=\"wp-block-buttons\"><!-- wp:button -->\n<div class=\"wp-block-button\"><a class=\"wp-block-button__link wp-element-button\" href=\"https:\/\/youtu.be\/CD_c-wiIVWQ\" target=\"_blank\" rel=\"noreferrer noopener\">Voir<\/a><\/div>\n<!-- \/wp:button --><\/div>\n<!-- \/wp:buttons --><\/p>\t\t<\/article>\t<\/div>\t<div class=\"card cbp-item is-animated\" data-categories=\"product-fr\">\t\t<img decoding=\"async\" src=\"https:\/\/qualifio.com\/wp-content\/uploads\/2023\/02\/banner_webinar_product_automn_2022_FR.png\" alt=\"\">\t\t<article>\t\t\t<h3>Nouveaut\u00e9s de l&rsquo;automne 2022<\/h3>\t\t\t<p><!-- wp:paragraph -->\n<p>Nouvelle Biblioth\u00e8que de tags, webhooks pour les programmes de fid\u00e9lit\u00e9, formats avanc\u00e9s et plus.<\/p>\n<!-- \/wp:paragraph -->\n\n<!-- wp:buttons -->\n<div class=\"wp-block-buttons\"><!-- wp:button -->\n<div class=\"wp-block-button\"><a class=\"wp-block-button__link wp-element-button\" href=\"https:\/\/www.youtube.com\/watch?v=kr6s4FT62mg\" target=\"_blank\" rel=\"noreferrer noopener\">Voir<\/a><\/div>\n<!-- \/wp:button --><\/div>\n<!-- \/wp:buttons --><\/p>\t\t<\/article>\t<\/div>\t<div class=\"card cbp-item is-animated\" data-categories=\"engagement-fr;loyalty-fr;inspiration-fr\">\t\t<img decoding=\"async\" src=\"https:\/\/qualifio.com\/wp-content\/uploads\/2022\/09\/banner_webinar_inspirational_thursdays_10_FR.png\" alt=\"\">\t\t<article>\t\t\t<h3>Inspirational Thursdays #10<\/h3>\t\t\t<p><!-- wp:paragraph -->\n<p>Votre marketing est-il pr\u00eat pour la plus grande comp\u00e9tition de football de 2022 ? Inspirez-vous !<\/p>\n<!-- \/wp:paragraph -->\n\n<!-- wp:buttons -->\n<div class=\"wp-block-buttons\"><!-- wp:button -->\n<div class=\"wp-block-button\"><a class=\"wp-block-button__link wp-element-button\" href=\"https:\/\/www.youtube.com\/watch?v=-V9WIN4zsUI\" target=\"_blank\" rel=\"noreferrer noopener\">Voir<\/a><\/div>\n<!-- \/wp:button --><\/div>\n<!-- \/wp:buttons --><\/p>\t\t<\/article>\t<\/div>\t<div class=\"card cbp-item is-animated\" data-categories=\"engagement-fr;inspiration-fr\">\t\t<img decoding=\"async\" src=\"https:\/\/qualifio.com\/wp-content\/uploads\/2022\/09\/banner_webinar_inspirational_thursdays_9_FR.png\" alt=\"\">\t\t<article>\t\t\t<h3>Inspirational Thursdays #9<\/h3>\t\t\t<p><!-- wp:paragraph -->\n<p>Les formats interactifs que vous devriez tester cet \u00e9t\u00e9 pour attirer l\u2019attention de votre audience.<\/p>\n<!-- \/wp:paragraph -->\n\n<!-- wp:buttons -->\n<div class=\"wp-block-buttons\"><!-- wp:button -->\n<div class=\"wp-block-button\"><a class=\"wp-block-button__link wp-element-button\" href=\"https:\/\/www.youtube.com\/watch?v=u1p1aI1fR3I\">Voir<\/a><\/div>\n<!-- \/wp:button --><\/div>\n<!-- \/wp:buttons --><\/p>\t\t<\/article>\t<\/div>\t<div class=\"card cbp-item is-animated\" data-categories=\"product-fr\">\t\t<img decoding=\"async\" src=\"https:\/\/qualifio.com\/wp-content\/uploads\/2022\/06\/banner_webinar_product_spring_2022_FR.png\" alt=\"\">\t\t<article>\t\t\t<h3>Nouveaut\u00e9s du printemps 2022<\/h3>\t\t\t<p><!-- wp:paragraph -->\n<p>Les nouvelles fonctionnalit\u00e9s de gestion des lots et les \u00e9volutions en mati\u00e8re d'instants gagnants.<\/p>\n<!-- \/wp:paragraph -->\n\n<!-- wp:buttons -->\n<div class=\"wp-block-buttons\"><!-- wp:button -->\n<div class=\"wp-block-button\"><a class=\"wp-block-button__link wp-element-button\" href=\"https:\/\/www.youtube.com\/watch?v=Y_tLxmHtk34&amp;t=1s\" target=\"_blank\" rel=\"noreferrer noopener\">Voir<\/a><\/div>\n<!-- \/wp:button --><\/div>\n<!-- \/wp:buttons --><\/p>\t\t<\/article>\t<\/div>\t<div class=\"card cbp-item is-animated\" data-categories=\"engagement-fr\">\t\t<img decoding=\"async\" src=\"https:\/\/qualifio.com\/wp-content\/uploads\/2022\/05\/banner_webinar_inspirational_thursdays_8_FR.png\" alt=\"\">\t\t<article>\t\t\t<h3>Inspirational Thursdays #8<\/h3>\t\t\t<p><!-- wp:paragraph -->\n<p>Comment utiliser les jeux de Qualifio pour mieux engager et conna\u00eetre votre communaut\u00e9 ?<\/p>\n<!-- \/wp:paragraph -->\n\n<!-- wp:buttons -->\n<div class=\"wp-block-buttons\"><!-- wp:button -->\n<div class=\"wp-block-button\"><a class=\"wp-block-button__link wp-element-button\" href=\"https:\/\/www.youtube.com\/watch?v=W7UEkx0ooqw\" target=\"_blank\" rel=\"noreferrer noopener\">Voir<\/a><\/div>\n<!-- \/wp:button --><\/div>\n<!-- \/wp:buttons --><\/p>\t\t<\/article>\t<\/div>\t<div class=\"card cbp-item is-animated\" data-categories=\"data-collection-fr;conversion-fr;engagement-fr\">\t\t<img decoding=\"async\" src=\"https:\/\/qualifio.com\/wp-content\/uploads\/2021\/12\/banner_webinar_conversion_FR.png\" alt=\"\">\t\t<article>\t\t\t<h3>Conversion<\/h3>\t\t\t<p><!-- wp:paragraph -->\n<p>D\u00e9couvrez comment de grandes marques engagent leurs audiences \u00e0 chaque \u00e9tape du cycle de vente.<\/p>\n<!-- \/wp:paragraph -->\n\n<!-- wp:buttons -->\n<div class=\"wp-block-buttons\"><!-- wp:button -->\n<div class=\"wp-block-button\"><a class=\"wp-block-button__link wp-element-button\" href=\"https:\/\/www.youtube.com\/watch?v=YhI9oA9J6h8\" target=\"_blank\" rel=\"noreferrer noopener\">Voir<\/a><\/div>\n<!-- \/wp:button --><\/div>\n<!-- \/wp:buttons --><\/p>\t\t<\/article>\t<\/div>\t<div class=\"card cbp-item is-animated\" data-categories=\"engagement-fr;loyalty-fr\">\t\t<img decoding=\"async\" src=\"https:\/\/qualifio.com\/wp-content\/uploads\/2022\/05\/banner_webinar_inspirational_thursdays_7_FR.png\" alt=\"\">\t\t<article>\t\t\t<h3>Inspirational Thursdays #7<\/h3>\t\t\t<p><!-- wp:paragraph -->\n<p>Comment augmenter la fid\u00e9lisation et la r\u00e9tention client avec Qualifio Engage ?<\/p>\n<!-- \/wp:paragraph -->\n\n<!-- wp:buttons -->\n<div class=\"wp-block-buttons\"><!-- wp:button -->\n<div class=\"wp-block-button\"><a class=\"wp-block-button__link wp-element-button\" href=\"https:\/\/www.youtube.com\/watch?v=dBY002AuUKo&amp;t=1s\" target=\"_blank\" rel=\"noreferrer noopener\">Voir<\/a><\/div>\n<!-- \/wp:button --><\/div>\n<!-- \/wp:buttons --><\/p>\t\t<\/article>\t<\/div>\t<div class=\"card cbp-item is-animated\" data-categories=\"data-collection-fr;conversion-fr;engagement-fr\">\t\t<img decoding=\"async\" src=\"https:\/\/qualifio.com\/wp-content\/uploads\/2021\/12\/banner_webinar_kpi_FR.png\" alt=\"\">\t\t<article>\t\t\t<h3>KPIs &#038; ROI<\/h3>\t\t\t<p><!-- wp:paragraph -->\n<p>Comment am\u00e9liorer vos KPIs et booster votre ROI gr\u00e2ce au marketing interactif ?<\/p>\n<!-- \/wp:paragraph -->\n\n<!-- wp:buttons -->\n<div class=\"wp-block-buttons\"><!-- wp:button -->\n<div class=\"wp-block-button\"><a class=\"wp-block-button__link wp-element-button\" href=\"https:\/\/www.youtube.com\/watch?v=OOQhFchlk1E\" target=\"_blank\" rel=\"noreferrer noopener\">Voir<\/a><\/div>\n<!-- \/wp:button --><\/div>\n<!-- \/wp:buttons --><\/p>\t\t<\/article>\t<\/div>\t<div class=\"card cbp-item is-animated\" data-categories=\"data-collection-fr;conversion-fr;engagement-fr;loyalty-fr;segmentation-fr\">\t\t<img decoding=\"async\" src=\"https:\/\/qualifio.com\/wp-content\/uploads\/2021\/12\/banner_webinar_fmcg_FR.png\" alt=\"\">\t\t<article>\t\t\t<h3>Marques FMCG<\/h3>\t\t\t<p><!-- wp:paragraph -->\n<p>Pourquoi les marques FMCG misent sur le marketing interactif ?<\/p>\n<!-- \/wp:paragraph -->\n\n<!-- wp:buttons -->\n<div class=\"wp-block-buttons\"><!-- wp:button -->\n<div class=\"wp-block-button\"><a class=\"wp-block-button__link wp-element-button\" href=\"https:\/\/www.youtube.com\/watch?v=3x_5jh4tmTo\">Voir<\/a><\/div>\n<!-- \/wp:button --><\/div>\n<!-- \/wp:buttons -->\n\n<!-- wp:paragraph -->\n<p><\/p>\n<!-- \/wp:paragraph --><\/p>\t\t<\/article>\t<\/div>\t<div class=\"card cbp-item is-animated\" data-categories=\"data-collection-fr;legal-gdpr-fr\">\t\t<img decoding=\"async\" src=\"https:\/\/qualifio.com\/wp-content\/uploads\/2021\/12\/webinar-rgpd.png\" alt=\"\">\t\t<article>\t\t\t<h3>RGPD &amp; questions<\/h3>\t\t\t<p><!-- wp:paragraph -->\n<p>Les questions que vous vous posez toujours apr\u00e8s 1 an.<\/p>\n<!-- \/wp:paragraph -->\n\n<!-- wp:buttons -->\n<div class=\"wp-block-buttons\"><!-- wp:button -->\n<div class=\"wp-block-button\"><a class=\"wp-block-button__link wp-element-button\" href=\"https:\/\/www.youtube.com\/watch?v=i5NnOD7ApzQ\" target=\"_blank\" rel=\"noreferrer noopener\">Voir<\/a><\/div>\n<!-- \/wp:button --><\/div>\n<!-- \/wp:buttons --><\/p>\t\t<\/article>\t<\/div>\t<div class=\"card cbp-item is-animated\" data-categories=\"data-collection-fr;legal-gdpr-fr\">\t\t<img decoding=\"async\" src=\"https:\/\/qualifio.com\/wp-content\/uploads\/2022\/04\/banner_webinar_gdpr_toolbox_FR.png\" alt=\"\">\t\t<article>\t\t\t<h3>Bo\u00eete \u00e0 outils RGPD<\/h3>\t\t\t<p><!-- wp:paragraph -->\n<p>Nos fonctionnalit\u00e9s pour collecter des donn\u00e9es en conformit\u00e9 avec le RGPD.<\/p>\n<!-- \/wp:paragraph -->\n\n<!-- wp:buttons -->\n<div class=\"wp-block-buttons\"><!-- wp:button -->\n<div class=\"wp-block-button\"><a class=\"wp-block-button__link wp-element-button\" href=\"https:\/\/www.youtube.com\/watch?v=_4H-docck80\" target=\"_blank\" rel=\"noreferrer noopener\">Voir<\/a><\/div>\n<!-- \/wp:button --><\/div>\n<!-- \/wp:buttons --><\/p>\t\t<\/article>\t<\/div><\/div><\/div><\/section>\n","protected":false},"excerpt":{"rendered":"","protected":false},"author":3,"featured_media":0,"parent":0,"menu_order":0,"comment_status":"closed","ping_status":"closed","template":"","meta":{"footnotes":""},"class_list":["post-4979","page","type-page","status-publish","hentry"],"yoast_head":"<!-- This site is optimized with the Yoast SEO Premium plugin v27.4 (Yoast SEO v27.4) - https:\/\/yoast.com\/product\/yoast-seo-premium-wordpress\/ -->\n<title>Webinaires - Qualifio<\/title>\n<meta name=\"description\" content=\"Regardez nos pr\u00e9c\u00e9dents webinaires et apprenez-en davantage sur Qualifio. Marketing interactif, collecte de donn\u00e9es, fid\u00e9lisation, engagement.\" \/>\n<meta name=\"robots\" content=\"index, follow, max-snippet:-1, max-image-preview:large, max-video-preview:-1\" \/>\n<link rel=\"canonical\" href=\"https:\/\/qualifio.com\/fr\/webinaires\/\" \/>\n<meta property=\"og:locale\" content=\"fr_FR\" \/>\n<meta property=\"og:type\" content=\"article\" \/>\n<meta property=\"og:title\" content=\"Webinaires\" \/>\n<meta property=\"og:description\" content=\"Regardez nos pr\u00e9c\u00e9dents webinaires et apprenez-en davantage sur Qualifio. Marketing interactif, collecte de donn\u00e9es, fid\u00e9lisation, engagement.\" \/>\n<meta property=\"og:url\" content=\"https:\/\/qualifio.com\/fr\/webinaires\/\" \/>\n<meta property=\"og:site_name\" content=\"Qualifio\" \/>\n<meta property=\"article:modified_time\" content=\"2021-12-05T16:58:29+00:00\" \/>\n<meta property=\"og:image\" content=\"https:\/\/qualifio.com\/wp-content\/uploads\/2022\/02\/banner-qualifio-social.png\" \/>\n\t<meta property=\"og:image:width\" content=\"1200\" \/>\n\t<meta property=\"og:image:height\" content=\"627\" \/>\n\t<meta property=\"og:image:type\" content=\"image\/png\" \/>\n<meta name=\"twitter:card\" content=\"summary_large_image\" \/>\n<meta name=\"twitter:label1\" content=\"Dur\u00e9e de lecture estim\u00e9e\" \/>\n\t<meta name=\"twitter:data1\" content=\"1 minute\" \/>\n<script type=\"application\/ld+json\" class=\"yoast-schema-graph\">{\"@context\":\"https:\\\/\\\/schema.org\",\"@graph\":[{\"@type\":\"WebPage\",\"@id\":\"https:\\\/\\\/qualifio.com\\\/fr\\\/webinaires\\\/\",\"url\":\"https:\\\/\\\/qualifio.com\\\/fr\\\/webinaires\\\/\",\"name\":\"Webinaires - Qualifio\",\"isPartOf\":{\"@id\":\"https:\\\/\\\/qualifio.com\\\/fr\\\/#website\"},\"datePublished\":\"2021-12-05T15:14:55+00:00\",\"dateModified\":\"2021-12-05T16:58:29+00:00\",\"description\":\"Regardez nos pr\u00e9c\u00e9dents webinaires et apprenez-en davantage sur Qualifio. Marketing interactif, collecte de donn\u00e9es, fid\u00e9lisation, engagement.\",\"breadcrumb\":{\"@id\":\"https:\\\/\\\/qualifio.com\\\/fr\\\/webinaires\\\/#breadcrumb\"},\"inLanguage\":\"fr-FR\",\"potentialAction\":[{\"@type\":\"ReadAction\",\"target\":[\"https:\\\/\\\/qualifio.com\\\/fr\\\/webinaires\\\/\"]}]},{\"@type\":\"BreadcrumbList\",\"@id\":\"https:\\\/\\\/qualifio.com\\\/fr\\\/webinaires\\\/#breadcrumb\",\"itemListElement\":[{\"@type\":\"ListItem\",\"position\":1,\"name\":\"Home\",\"item\":\"https:\\\/\\\/qualifio.com\\\/fr\\\/\"},{\"@type\":\"ListItem\",\"position\":2,\"name\":\"Webinaires\"}]},{\"@type\":\"WebSite\",\"@id\":\"https:\\\/\\\/qualifio.com\\\/fr\\\/#website\",\"url\":\"https:\\\/\\\/qualifio.com\\\/fr\\\/\",\"name\":\"Qualifio\",\"description\":\"Un site utilisant WordPress\",\"publisher\":{\"@id\":\"https:\\\/\\\/qualifio.com\\\/fr\\\/#organization\"},\"potentialAction\":[{\"@type\":\"SearchAction\",\"target\":{\"@type\":\"EntryPoint\",\"urlTemplate\":\"https:\\\/\\\/qualifio.com\\\/fr\\\/?s={search_term_string}\"},\"query-input\":{\"@type\":\"PropertyValueSpecification\",\"valueRequired\":true,\"valueName\":\"search_term_string\"}}],\"inLanguage\":\"fr-FR\"},{\"@type\":\"Organization\",\"@id\":\"https:\\\/\\\/qualifio.com\\\/fr\\\/#organization\",\"name\":\"Qualifio\",\"url\":\"https:\\\/\\\/qualifio.com\\\/fr\\\/\",\"logo\":{\"@type\":\"ImageObject\",\"inLanguage\":\"fr-FR\",\"@id\":\"https:\\\/\\\/qualifio.com\\\/fr\\\/#\\\/schema\\\/logo\\\/image\\\/\",\"url\":\"https:\\\/\\\/qualifio.com\\\/wp-content\\\/uploads\\\/2022\\\/06\\\/banner-blog-news-simple.png\",\"contentUrl\":\"https:\\\/\\\/qualifio.com\\\/wp-content\\\/uploads\\\/2022\\\/06\\\/banner-blog-news-simple.png\",\"width\":460,\"height\":240,\"caption\":\"Qualifio\"},\"image\":{\"@id\":\"https:\\\/\\\/qualifio.com\\\/fr\\\/#\\\/schema\\\/logo\\\/image\\\/\"}}]}<\/script>\n<!-- \/ Yoast SEO Premium plugin. -->","yoast_head_json":{"title":"Webinaires - Qualifio","description":"Regardez nos pr\u00e9c\u00e9dents webinaires et apprenez-en davantage sur Qualifio. Marketing interactif, collecte de donn\u00e9es, fid\u00e9lisation, engagement.","robots":{"index":"index","follow":"follow","max-snippet":"max-snippet:-1","max-image-preview":"max-image-preview:large","max-video-preview":"max-video-preview:-1"},"canonical":"https:\/\/qualifio.com\/fr\/webinaires\/","og_locale":"fr_FR","og_type":"article","og_title":"Webinaires","og_description":"Regardez nos pr\u00e9c\u00e9dents webinaires et apprenez-en davantage sur Qualifio. Marketing interactif, collecte de donn\u00e9es, fid\u00e9lisation, engagement.","og_url":"https:\/\/qualifio.com\/fr\/webinaires\/","og_site_name":"Qualifio","article_modified_time":"2021-12-05T16:58:29+00:00","og_image":[{"width":1200,"height":627,"url":"https:\/\/qualifio.com\/wp-content\/uploads\/2022\/02\/banner-qualifio-social.png","type":"image\/png"}],"twitter_card":"summary_large_image","twitter_misc":{"Dur\u00e9e de lecture estim\u00e9e":"1 minute"},"schema":{"@context":"https:\/\/schema.org","@graph":[{"@type":"WebPage","@id":"https:\/\/qualifio.com\/fr\/webinaires\/","url":"https:\/\/qualifio.com\/fr\/webinaires\/","name":"Webinaires - Qualifio","isPartOf":{"@id":"https:\/\/qualifio.com\/fr\/#website"},"datePublished":"2021-12-05T15:14:55+00:00","dateModified":"2021-12-05T16:58:29+00:00","description":"Regardez nos pr\u00e9c\u00e9dents webinaires et apprenez-en davantage sur Qualifio. Marketing interactif, collecte de donn\u00e9es, fid\u00e9lisation, engagement.","breadcrumb":{"@id":"https:\/\/qualifio.com\/fr\/webinaires\/#breadcrumb"},"inLanguage":"fr-FR","potentialAction":[{"@type":"ReadAction","target":["https:\/\/qualifio.com\/fr\/webinaires\/"]}]},{"@type":"BreadcrumbList","@id":"https:\/\/qualifio.com\/fr\/webinaires\/#breadcrumb","itemListElement":[{"@type":"ListItem","position":1,"name":"Home","item":"https:\/\/qualifio.com\/fr\/"},{"@type":"ListItem","position":2,"name":"Webinaires"}]},{"@type":"WebSite","@id":"https:\/\/qualifio.com\/fr\/#website","url":"https:\/\/qualifio.com\/fr\/","name":"Qualifio","description":"Un site utilisant WordPress","publisher":{"@id":"https:\/\/qualifio.com\/fr\/#organization"},"potentialAction":[{"@type":"SearchAction","target":{"@type":"EntryPoint","urlTemplate":"https:\/\/qualifio.com\/fr\/?s={search_term_string}"},"query-input":{"@type":"PropertyValueSpecification","valueRequired":true,"valueName":"search_term_string"}}],"inLanguage":"fr-FR"},{"@type":"Organization","@id":"https:\/\/qualifio.com\/fr\/#organization","name":"Qualifio","url":"https:\/\/qualifio.com\/fr\/","logo":{"@type":"ImageObject","inLanguage":"fr-FR","@id":"https:\/\/qualifio.com\/fr\/#\/schema\/logo\/image\/","url":"https:\/\/qualifio.com\/wp-content\/uploads\/2022\/06\/banner-blog-news-simple.png","contentUrl":"https:\/\/qualifio.com\/wp-content\/uploads\/2022\/06\/banner-blog-news-simple.png","width":460,"height":240,"caption":"Qualifio"},"image":{"@id":"https:\/\/qualifio.com\/fr\/#\/schema\/logo\/image\/"}}]}},"_links":{"self":[{"href":"https:\/\/qualifio.com\/fr\/wp-json\/wp\/v2\/pages\/4979","targetHints":{"allow":["GET"]}}],"collection":[{"href":"https:\/\/qualifio.com\/fr\/wp-json\/wp\/v2\/pages"}],"about":[{"href":"https:\/\/qualifio.com\/fr\/wp-json\/wp\/v2\/types\/page"}],"author":[{"embeddable":true,"href":"https:\/\/qualifio.com\/fr\/wp-json\/wp\/v2\/users\/3"}],"replies":[{"embeddable":true,"href":"https:\/\/qualifio.com\/fr\/wp-json\/wp\/v2\/comments?post=4979"}],"version-history":[{"count":0,"href":"https:\/\/qualifio.com\/fr\/wp-json\/wp\/v2\/pages\/4979\/revisions"}],"wp:attachment":[{"href":"https:\/\/qualifio.com\/fr\/wp-json\/wp\/v2\/media?parent=4979"}],"curies":[{"name":"wp","href":"https:\/\/api.w.org\/{rel}","templated":true}]}}