{"id":4771,"date":"2021-12-05T12:28:30","date_gmt":"2021-12-05T11:28:30","guid":{"rendered":"https:\/\/qualifio.com\/?page_id=4771"},"modified":"2026-02-17T12:19:48","modified_gmt":"2026-02-17T11:19:48","slug":"contactez-nous","status":"publish","type":"page","link":"https:\/\/qualifio.com\/fr\/contactez-nous\/","title":{"rendered":"Contactez-nous"},"content":{"rendered":"\n<div class=\"wp-block-group has-background is-layout-flow wp-block-group-is-layout-flow\" style=\"background-color:#12384a\">\n<div style=\"height:100px\" aria-hidden=\"true\" class=\"wp-block-spacer\"><\/div>\n\n\n\n<div class=\"wp-block-columns wrapper-max is-layout-flex wp-container-core-columns-is-layout-28f84493 wp-block-columns-is-layout-flex\">\n<div class=\"wp-block-column hubspot-form-box is-layout-flow wp-block-column-is-layout-flow\" style=\"flex-basis:60%\">\n<script src=\"https:\/\/js-eu1.hsforms.net\/forms\/embed\/147199682.js\" defer><\/script>\n<div class=\"hs-form-frame\" data-region=\"eu1\" data-form-id=\"2c89c320-bd90-4863-91dd-b92673f450f6\" data-portal-id=\"147199682\"><\/div>\n<\/div>\n\n\n\n<div class=\"wp-block-column is-layout-flow wp-block-column-is-layout-flow\" style=\"flex-basis:40%\">\n<div class=\"wp-block-group is-layout-constrained wp-block-group-is-layout-constrained\">\n<div class=\"wp-block-group box-border-radius has-background is-layout-constrained wp-block-group-is-layout-constrained\" style=\"background-color:#12384a\">\n<div class=\"wp-block-group wrapper-max is-layout-constrained wp-block-group-is-layout-constrained\">\n<div style=\"height:40px\" aria-hidden=\"true\" class=\"wp-block-spacer\"><\/div>\n\n\n\n<h2 class=\"wp-block-heading has-text-align-center has-text-color has-link-color wp-elements-45d0cb4e83de8587ad0b390f57d05f47\" id=\"h-vous-utilisez-deja-qualifio\" style=\"color:#ffffff\">Vous utilisez d\u00e9j\u00e0 Qualifio ?<\/h2>\n\n\n\n<p class=\"has-text-align-center has-white-color has-text-color has-link-color wp-elements-af26b8a50de9ebd850a817f7170ae747\">Notre brillante \u00e9quipe support est l\u00e0 pour vous aider \u00e0 r\u00e9pondre \u00e0 toutes les questions que vous vous posez en utilisant Qualifio. Vous pouvez \u00e9galement trouver des tutoriels, des guides et plus d&rsquo;informations dans notre <a style=\"color: #61C1DB\" href=\"https:\/\/support.qualifio.com\/hc\/fr\">centre d&rsquo;aide<\/a>.<\/p>\n\n\n\n<div style=\"height:20px\" aria-hidden=\"true\" class=\"wp-block-spacer\"><\/div>\n\n\n\n<div class=\"wp-block-group align-center is-layout-constrained wp-block-group-is-layout-constrained\">\n<!--HubSpot Call-to-Action Code --><span class=\"hs-cta-wrapper\" id=\"hs-cta-wrapper-e84e9213-dc3d-49e8-850d-5b5cd742f302\"><span class=\"hs-cta-node hs-cta-e84e9213-dc3d-49e8-850d-5b5cd742f302\" id=\"hs-cta-e84e9213-dc3d-49e8-850d-5b5cd742f302\"><!--[if lte IE 8]><div id=\"hs-cta-ie-element\"><\/div><![endif]--><a href=\"https:\/\/cta-redirect.hubspot.com\/cta\/redirect\/5566751\/e84e9213-dc3d-49e8-850d-5b5cd742f302\"><img decoding=\"async\" class=\"hs-cta-img\" id=\"hs-cta-img-e84e9213-dc3d-49e8-850d-5b5cd742f302\" style=\"border-width:0px;\" src=\"https:\/\/no-cache.hubspot.com\/cta\/default\/5566751\/e84e9213-dc3d-49e8-850d-5b5cd742f302.png\" alt=\"Contacter notre \u00e9quipe support\"><\/a><\/span><script charset=\"utf-8\" src=\"https:\/\/js.hscta.net\/cta\/current.js\"><\/script><script type=\"text\/javascript\"> hbspt.cta.load(5566751, 'e84e9213-dc3d-49e8-850d-5b5cd742f302', {\"useNewLoader\":\"true\",\"region\":\"na1\"}); <\/script><\/span><!-- end HubSpot Call-to-Action Code -->\n<\/div>\n\n\n\n<div style=\"height:40px\" aria-hidden=\"true\" class=\"wp-block-spacer\"><\/div>\n\n\n\n<div class=\"wp-block-group box-border-radius has-background is-layout-constrained wp-block-group-is-layout-constrained\" style=\"background-color:#1f4557\">\n<div class=\"wp-block-group wrapper-max is-layout-constrained wp-block-group-is-layout-constrained\">\n<div style=\"height:20px\" aria-hidden=\"true\" class=\"wp-block-spacer\"><\/div>\n\n\n\n<p class=\"has-text-align-center has-white-color has-text-color has-link-color wp-elements-bd808f5e108b4fec75cca92b862da967\" style=\"font-size:14px\"><em><em><em>\u201cJe suis g\u00e9n\u00e9ralement tr\u00e8s critique en ce qui concerne les services clients, mais le support de Qualifio fait partie des meilleures exp\u00e9riences que j\u2019ai eues. Bravo !\u00a0\u00bb<\/em><\/em><\/em><\/p>\n\n\n\n<figure class=\"wp-block-image aligncenter size-full\"><img loading=\"lazy\" decoding=\"async\" width=\"61\" height=\"60\" src=\"https:\/\/qualifio.com\/wp-content\/uploads\/2025\/10\/david-wartel.webp\" alt=\"david-wartel\" class=\"wp-image-78868\"\/><\/figure>\n\n\n\n<p class=\"has-text-align-center has-white-color has-text-color has-link-color wp-elements-ada8b5268bbccd972a855d7d49100a9b\" style=\"font-size:12px\"><strong>David Wartel<\/strong>, MarTech Manager @ Proximus<\/p>\n\n\n\n<div style=\"height:20px\" aria-hidden=\"true\" class=\"wp-block-spacer\"><\/div>\n<\/div>\n<\/div>\n\n\n\n<div style=\"height:40px\" aria-hidden=\"true\" class=\"wp-block-spacer\"><\/div>\n<\/div>\n<\/div>\n<\/div>\n<\/div>\n<\/div>\n<\/div>\n\n\n\n<div class=\"wp-block-cover\"><img loading=\"lazy\" decoding=\"async\" width=\"2000\" height=\"1105\" class=\"wp-block-cover__image-background wp-image-49429\" alt=\"bg-contact-us\" src=\"https:\/\/qualifio.com\/wp-content\/uploads\/2024\/10\/bg-contact-us.jpg\" data-object-fit=\"cover\" srcset=\"https:\/\/qualifio.com\/wp-content\/uploads\/2024\/10\/bg-contact-us.jpg 2000w, https:\/\/qualifio.com\/wp-content\/uploads\/2024\/10\/bg-contact-us-300x166.jpg 300w, https:\/\/qualifio.com\/wp-content\/uploads\/2024\/10\/bg-contact-us-1024x566.jpg 1024w, https:\/\/qualifio.com\/wp-content\/uploads\/2024\/10\/bg-contact-us-768x424.jpg 768w, https:\/\/qualifio.com\/wp-content\/uploads\/2024\/10\/bg-contact-us-1536x849.jpg 1536w\" sizes=\"auto, (max-width: 2000px) 100vw, 2000px\" \/><span aria-hidden=\"true\" class=\"wp-block-cover__background has-background-dim\" style=\"background-color:#314850\"><\/span><div class=\"wp-block-cover__inner-container is-layout-constrained wp-block-cover-is-layout-constrained\">\n<div style=\"height:60px\" aria-hidden=\"true\" class=\"wp-block-spacer\"><\/div>\n\n\n\n<h2 class=\"wp-block-heading has-text-align-center\" id=\"h-ou-choisissez-l-option-qui-correspond-a-ce-que-vous-recherchez\">Ou choisissez l\u2019option qui correspond \u00e0 ce que vous recherchez<\/h2>\n\n\n\n<div class=\"wp-block-columns wrapper-max is-layout-flex wp-container-core-columns-is-layout-28f84493 wp-block-columns-is-layout-flex\">\n<div class=\"wp-block-column is-layout-flow wp-block-column-is-layout-flow\" style=\"flex-basis:5%\"><\/div>\n\n\n\n<div class=\"wp-block-column box-border-radius has-white-background-color has-background is-layout-flow wp-block-column-is-layout-flow\" style=\"flex-basis:45%\">\n<div style=\"height:40px\" aria-hidden=\"true\" class=\"wp-block-spacer\"><\/div>\n\n\n\n<figure class=\"wp-block-image aligncenter size-full\"><img loading=\"lazy\" decoding=\"async\" width=\"75\" height=\"75\" src=\"https:\/\/qualifio.com\/wp-content\/uploads\/2025\/10\/icon-demo.png\" alt=\"icon-demo\" class=\"wp-image-78873\"\/><\/figure>\n\n\n\n<h3 class=\"wp-block-heading has-text-align-center has-marine-color has-text-color\" id=\"curious-about-our-solutions\">Envie d\u2019en savoir plus sur notre solution ?<\/h3>\n\n\n\n<div class=\"wp-block-group align-center is-layout-constrained wp-block-group-is-layout-constrained\">\n<!--HubSpot Call-to-Action Code --><span class=\"hs-cta-wrapper\" id=\"hs-cta-wrapper-b204ff7f-214d-456b-8583-70f740ec764b\"><span class=\"hs-cta-node hs-cta-b204ff7f-214d-456b-8583-70f740ec764b\" id=\"hs-cta-b204ff7f-214d-456b-8583-70f740ec764b\"><!--[if lte IE 8]><div id=\"hs-cta-ie-element\"><\/div><![endif]--><a href=\"https:\/\/cta-redirect.hubspot.com\/cta\/redirect\/5566751\/b204ff7f-214d-456b-8583-70f740ec764b\"><img decoding=\"async\" class=\"hs-cta-img\" id=\"hs-cta-img-b204ff7f-214d-456b-8583-70f740ec764b\" style=\"border-width:0px;\" src=\"https:\/\/no-cache.hubspot.com\/cta\/default\/5566751\/b204ff7f-214d-456b-8583-70f740ec764b.png\" alt=\"Demander une d\u00e9mo\"><\/a><\/span><script charset=\"utf-8\" src=\"https:\/\/js.hscta.net\/cta\/current.js\"><\/script><script type=\"text\/javascript\"> hbspt.cta.load(5566751, 'b204ff7f-214d-456b-8583-70f740ec764b', {\"useNewLoader\":\"true\",\"region\":\"na1\"}); <\/script><\/span><!-- end HubSpot Call-to-Action Code -->\n<\/div>\n\n\n\n<div style=\"height:40px\" aria-hidden=\"true\" class=\"wp-block-spacer\"><\/div>\n<\/div>\n\n\n\n<div class=\"wp-block-column box-border-radius has-white-background-color has-background is-layout-flow wp-block-column-is-layout-flow\" style=\"flex-basis:45%\">\n<div style=\"height:40px\" aria-hidden=\"true\" class=\"wp-block-spacer\"><\/div>\n\n\n\n<figure class=\"wp-block-image aligncenter size-full\"><img loading=\"lazy\" decoding=\"async\" width=\"75\" height=\"75\" src=\"https:\/\/qualifio.com\/wp-content\/uploads\/2025\/10\/icon-job.png\" alt=\"icon-job\" class=\"wp-image-78877\"\/><\/figure>\n\n\n\n<h3 class=\"wp-block-heading has-text-align-center has-marine-color has-text-color\" id=\"looking-for-your-dream-job\">\u00c0 la recherche de votre job de r\u00eave ?<\/h3>\n\n\n\n<div class=\"wp-block-group align-center is-layout-constrained wp-block-group-is-layout-constrained\">\n<!--HubSpot Call-to-Action Code --><span class=\"hs-cta-wrapper\" id=\"hs-cta-wrapper-0dfbc00e-4a8a-4028-a302-f9b2058b2ef4\"><span class=\"hs-cta-node hs-cta-0dfbc00e-4a8a-4028-a302-f9b2058b2ef4\" id=\"hs-cta-0dfbc00e-4a8a-4028-a302-f9b2058b2ef4\"><!--[if lte IE 8]><div id=\"hs-cta-ie-element\"><\/div><![endif]--><a href=\"https:\/\/cta-redirect.hubspot.com\/cta\/redirect\/5566751\/0dfbc00e-4a8a-4028-a302-f9b2058b2ef4\"><img decoding=\"async\" class=\"hs-cta-img\" id=\"hs-cta-img-0dfbc00e-4a8a-4028-a302-f9b2058b2ef4\" style=\"border-width:0px;\" src=\"https:\/\/no-cache.hubspot.com\/cta\/default\/5566751\/0dfbc00e-4a8a-4028-a302-f9b2058b2ef4.png\" alt=\"Rejoindre notre \u00e9quipe\"><\/a><\/span><script charset=\"utf-8\" src=\"https:\/\/js.hscta.net\/cta\/current.js\"><\/script><script type=\"text\/javascript\"> hbspt.cta.load(5566751, '0dfbc00e-4a8a-4028-a302-f9b2058b2ef4', {\"useNewLoader\":\"true\",\"region\":\"na1\"}); <\/script><\/span><!-- end HubSpot Call-to-Action Code -->\n<\/div>\n\n\n\n<div style=\"height:40px\" aria-hidden=\"true\" class=\"wp-block-spacer\"><\/div>\n<\/div>\n\n\n\n<div class=\"wp-block-column is-layout-flow wp-block-column-is-layout-flow\" style=\"flex-basis:5%\"><\/div>\n<\/div>\n<\/div><\/div>\n\n\n\n<div class=\"wp-block-group alignfull bg-marine has-background is-layout-constrained wp-block-group-is-layout-constrained\" id=\"offices\" style=\"background-color:#12384a;background-image:url(&apos;https:\/\/qualifio.fidelodev.be\/wp-content\/uploads\/2024\/09\/europe-map.png&apos;);background-position:100% 100%;background-repeat:no-repeat;background-size:contain;\">\n<div class=\"wp-block-columns alignwide wrapper-max is-layout-flex wp-container-core-columns-is-layout-954ec4bb wp-block-columns-is-layout-flex\" style=\"padding-right:var(--wp--preset--spacing--40);padding-left:var(--wp--preset--spacing--40)\">\n<div class=\"wp-block-column has-base-2-color has-text-color has-link-color wp-elements-542923c3a648135fd0af5fc9816f10cc is-layout-flow wp-block-column-is-layout-flow\">\n<h2 class=\"wp-block-heading has-white-color has-text-color has-link-color wp-elements-927a89aa65109592358a7a04c369a5f3\">O\u00f9 nous trouver?<\/h2>\n\n\n\n<p class=\"has-white-color has-text-color has-link-color wp-elements-a0ceed485feea2f47b189d77f47feb94\">Nos bureaux en Europe<\/p>\n\n\n\n<div class=\"wp-block-columns is-layout-flex wp-container-core-columns-is-layout-28f84493 wp-block-columns-is-layout-flex\">\n<div class=\"wp-block-column is-layout-flow wp-block-column-is-layout-flow\">\n<h4 class=\"wp-block-heading has-text-color has-link-color wp-elements-139d2f0dc211097ca47a1dda1306a98a\" id=\"h-siege-social\" style=\"color:#fba026\"><strong>SI\u00c8GE SOCIAL<\/strong><\/h4>\n\n\n\n<p class=\"has-white-color has-text-color has-link-color wp-elements-5e9ebdcdea72a367e1779ead5c53547f\">1 Avenue Ath\u00e9na<br>1348 Louvain-la-Neuve<br><strong>Belgique<\/strong><\/p>\n<\/div>\n\n\n\n<div class=\"wp-block-column is-layout-flow wp-block-column-is-layout-flow\">\n<div class=\"wp-block-group is-nowrap is-layout-flex wp-container-core-group-is-layout-6c531013 wp-block-group-is-layout-flex\">\n<figure class=\"wp-block-image size-full\"><img loading=\"lazy\" decoding=\"async\" width=\"80\" height=\"80\" src=\"https:\/\/qualifio.com\/wp-content\/uploads\/2025\/01\/circle-aurelien.png\" alt=\"circle-aurelien\" class=\"wp-image-50664\"\/><\/figure>\n\n\n\n<p class=\"has-white-color has-text-color has-link-color wp-elements-5a241b1dfadfd13de3cb4098d4cf9944\"><strong>Aur\u00e9lien Berhin<\/strong><\/p>\n<\/div>\n<\/div>\n<\/div>\n\n\n\n<hr class=\"wp-block-separator has-text-color has-alpha-channel-opacity has-background\" style=\"background-color:#1f4557;color:#1f4557\"\/>\n\n\n\n<div class=\"wp-block-columns is-layout-flex wp-container-core-columns-is-layout-28f84493 wp-block-columns-is-layout-flex\">\n<div class=\"wp-block-column is-layout-flow wp-block-column-is-layout-flow\">\n<h4 class=\"wp-block-heading has-text-color has-link-color wp-elements-ceb9aed44e46cb105c6bc9e028e1cb91\" style=\"color:#61c1db\"><strong>PARIS<\/strong><\/h4>\n\n\n\n<p class=\"has-white-color has-text-color has-link-color wp-elements-58c1c4c556fbb53d70ff6341e3e8267e\">11 Rue du Faubourg Poissonni\u00e8re<br>75009 Paris<br><strong>France<\/strong><\/p>\n<\/div>\n\n\n\n<div class=\"wp-block-column is-layout-flow wp-block-column-is-layout-flow\">\n<div class=\"wp-block-group is-nowrap is-layout-flex wp-container-core-group-is-layout-6c531013 wp-block-group-is-layout-flex\">\n<figure class=\"wp-block-image size-full\"><img loading=\"lazy\" decoding=\"async\" width=\"80\" height=\"80\" src=\"https:\/\/qualifio.com\/wp-content\/uploads\/2023\/05\/circle-constance.png\" alt=\"circle-constance\" class=\"wp-image-40057\"\/><\/figure>\n\n\n\n<p class=\"has-white-color has-text-color has-link-color wp-elements-71a845fe2b8688271f58c5f054dbc5b8\"><strong><strong>Constance Delpeyroux<\/strong><\/strong><\/p>\n<\/div>\n<\/div>\n<\/div>\n\n\n\n<hr class=\"wp-block-separator has-text-color has-alpha-channel-opacity has-background\" style=\"background-color:#1f4557;color:#1f4557\"\/>\n\n\n\n<div class=\"wp-block-columns is-layout-flex wp-container-core-columns-is-layout-28f84493 wp-block-columns-is-layout-flex\">\n<div class=\"wp-block-column is-layout-flow wp-block-column-is-layout-flow\">\n<h4 class=\"wp-block-heading has-green-color has-text-color has-link-color wp-elements-e0bfc28ea1511c034a23073d8cb3ff79\" id=\"h-barcelone\"><strong>BARCELONE<\/strong><\/h4>\n\n\n\n<p class=\"has-white-color has-text-color has-link-color wp-elements-77d8f1ac245414be9a7abc94ca44405b\">Rda. de Sant Pere, 52<br>08010 Barcelona<br><strong>Espagne<\/strong><\/p>\n<\/div>\n\n\n\n<div class=\"wp-block-column is-layout-flow wp-block-column-is-layout-flow\">\n<div class=\"wp-block-group is-nowrap is-layout-flex wp-container-core-group-is-layout-6c531013 wp-block-group-is-layout-flex\">\n<figure class=\"wp-block-image size-full\"><img loading=\"lazy\" decoding=\"async\" width=\"80\" height=\"80\" src=\"https:\/\/qualifio.com\/wp-content\/uploads\/2021\/12\/circle-gonzalo-1.png\" alt=\"circle-gonzalo\" class=\"wp-image-3825\"\/><\/figure>\n\n\n\n<p class=\"has-white-color has-text-color has-link-color wp-elements-ee67c6e6226ed4948705cfcf27902def\"><strong><strong>Gonzalo Leal Lill<\/strong>o<\/strong><\/p>\n<\/div>\n<\/div>\n<\/div>\n<\/div>\n\n\n\n<div class=\"wp-block-column is-layout-flow wp-block-column-is-layout-flow\">\n<div style=\"height:200px\" aria-hidden=\"true\" class=\"wp-block-spacer\"><\/div>\n<\/div>\n<\/div>\n<\/div>\n\n\n\n<section class=\"wp-block-fidelo-content-anim pre-footer align-center\"><div class=\"wrapper-max\">\n<h2 class=\"wp-block-heading has-text-align-center\" id=\"billing-information\">Adresse de facturation<\/h2>\n\n\n\n<h3 class=\"wp-block-heading has-text-align-center\"><strong>Qualifio SA<\/strong><\/h3>\n\n\n\n<p class=\"has-text-align-center\">1 Avenue Ath\u00e9na<br>1348 Louvain-La-Neuve<br>BELGIQUE<\/p>\n\n\n\n<p class=\"has-text-align-center\"><strong>VAT<\/strong>: BE 0822.741.924<br><strong>IBAN<\/strong> (International Bank Account Number): BE78 0016 0435 9586<br><strong>BIC<\/strong>: GEBABEBB<\/p>\n<\/div><div class=\"r-bg\"><div class=\"r-b r1\"><\/div><div class=\"r-b r2\"><\/div><div class=\"r-b r3\"><\/div><div class=\"r-b r4\"><\/div><\/div><\/section>\n","protected":false},"excerpt":{"rendered":"<p>Vous utilisez d\u00e9j\u00e0 Qualifio ? Notre brillante \u00e9quipe support est l\u00e0 pour vous aider \u00e0 r\u00e9pondre \u00e0 toutes les questions que vous vous posez en utilisant Qualifio. Vous pouvez \u00e9galement trouver des tutoriels, des guides et plus d&rsquo;informations dans notre centre d&rsquo;aide. \u201cJe suis g\u00e9n\u00e9ralement tr\u00e8s critique en ce qui concerne les services clients, mais [&hellip;]<\/p>\n","protected":false},"author":2,"featured_media":0,"parent":0,"menu_order":0,"comment_status":"closed","ping_status":"closed","template":"page-marine.php","meta":{"footnotes":""},"class_list":["post-4771","page","type-page","status-publish","hentry"],"yoast_head":"<!-- This site is optimized with the Yoast SEO Premium plugin v27.4 (Yoast SEO v27.4) - https:\/\/yoast.com\/product\/yoast-seo-premium-wordpress\/ -->\n<title>Contactez-nous - Qualifio<\/title>\n<meta name=\"description\" content=\"Envie d&#039;en savoir plus sur nos solutions ? Nous serions ravis d&#039;entrer en contact avec vous \u2014 voici comment vous pouvez nous joindre.\" \/>\n<meta name=\"robots\" content=\"index, follow, max-snippet:-1, max-image-preview:large, max-video-preview:-1\" \/>\n<link rel=\"canonical\" href=\"https:\/\/qualifio.com\/fr\/contactez-nous\/\" \/>\n<meta property=\"og:locale\" content=\"fr_FR\" \/>\n<meta property=\"og:type\" content=\"article\" \/>\n<meta property=\"og:title\" content=\"Contactez-nous\" \/>\n<meta property=\"og:description\" content=\"Envie d&#039;en savoir plus sur nos solutions ? Nous serions ravis d&#039;entrer en contact avec vous \u2014 voici comment vous pouvez nous joindre.\" \/>\n<meta property=\"og:url\" content=\"https:\/\/qualifio.com\/fr\/contactez-nous\/\" \/>\n<meta property=\"og:site_name\" content=\"Qualifio\" \/>\n<meta property=\"article:modified_time\" content=\"2026-02-17T11:19:48+00:00\" \/>\n<meta property=\"og:image\" content=\"https:\/\/qualifio.com\/wp-content\/uploads\/2022\/02\/banner-qualifio-social.png\" \/>\n\t<meta property=\"og:image:width\" content=\"1200\" \/>\n\t<meta property=\"og:image:height\" content=\"627\" \/>\n\t<meta property=\"og:image:type\" content=\"image\/png\" \/>\n<meta name=\"twitter:card\" content=\"summary_large_image\" \/>\n<meta name=\"twitter:label1\" content=\"Dur\u00e9e de lecture estim\u00e9e\" \/>\n\t<meta name=\"twitter:data1\" content=\"3 minutes\" \/>\n<script type=\"application\/ld+json\" class=\"yoast-schema-graph\">{\"@context\":\"https:\\\/\\\/schema.org\",\"@graph\":[{\"@type\":\"WebPage\",\"@id\":\"https:\\\/\\\/qualifio.com\\\/fr\\\/contactez-nous\\\/\",\"url\":\"https:\\\/\\\/qualifio.com\\\/fr\\\/contactez-nous\\\/\",\"name\":\"Contactez-nous - Qualifio\",\"isPartOf\":{\"@id\":\"https:\\\/\\\/qualifio.com\\\/fr\\\/#website\"},\"primaryImageOfPage\":{\"@id\":\"https:\\\/\\\/qualifio.com\\\/fr\\\/contactez-nous\\\/#primaryimage\"},\"image\":{\"@id\":\"https:\\\/\\\/qualifio.com\\\/fr\\\/contactez-nous\\\/#primaryimage\"},\"thumbnailUrl\":\"https:\\\/\\\/no-cache.hubspot.com\\\/cta\\\/default\\\/5566751\\\/e84e9213-dc3d-49e8-850d-5b5cd742f302.png\",\"datePublished\":\"2021-12-05T11:28:30+00:00\",\"dateModified\":\"2026-02-17T11:19:48+00:00\",\"description\":\"Envie d'en savoir plus sur nos solutions ? Nous serions ravis d'entrer en contact avec vous \u2014 voici comment vous pouvez nous joindre.\",\"breadcrumb\":{\"@id\":\"https:\\\/\\\/qualifio.com\\\/fr\\\/contactez-nous\\\/#breadcrumb\"},\"inLanguage\":\"fr-FR\",\"potentialAction\":[{\"@type\":\"ReadAction\",\"target\":[\"https:\\\/\\\/qualifio.com\\\/fr\\\/contactez-nous\\\/\"]}]},{\"@type\":\"ImageObject\",\"inLanguage\":\"fr-FR\",\"@id\":\"https:\\\/\\\/qualifio.com\\\/fr\\\/contactez-nous\\\/#primaryimage\",\"url\":\"https:\\\/\\\/no-cache.hubspot.com\\\/cta\\\/default\\\/5566751\\\/e84e9213-dc3d-49e8-850d-5b5cd742f302.png\",\"contentUrl\":\"https:\\\/\\\/no-cache.hubspot.com\\\/cta\\\/default\\\/5566751\\\/e84e9213-dc3d-49e8-850d-5b5cd742f302.png\"},{\"@type\":\"BreadcrumbList\",\"@id\":\"https:\\\/\\\/qualifio.com\\\/fr\\\/contactez-nous\\\/#breadcrumb\",\"itemListElement\":[{\"@type\":\"ListItem\",\"position\":1,\"name\":\"Home\",\"item\":\"https:\\\/\\\/qualifio.com\\\/fr\\\/\"},{\"@type\":\"ListItem\",\"position\":2,\"name\":\"Contactez-nous\"}]},{\"@type\":\"WebSite\",\"@id\":\"https:\\\/\\\/qualifio.com\\\/fr\\\/#website\",\"url\":\"https:\\\/\\\/qualifio.com\\\/fr\\\/\",\"name\":\"Qualifio\",\"description\":\"Un site utilisant WordPress\",\"publisher\":{\"@id\":\"https:\\\/\\\/qualifio.com\\\/fr\\\/#organization\"},\"potentialAction\":[{\"@type\":\"SearchAction\",\"target\":{\"@type\":\"EntryPoint\",\"urlTemplate\":\"https:\\\/\\\/qualifio.com\\\/fr\\\/?s={search_term_string}\"},\"query-input\":{\"@type\":\"PropertyValueSpecification\",\"valueRequired\":true,\"valueName\":\"search_term_string\"}}],\"inLanguage\":\"fr-FR\"},{\"@type\":\"Organization\",\"@id\":\"https:\\\/\\\/qualifio.com\\\/fr\\\/#organization\",\"name\":\"Qualifio\",\"url\":\"https:\\\/\\\/qualifio.com\\\/fr\\\/\",\"logo\":{\"@type\":\"ImageObject\",\"inLanguage\":\"fr-FR\",\"@id\":\"https:\\\/\\\/qualifio.com\\\/fr\\\/#\\\/schema\\\/logo\\\/image\\\/\",\"url\":\"https:\\\/\\\/qualifio.com\\\/wp-content\\\/uploads\\\/2022\\\/06\\\/banner-blog-news-simple.png\",\"contentUrl\":\"https:\\\/\\\/qualifio.com\\\/wp-content\\\/uploads\\\/2022\\\/06\\\/banner-blog-news-simple.png\",\"width\":460,\"height\":240,\"caption\":\"Qualifio\"},\"image\":{\"@id\":\"https:\\\/\\\/qualifio.com\\\/fr\\\/#\\\/schema\\\/logo\\\/image\\\/\"}}]}<\/script>\n<!-- \/ Yoast SEO Premium plugin. -->","yoast_head_json":{"title":"Contactez-nous - Qualifio","description":"Envie d'en savoir plus sur nos solutions ? Nous serions ravis d'entrer en contact avec vous \u2014 voici comment vous pouvez nous joindre.","robots":{"index":"index","follow":"follow","max-snippet":"max-snippet:-1","max-image-preview":"max-image-preview:large","max-video-preview":"max-video-preview:-1"},"canonical":"https:\/\/qualifio.com\/fr\/contactez-nous\/","og_locale":"fr_FR","og_type":"article","og_title":"Contactez-nous","og_description":"Envie d'en savoir plus sur nos solutions ? Nous serions ravis d'entrer en contact avec vous \u2014 voici comment vous pouvez nous joindre.","og_url":"https:\/\/qualifio.com\/fr\/contactez-nous\/","og_site_name":"Qualifio","article_modified_time":"2026-02-17T11:19:48+00:00","og_image":[{"width":1200,"height":627,"url":"https:\/\/qualifio.com\/wp-content\/uploads\/2022\/02\/banner-qualifio-social.png","type":"image\/png"}],"twitter_card":"summary_large_image","twitter_misc":{"Dur\u00e9e de lecture estim\u00e9e":"3 minutes"},"schema":{"@context":"https:\/\/schema.org","@graph":[{"@type":"WebPage","@id":"https:\/\/qualifio.com\/fr\/contactez-nous\/","url":"https:\/\/qualifio.com\/fr\/contactez-nous\/","name":"Contactez-nous - Qualifio","isPartOf":{"@id":"https:\/\/qualifio.com\/fr\/#website"},"primaryImageOfPage":{"@id":"https:\/\/qualifio.com\/fr\/contactez-nous\/#primaryimage"},"image":{"@id":"https:\/\/qualifio.com\/fr\/contactez-nous\/#primaryimage"},"thumbnailUrl":"https:\/\/no-cache.hubspot.com\/cta\/default\/5566751\/e84e9213-dc3d-49e8-850d-5b5cd742f302.png","datePublished":"2021-12-05T11:28:30+00:00","dateModified":"2026-02-17T11:19:48+00:00","description":"Envie d'en savoir plus sur nos solutions ? Nous serions ravis d'entrer en contact avec vous \u2014 voici comment vous pouvez nous joindre.","breadcrumb":{"@id":"https:\/\/qualifio.com\/fr\/contactez-nous\/#breadcrumb"},"inLanguage":"fr-FR","potentialAction":[{"@type":"ReadAction","target":["https:\/\/qualifio.com\/fr\/contactez-nous\/"]}]},{"@type":"ImageObject","inLanguage":"fr-FR","@id":"https:\/\/qualifio.com\/fr\/contactez-nous\/#primaryimage","url":"https:\/\/no-cache.hubspot.com\/cta\/default\/5566751\/e84e9213-dc3d-49e8-850d-5b5cd742f302.png","contentUrl":"https:\/\/no-cache.hubspot.com\/cta\/default\/5566751\/e84e9213-dc3d-49e8-850d-5b5cd742f302.png"},{"@type":"BreadcrumbList","@id":"https:\/\/qualifio.com\/fr\/contactez-nous\/#breadcrumb","itemListElement":[{"@type":"ListItem","position":1,"name":"Home","item":"https:\/\/qualifio.com\/fr\/"},{"@type":"ListItem","position":2,"name":"Contactez-nous"}]},{"@type":"WebSite","@id":"https:\/\/qualifio.com\/fr\/#website","url":"https:\/\/qualifio.com\/fr\/","name":"Qualifio","description":"Un site utilisant WordPress","publisher":{"@id":"https:\/\/qualifio.com\/fr\/#organization"},"potentialAction":[{"@type":"SearchAction","target":{"@type":"EntryPoint","urlTemplate":"https:\/\/qualifio.com\/fr\/?s={search_term_string}"},"query-input":{"@type":"PropertyValueSpecification","valueRequired":true,"valueName":"search_term_string"}}],"inLanguage":"fr-FR"},{"@type":"Organization","@id":"https:\/\/qualifio.com\/fr\/#organization","name":"Qualifio","url":"https:\/\/qualifio.com\/fr\/","logo":{"@type":"ImageObject","inLanguage":"fr-FR","@id":"https:\/\/qualifio.com\/fr\/#\/schema\/logo\/image\/","url":"https:\/\/qualifio.com\/wp-content\/uploads\/2022\/06\/banner-blog-news-simple.png","contentUrl":"https:\/\/qualifio.com\/wp-content\/uploads\/2022\/06\/banner-blog-news-simple.png","width":460,"height":240,"caption":"Qualifio"},"image":{"@id":"https:\/\/qualifio.com\/fr\/#\/schema\/logo\/image\/"}}]}},"_links":{"self":[{"href":"https:\/\/qualifio.com\/fr\/wp-json\/wp\/v2\/pages\/4771","targetHints":{"allow":["GET"]}}],"collection":[{"href":"https:\/\/qualifio.com\/fr\/wp-json\/wp\/v2\/pages"}],"about":[{"href":"https:\/\/qualifio.com\/fr\/wp-json\/wp\/v2\/types\/page"}],"author":[{"embeddable":true,"href":"https:\/\/qualifio.com\/fr\/wp-json\/wp\/v2\/users\/2"}],"replies":[{"embeddable":true,"href":"https:\/\/qualifio.com\/fr\/wp-json\/wp\/v2\/comments?post=4771"}],"version-history":[{"count":0,"href":"https:\/\/qualifio.com\/fr\/wp-json\/wp\/v2\/pages\/4771\/revisions"}],"wp:attachment":[{"href":"https:\/\/qualifio.com\/fr\/wp-json\/wp\/v2\/media?parent=4771"}],"curies":[{"name":"wp","href":"https:\/\/api.w.org\/{rel}","templated":true}]}}