{"id":4772,"date":"2021-12-05T12:28:55","date_gmt":"2021-12-05T11:28:55","guid":{"rendered":"https:\/\/qualifio.com\/?page_id=4772"},"modified":"2026-02-17T12:21:17","modified_gmt":"2026-02-17T11:21:17","slug":"contacto","status":"publish","type":"page","link":"https:\/\/qualifio.com\/es\/contacto\/","title":{"rendered":"Cont\u00e1ctanos"},"content":{"rendered":"\n<div class=\"wp-block-group has-background is-layout-flow wp-block-group-is-layout-flow\" style=\"background-color:#12384a\">\n<div style=\"height:100px\" aria-hidden=\"true\" class=\"wp-block-spacer\"><\/div>\n\n\n\n<div class=\"wp-block-columns wrapper-max is-layout-flex wp-container-core-columns-is-layout-28f84493 wp-block-columns-is-layout-flex\">\n<div class=\"wp-block-column hubspot-form-box is-layout-flow wp-block-column-is-layout-flow\" style=\"flex-basis:60%\">\n<script src=\"https:\/\/js-eu1.hsforms.net\/forms\/embed\/147199682.js\" defer><\/script>\n<div class=\"hs-form-frame\" data-region=\"eu1\" data-form-id=\"16286ebf-3795-4a35-96a1-f2c030511f2c\" data-portal-id=\"147199682\"><\/div>\n<\/div>\n\n\n\n<div class=\"wp-block-column is-layout-flow wp-block-column-is-layout-flow\" style=\"flex-basis:40%\">\n<div class=\"wp-block-group is-layout-constrained wp-block-group-is-layout-constrained\">\n<div class=\"wp-block-group box-border-radius has-background is-layout-constrained wp-block-group-is-layout-constrained\" style=\"background-color:#12384a\">\n<div class=\"wp-block-group wrapper-max is-layout-constrained wp-block-group-is-layout-constrained\">\n<div style=\"height:40px\" aria-hidden=\"true\" class=\"wp-block-spacer\"><\/div>\n\n\n\n<h2 class=\"wp-block-heading has-text-align-center has-text-color has-link-color wp-elements-ac0f31c80aa4e6402221a96f85502b7d\" id=\"h-eres-usuario-de-qualifio\" style=\"color:#ffffff\">\u00bfEres usuario de Qualifio?<\/h2>\n\n\n\n<p class=\"has-text-align-center has-white-color has-text-color has-link-color wp-elements-73ac8c7a4ab7aca2ef0d6171772fbcd7\">Nuestro equipo de soporte est\u00e1 listo para ayudarte con cualquier pregunta que tengas sobre el uso de Qualifio. Tambi\u00e9n puedes consultar tutoriales, gu\u00edas y m\u00e1s informaci\u00f3n en nuestro <a style=\"color: #61C1DB\" href=\"https:\/\/support.qualifio.com\/hc\/en-us\">Help center<\/a>.<\/p>\n\n\n\n<div style=\"height:20px\" aria-hidden=\"true\" class=\"wp-block-spacer\"><\/div>\n\n\n\n<div class=\"wp-block-group align-center is-layout-constrained wp-block-group-is-layout-constrained\">\n<!--HubSpot Call-to-Action Code --><span class=\"hs-cta-wrapper\" id=\"hs-cta-wrapper-c61bf3f4-c4b4-4646-a597-f1c953daf358\"><span class=\"hs-cta-node hs-cta-c61bf3f4-c4b4-4646-a597-f1c953daf358\" id=\"hs-cta-c61bf3f4-c4b4-4646-a597-f1c953daf358\"><!--[if lte IE 8]><div id=\"hs-cta-ie-element\"><\/div><![endif]--><a href=\"https:\/\/cta-redirect.hubspot.com\/cta\/redirect\/5566751\/c61bf3f4-c4b4-4646-a597-f1c953daf358\"><img decoding=\"async\" class=\"hs-cta-img\" id=\"hs-cta-img-c61bf3f4-c4b4-4646-a597-f1c953daf358\" style=\"border-width:0px;\" src=\"https:\/\/no-cache.hubspot.com\/cta\/default\/5566751\/c61bf3f4-c4b4-4646-a597-f1c953daf358.png\" alt=\"Contacta con soporte\"><\/a><\/span><script charset=\"utf-8\" src=\"https:\/\/js.hscta.net\/cta\/current.js\"><\/script><script type=\"text\/javascript\"> hbspt.cta.load(5566751, 'c61bf3f4-c4b4-4646-a597-f1c953daf358', {\"useNewLoader\":\"true\",\"region\":\"na1\"}); <\/script><\/span><!-- end HubSpot Call-to-Action Code -->\n<\/div>\n\n\n\n<div style=\"height:40px\" aria-hidden=\"true\" class=\"wp-block-spacer\"><\/div>\n\n\n\n<div class=\"wp-block-group box-border-radius has-background is-layout-constrained wp-block-group-is-layout-constrained\" style=\"background-color:#1f4557\">\n<div class=\"wp-block-group wrapper-max is-layout-constrained wp-block-group-is-layout-constrained\">\n<div style=\"height:20px\" aria-hidden=\"true\" class=\"wp-block-spacer\"><\/div>\n\n\n\n<p class=\"has-text-align-center has-white-color has-text-color has-link-color wp-elements-0e6946c96fd648a49e1d3846f536083c\" style=\"font-size:14px\"><em><em><em>\u201cNormalmente soy muy cr\u00edtico con la atenci\u00f3n al cliente, pero el equipo de soporte de Qualifio es uno de los mejores que he probado. \u00a1Impresionante!<\/em>\u201d<\/em><\/em><\/p>\n\n\n\n<figure class=\"wp-block-image aligncenter size-full\"><img loading=\"lazy\" decoding=\"async\" width=\"61\" height=\"60\" src=\"https:\/\/qualifio.com\/wp-content\/uploads\/2025\/10\/david-wartel.webp\" alt=\"david-wartel\" class=\"wp-image-78868\"\/><\/figure>\n\n\n\n<p class=\"has-text-align-center has-white-color has-text-color has-link-color wp-elements-ada8b5268bbccd972a855d7d49100a9b\" style=\"font-size:12px\"><strong>David Wartel<\/strong>, MarTech Manager @ Proximus<\/p>\n\n\n\n<div style=\"height:20px\" aria-hidden=\"true\" class=\"wp-block-spacer\"><\/div>\n<\/div>\n<\/div>\n\n\n\n<div style=\"height:40px\" aria-hidden=\"true\" class=\"wp-block-spacer\"><\/div>\n<\/div>\n<\/div>\n<\/div>\n<\/div>\n<\/div>\n<\/div>\n\n\n\n<div class=\"wp-block-cover\"><img loading=\"lazy\" decoding=\"async\" width=\"2000\" height=\"1105\" class=\"wp-block-cover__image-background wp-image-49429\" alt=\"bg-contact-us\" src=\"https:\/\/qualifio.com\/wp-content\/uploads\/2024\/10\/bg-contact-us.jpg\" data-object-fit=\"cover\" srcset=\"https:\/\/qualifio.com\/wp-content\/uploads\/2024\/10\/bg-contact-us.jpg 2000w, https:\/\/qualifio.com\/wp-content\/uploads\/2024\/10\/bg-contact-us-300x166.jpg 300w, https:\/\/qualifio.com\/wp-content\/uploads\/2024\/10\/bg-contact-us-1024x566.jpg 1024w, https:\/\/qualifio.com\/wp-content\/uploads\/2024\/10\/bg-contact-us-768x424.jpg 768w, https:\/\/qualifio.com\/wp-content\/uploads\/2024\/10\/bg-contact-us-1536x849.jpg 1536w\" sizes=\"auto, (max-width: 2000px) 100vw, 2000px\" \/><span aria-hidden=\"true\" class=\"wp-block-cover__background has-background-dim\" style=\"background-color:#314850\"><\/span><div class=\"wp-block-cover__inner-container is-layout-constrained wp-block-cover-is-layout-constrained\">\n<div style=\"height:60px\" aria-hidden=\"true\" class=\"wp-block-spacer\"><\/div>\n\n\n\n<h2 class=\"wp-block-heading has-text-align-center\" id=\"h-o-elige-la-opcion-que-mejor-encaje-con-tus-necesidades\">O elige la opci\u00f3n que mejor encaje con tus necesidades<\/h2>\n\n\n\n<div class=\"wp-block-columns wrapper-max is-layout-flex wp-container-core-columns-is-layout-28f84493 wp-block-columns-is-layout-flex\">\n<div class=\"wp-block-column is-layout-flow wp-block-column-is-layout-flow\" style=\"flex-basis:5%\"><\/div>\n\n\n\n<div class=\"wp-block-column box-border-radius has-white-background-color has-background is-layout-flow wp-block-column-is-layout-flow\" style=\"flex-basis:45%\">\n<div style=\"height:40px\" aria-hidden=\"true\" class=\"wp-block-spacer\"><\/div>\n\n\n\n<figure class=\"wp-block-image aligncenter size-full\"><img loading=\"lazy\" decoding=\"async\" width=\"75\" height=\"75\" src=\"https:\/\/qualifio.com\/wp-content\/uploads\/2025\/10\/icon-demo.png\" alt=\"icon-demo\" class=\"wp-image-78875\"\/><\/figure>\n\n\n\n<h3 class=\"wp-block-heading has-text-align-center has-marine-color has-text-color\" id=\"curious-about-our-solutions\">\u00bfQuieres hablar sobre nuestra soluci\u00f3n?<\/h3>\n\n\n\n<div class=\"wp-block-group align-center is-layout-constrained wp-block-group-is-layout-constrained\">\n<!--HubSpot Call-to-Action Code --><span class=\"hs-cta-wrapper\" id=\"hs-cta-wrapper-a70ea44f-7fc5-4189-88bd-bbbe19b572da\"><span class=\"hs-cta-node hs-cta-a70ea44f-7fc5-4189-88bd-bbbe19b572da\" id=\"hs-cta-a70ea44f-7fc5-4189-88bd-bbbe19b572da\"><!--[if lte IE 8]><div id=\"hs-cta-ie-element\"><\/div><![endif]--><a href=\"https:\/\/cta-redirect.hubspot.com\/cta\/redirect\/5566751\/a70ea44f-7fc5-4189-88bd-bbbe19b572da\"><img decoding=\"async\" class=\"hs-cta-img\" id=\"hs-cta-img-a70ea44f-7fc5-4189-88bd-bbbe19b572da\" style=\"border-width:0px;\" src=\"https:\/\/no-cache.hubspot.com\/cta\/default\/5566751\/a70ea44f-7fc5-4189-88bd-bbbe19b572da.png\" alt=\"Solicita una demo\"><\/a><\/span><script charset=\"utf-8\" src=\"https:\/\/js.hscta.net\/cta\/current.js\"><\/script><script type=\"text\/javascript\"> hbspt.cta.load(5566751, 'a70ea44f-7fc5-4189-88bd-bbbe19b572da', {\"useNewLoader\":\"true\",\"region\":\"na1\"}); <\/script><\/span><!-- end HubSpot Call-to-Action Code -->\n<\/div>\n\n\n\n<div style=\"height:40px\" aria-hidden=\"true\" class=\"wp-block-spacer\"><\/div>\n<\/div>\n\n\n\n<div class=\"wp-block-column box-border-radius has-white-background-color has-background is-layout-flow wp-block-column-is-layout-flow\" style=\"flex-basis:45%\">\n<div style=\"height:40px\" aria-hidden=\"true\" class=\"wp-block-spacer\"><\/div>\n\n\n\n<figure class=\"wp-block-image aligncenter size-full\"><img loading=\"lazy\" decoding=\"async\" width=\"75\" height=\"75\" src=\"https:\/\/qualifio.com\/wp-content\/uploads\/2025\/10\/icon-job.png\" alt=\"icon-job\" class=\"wp-image-78879\"\/><\/figure>\n\n\n\n<h3 class=\"wp-block-heading has-text-align-center has-marine-color has-text-color\" id=\"looking-for-your-dream-job\">\u00bfQuieres formar parte del equipo Qualifio?<\/h3>\n\n\n\n<div class=\"wp-block-group align-center is-layout-constrained wp-block-group-is-layout-constrained\">\n<!--HubSpot Call-to-Action Code --><span class=\"hs-cta-wrapper\" id=\"hs-cta-wrapper-f74c4834-7669-43ee-9222-b19bc813563c\"><span class=\"hs-cta-node hs-cta-f74c4834-7669-43ee-9222-b19bc813563c\" id=\"hs-cta-f74c4834-7669-43ee-9222-b19bc813563c\"><!--[if lte IE 8]><div id=\"hs-cta-ie-element\"><\/div><![endif]--><a href=\"https:\/\/cta-redirect.hubspot.com\/cta\/redirect\/5566751\/f74c4834-7669-43ee-9222-b19bc813563c\"><img decoding=\"async\" class=\"hs-cta-img\" id=\"hs-cta-img-f74c4834-7669-43ee-9222-b19bc813563c\" style=\"border-width:0px;\" src=\"https:\/\/no-cache.hubspot.com\/cta\/default\/5566751\/f74c4834-7669-43ee-9222-b19bc813563c.png\" alt=\"\u00danete al equipo\"><\/a><\/span><script charset=\"utf-8\" src=\"https:\/\/js.hscta.net\/cta\/current.js\"><\/script><script type=\"text\/javascript\"> hbspt.cta.load(5566751, 'f74c4834-7669-43ee-9222-b19bc813563c', {\"useNewLoader\":\"true\",\"region\":\"na1\"}); <\/script><\/span><!-- end HubSpot Call-to-Action Code -->\n<\/div>\n\n\n\n<div style=\"height:40px\" aria-hidden=\"true\" class=\"wp-block-spacer\"><\/div>\n<\/div>\n\n\n\n<div class=\"wp-block-column is-layout-flow wp-block-column-is-layout-flow\" style=\"flex-basis:5%\"><\/div>\n<\/div>\n<\/div><\/div>\n\n\n\n<div class=\"wp-block-group alignfull bg-marine has-background is-layout-constrained wp-block-group-is-layout-constrained\" id=\"offices\" style=\"background-color:#12384a;background-image:url(&apos;https:\/\/qualifio.fidelodev.be\/wp-content\/uploads\/2024\/09\/europe-map.png&apos;);background-position:100% 100%;background-repeat:no-repeat;background-size:contain;\">\n<div class=\"wp-block-columns alignwide wrapper-max is-layout-flex wp-container-core-columns-is-layout-954ec4bb wp-block-columns-is-layout-flex\" style=\"padding-right:var(--wp--preset--spacing--40);padding-left:var(--wp--preset--spacing--40)\">\n<div class=\"wp-block-column has-base-2-color has-text-color has-link-color wp-elements-7f981efd5fae6b073d17bfa29b4dd1be is-layout-flow wp-block-column-is-layout-flow\">\n<h2 class=\"wp-block-heading has-white-color has-text-color has-link-color wp-elements-b536ff4f93fb04e5182e0bdbdbcdec7a\">\u00bfD\u00f3nde estamos?<\/h2>\n\n\n\n<p class=\"has-white-color has-text-color has-link-color wp-elements-860c60a8a7a0fe66e423070a7876949a\">Nuestras oficinas<\/p>\n\n\n\n<div class=\"wp-block-columns is-layout-flex wp-container-core-columns-is-layout-28f84493 wp-block-columns-is-layout-flex\">\n<div class=\"wp-block-column is-layout-flow wp-block-column-is-layout-flow\">\n<h4 class=\"wp-block-heading has-text-color has-link-color wp-elements-97ec4c81a43a439d0ef86949b61c9900\" style=\"color:#fba026\"><strong>HQ<\/strong><\/h4>\n\n\n\n<p class=\"has-white-color has-text-color has-link-color wp-elements-9a579be092927aea71627372948039cb\">1 Avenue Ath\u00e9na<br>1348 Louvain-la-Neuve<br><strong>B\u00e9lgica<\/strong><\/p>\n<\/div>\n\n\n\n<div class=\"wp-block-column is-layout-flow wp-block-column-is-layout-flow\">\n<div class=\"wp-block-group is-nowrap is-layout-flex wp-container-core-group-is-layout-6c531013 wp-block-group-is-layout-flex\">\n<figure class=\"wp-block-image size-full\"><img loading=\"lazy\" decoding=\"async\" width=\"80\" height=\"80\" src=\"https:\/\/qualifio.com\/wp-content\/uploads\/2025\/01\/circle-aurelien.png\" alt=\"circle-aurelien\" class=\"wp-image-50666\"\/><\/figure>\n\n\n\n<p class=\"has-white-color has-text-color has-link-color wp-elements-5a241b1dfadfd13de3cb4098d4cf9944\"><strong>Aur\u00e9lien Berhin<\/strong><\/p>\n<\/div>\n<\/div>\n<\/div>\n\n\n\n<hr class=\"wp-block-separator has-text-color has-alpha-channel-opacity has-background\" style=\"background-color:#1f4557;color:#1f4557\"\/>\n\n\n\n<div class=\"wp-block-columns is-layout-flex wp-container-core-columns-is-layout-28f84493 wp-block-columns-is-layout-flex\">\n<div class=\"wp-block-column is-layout-flow wp-block-column-is-layout-flow\">\n<h4 class=\"wp-block-heading has-text-color has-link-color wp-elements-ceb9aed44e46cb105c6bc9e028e1cb91\" style=\"color:#61c1db\"><strong>PARIS<\/strong><\/h4>\n\n\n\n<p class=\"has-white-color has-text-color has-link-color wp-elements-b60d61ff42c79d44fc14610cf4d6ac06\">11 Rue du Faubourg Poissonni\u00e8re<br>75009 Paris<br><strong>Francia<\/strong><\/p>\n<\/div>\n\n\n\n<div class=\"wp-block-column is-layout-flow wp-block-column-is-layout-flow\">\n<div class=\"wp-block-group is-nowrap is-layout-flex wp-container-core-group-is-layout-6c531013 wp-block-group-is-layout-flex\">\n<figure class=\"wp-block-image size-full\"><img loading=\"lazy\" decoding=\"async\" width=\"80\" height=\"80\" src=\"https:\/\/qualifio.com\/wp-content\/uploads\/2023\/05\/circle-constance.png\" alt=\"circle-constance\" class=\"wp-image-40057\"\/><\/figure>\n\n\n\n<p class=\"has-white-color has-text-color has-link-color wp-elements-71a845fe2b8688271f58c5f054dbc5b8\"><strong><strong>Constance Delpeyroux<\/strong><\/strong><\/p>\n<\/div>\n<\/div>\n<\/div>\n\n\n\n<hr class=\"wp-block-separator has-text-color has-alpha-channel-opacity has-background\" style=\"background-color:#1f4557;color:#1f4557\"\/>\n\n\n\n<div class=\"wp-block-columns is-layout-flex wp-container-core-columns-is-layout-28f84493 wp-block-columns-is-layout-flex\">\n<div class=\"wp-block-column is-layout-flow wp-block-column-is-layout-flow\">\n<h4 class=\"wp-block-heading has-green-color has-text-color has-link-color wp-elements-cd00ea69cdca2507439bf360d1cc6a72\"><strong>BARCELONA<\/strong><\/h4>\n\n\n\n<p class=\"has-white-color has-text-color has-link-color wp-elements-fe089e6756a67136d2e6fd3ac948c5d5\">Rda. de Sant Pere, 52<br>08010 Barcelona<br><strong>Espa\u00f1a<\/strong><\/p>\n<\/div>\n\n\n\n<div class=\"wp-block-column is-layout-flow wp-block-column-is-layout-flow\">\n<div class=\"wp-block-group is-nowrap is-layout-flex wp-container-core-group-is-layout-6c531013 wp-block-group-is-layout-flex\">\n<figure class=\"wp-block-image size-full\"><img loading=\"lazy\" decoding=\"async\" width=\"80\" height=\"80\" src=\"https:\/\/qualifio.com\/wp-content\/uploads\/2021\/12\/circle-gonzalo-1.png\" alt=\"circle-gonzalo\" class=\"wp-image-3825\"\/><\/figure>\n\n\n\n<p class=\"has-white-color has-text-color has-link-color wp-elements-ee67c6e6226ed4948705cfcf27902def\"><strong><strong>Gonzalo Leal Lill<\/strong>o<\/strong><\/p>\n<\/div>\n<\/div>\n<\/div>\n<\/div>\n\n\n\n<div class=\"wp-block-column is-layout-flow wp-block-column-is-layout-flow\">\n<div style=\"height:200px\" aria-hidden=\"true\" class=\"wp-block-spacer\"><\/div>\n<\/div>\n<\/div>\n<\/div>\n\n\n\n<section class=\"wp-block-fidelo-content-anim pre-footer align-center\"><div class=\"wrapper-max\">\n<h2 class=\"wp-block-heading has-text-align-center\" id=\"billing-information\">Direcci\u00f3n de facturaci\u00f3n<\/h2>\n\n\n\n<h3 class=\"wp-block-heading has-text-align-center\"><strong>Qualifio SA<\/strong><\/h3>\n\n\n\n<p class=\"has-text-align-center\">1 Avenue Ath\u00e9na<br>1348 Louvain-La-Neuve<br>B\u00c9LGICA<\/p>\n\n\n\n<p class=\"has-text-align-center\"><strong>VAT<\/strong>: BE 0822.741.924<br><strong>IBAN<\/strong> (International Bank Account Number): BE78 0016 0435 9586<br><strong>BIC<\/strong>: GEBABEBB<\/p>\n<\/div><div class=\"r-bg\"><div class=\"r-b r1\"><\/div><div class=\"r-b r2\"><\/div><div class=\"r-b r3\"><\/div><div class=\"r-b r4\"><\/div><\/div><\/section>\n","protected":false},"excerpt":{"rendered":"<p>\u00bfEres usuario de Qualifio? Nuestro equipo de soporte est\u00e1 listo para ayudarte con cualquier pregunta que tengas sobre el uso de Qualifio. Tambi\u00e9n puedes consultar tutoriales, gu\u00edas y m\u00e1s informaci\u00f3n en nuestro Help center. \u201cNormalmente soy muy cr\u00edtico con la atenci\u00f3n al cliente, pero el equipo de soporte de Qualifio es uno de los mejores [&hellip;]<\/p>\n","protected":false},"author":2,"featured_media":0,"parent":0,"menu_order":0,"comment_status":"closed","ping_status":"closed","template":"page-marine.php","meta":{"footnotes":""},"class_list":["post-4772","page","type-page","status-publish","hentry"],"yoast_head":"<!-- This site is optimized with the Yoast SEO Premium plugin v27.4 (Yoast SEO v27.4) - https:\/\/yoast.com\/product\/yoast-seo-premium-wordpress\/ -->\n<title>Cont\u00e1ctanos - Qualifio<\/title>\n<meta name=\"description\" content=\"\u00bfQuieres hablar sobre nuestras soluciones? Ponte en contacto con nosotros. Estamos encantados de escucharte.\" \/>\n<meta name=\"robots\" content=\"index, follow, max-snippet:-1, max-image-preview:large, max-video-preview:-1\" \/>\n<link rel=\"canonical\" href=\"https:\/\/qualifio.com\/es\/contacto\/\" \/>\n<meta property=\"og:locale\" content=\"es_ES\" \/>\n<meta property=\"og:type\" content=\"article\" \/>\n<meta property=\"og:title\" content=\"Cont\u00e1ctanos\" \/>\n<meta property=\"og:description\" content=\"\u00bfQuieres hablar sobre nuestras soluciones? Ponte en contacto con nosotros. Estamos encantados de escucharte.\" \/>\n<meta property=\"og:url\" content=\"https:\/\/qualifio.com\/es\/contacto\/\" \/>\n<meta property=\"og:site_name\" content=\"Qualifio\" \/>\n<meta property=\"article:modified_time\" content=\"2026-02-17T11:21:17+00:00\" \/>\n<meta property=\"og:image\" content=\"https:\/\/qualifio.com\/wp-content\/uploads\/2022\/02\/banner-qualifio-social.png\" \/>\n\t<meta property=\"og:image:width\" content=\"1200\" \/>\n\t<meta property=\"og:image:height\" content=\"627\" \/>\n\t<meta property=\"og:image:type\" content=\"image\/png\" \/>\n<meta name=\"twitter:card\" content=\"summary_large_image\" \/>\n<meta name=\"twitter:label1\" content=\"Tiempo de lectura\" \/>\n\t<meta name=\"twitter:data1\" content=\"3 minutos\" \/>\n<script type=\"application\/ld+json\" class=\"yoast-schema-graph\">{\"@context\":\"https:\\\/\\\/schema.org\",\"@graph\":[{\"@type\":\"WebPage\",\"@id\":\"https:\\\/\\\/qualifio.com\\\/es\\\/contacto\\\/\",\"url\":\"https:\\\/\\\/qualifio.com\\\/es\\\/contacto\\\/\",\"name\":\"Cont\u00e1ctanos - Qualifio\",\"isPartOf\":{\"@id\":\"https:\\\/\\\/qualifio.com\\\/es\\\/#website\"},\"primaryImageOfPage\":{\"@id\":\"https:\\\/\\\/qualifio.com\\\/es\\\/contacto\\\/#primaryimage\"},\"image\":{\"@id\":\"https:\\\/\\\/qualifio.com\\\/es\\\/contacto\\\/#primaryimage\"},\"thumbnailUrl\":\"https:\\\/\\\/no-cache.hubspot.com\\\/cta\\\/default\\\/5566751\\\/c61bf3f4-c4b4-4646-a597-f1c953daf358.png\",\"datePublished\":\"2021-12-05T11:28:55+00:00\",\"dateModified\":\"2026-02-17T11:21:17+00:00\",\"description\":\"\u00bfQuieres hablar sobre nuestras soluciones? Ponte en contacto con nosotros. Estamos encantados de escucharte.\",\"breadcrumb\":{\"@id\":\"https:\\\/\\\/qualifio.com\\\/es\\\/contacto\\\/#breadcrumb\"},\"inLanguage\":\"es\",\"potentialAction\":[{\"@type\":\"ReadAction\",\"target\":[\"https:\\\/\\\/qualifio.com\\\/es\\\/contacto\\\/\"]}]},{\"@type\":\"ImageObject\",\"inLanguage\":\"es\",\"@id\":\"https:\\\/\\\/qualifio.com\\\/es\\\/contacto\\\/#primaryimage\",\"url\":\"https:\\\/\\\/no-cache.hubspot.com\\\/cta\\\/default\\\/5566751\\\/c61bf3f4-c4b4-4646-a597-f1c953daf358.png\",\"contentUrl\":\"https:\\\/\\\/no-cache.hubspot.com\\\/cta\\\/default\\\/5566751\\\/c61bf3f4-c4b4-4646-a597-f1c953daf358.png\"},{\"@type\":\"BreadcrumbList\",\"@id\":\"https:\\\/\\\/qualifio.com\\\/es\\\/contacto\\\/#breadcrumb\",\"itemListElement\":[{\"@type\":\"ListItem\",\"position\":1,\"name\":\"Home\",\"item\":\"https:\\\/\\\/qualifio.com\\\/es\\\/\"},{\"@type\":\"ListItem\",\"position\":2,\"name\":\"Cont\u00e1ctanos\"}]},{\"@type\":\"WebSite\",\"@id\":\"https:\\\/\\\/qualifio.com\\\/es\\\/#website\",\"url\":\"https:\\\/\\\/qualifio.com\\\/es\\\/\",\"name\":\"Qualifio\",\"description\":\"Un site utilisant WordPress\",\"publisher\":{\"@id\":\"https:\\\/\\\/qualifio.com\\\/es\\\/#organization\"},\"potentialAction\":[{\"@type\":\"SearchAction\",\"target\":{\"@type\":\"EntryPoint\",\"urlTemplate\":\"https:\\\/\\\/qualifio.com\\\/es\\\/?s={search_term_string}\"},\"query-input\":{\"@type\":\"PropertyValueSpecification\",\"valueRequired\":true,\"valueName\":\"search_term_string\"}}],\"inLanguage\":\"es\"},{\"@type\":\"Organization\",\"@id\":\"https:\\\/\\\/qualifio.com\\\/es\\\/#organization\",\"name\":\"Qualifio\",\"url\":\"https:\\\/\\\/qualifio.com\\\/es\\\/\",\"logo\":{\"@type\":\"ImageObject\",\"inLanguage\":\"es\",\"@id\":\"https:\\\/\\\/qualifio.com\\\/es\\\/#\\\/schema\\\/logo\\\/image\\\/\",\"url\":\"https:\\\/\\\/qualifio.com\\\/wp-content\\\/uploads\\\/2022\\\/06\\\/banner-blog-news-simple.png\",\"contentUrl\":\"https:\\\/\\\/qualifio.com\\\/wp-content\\\/uploads\\\/2022\\\/06\\\/banner-blog-news-simple.png\",\"width\":460,\"height\":240,\"caption\":\"Qualifio\"},\"image\":{\"@id\":\"https:\\\/\\\/qualifio.com\\\/es\\\/#\\\/schema\\\/logo\\\/image\\\/\"}}]}<\/script>\n<!-- \/ Yoast SEO Premium plugin. -->","yoast_head_json":{"title":"Cont\u00e1ctanos - Qualifio","description":"\u00bfQuieres hablar sobre nuestras soluciones? Ponte en contacto con nosotros. Estamos encantados de escucharte.","robots":{"index":"index","follow":"follow","max-snippet":"max-snippet:-1","max-image-preview":"max-image-preview:large","max-video-preview":"max-video-preview:-1"},"canonical":"https:\/\/qualifio.com\/es\/contacto\/","og_locale":"es_ES","og_type":"article","og_title":"Cont\u00e1ctanos","og_description":"\u00bfQuieres hablar sobre nuestras soluciones? Ponte en contacto con nosotros. Estamos encantados de escucharte.","og_url":"https:\/\/qualifio.com\/es\/contacto\/","og_site_name":"Qualifio","article_modified_time":"2026-02-17T11:21:17+00:00","og_image":[{"width":1200,"height":627,"url":"https:\/\/qualifio.com\/wp-content\/uploads\/2022\/02\/banner-qualifio-social.png","type":"image\/png"}],"twitter_card":"summary_large_image","twitter_misc":{"Tiempo de lectura":"3 minutos"},"schema":{"@context":"https:\/\/schema.org","@graph":[{"@type":"WebPage","@id":"https:\/\/qualifio.com\/es\/contacto\/","url":"https:\/\/qualifio.com\/es\/contacto\/","name":"Cont\u00e1ctanos - Qualifio","isPartOf":{"@id":"https:\/\/qualifio.com\/es\/#website"},"primaryImageOfPage":{"@id":"https:\/\/qualifio.com\/es\/contacto\/#primaryimage"},"image":{"@id":"https:\/\/qualifio.com\/es\/contacto\/#primaryimage"},"thumbnailUrl":"https:\/\/no-cache.hubspot.com\/cta\/default\/5566751\/c61bf3f4-c4b4-4646-a597-f1c953daf358.png","datePublished":"2021-12-05T11:28:55+00:00","dateModified":"2026-02-17T11:21:17+00:00","description":"\u00bfQuieres hablar sobre nuestras soluciones? Ponte en contacto con nosotros. Estamos encantados de escucharte.","breadcrumb":{"@id":"https:\/\/qualifio.com\/es\/contacto\/#breadcrumb"},"inLanguage":"es","potentialAction":[{"@type":"ReadAction","target":["https:\/\/qualifio.com\/es\/contacto\/"]}]},{"@type":"ImageObject","inLanguage":"es","@id":"https:\/\/qualifio.com\/es\/contacto\/#primaryimage","url":"https:\/\/no-cache.hubspot.com\/cta\/default\/5566751\/c61bf3f4-c4b4-4646-a597-f1c953daf358.png","contentUrl":"https:\/\/no-cache.hubspot.com\/cta\/default\/5566751\/c61bf3f4-c4b4-4646-a597-f1c953daf358.png"},{"@type":"BreadcrumbList","@id":"https:\/\/qualifio.com\/es\/contacto\/#breadcrumb","itemListElement":[{"@type":"ListItem","position":1,"name":"Home","item":"https:\/\/qualifio.com\/es\/"},{"@type":"ListItem","position":2,"name":"Cont\u00e1ctanos"}]},{"@type":"WebSite","@id":"https:\/\/qualifio.com\/es\/#website","url":"https:\/\/qualifio.com\/es\/","name":"Qualifio","description":"Un site utilisant WordPress","publisher":{"@id":"https:\/\/qualifio.com\/es\/#organization"},"potentialAction":[{"@type":"SearchAction","target":{"@type":"EntryPoint","urlTemplate":"https:\/\/qualifio.com\/es\/?s={search_term_string}"},"query-input":{"@type":"PropertyValueSpecification","valueRequired":true,"valueName":"search_term_string"}}],"inLanguage":"es"},{"@type":"Organization","@id":"https:\/\/qualifio.com\/es\/#organization","name":"Qualifio","url":"https:\/\/qualifio.com\/es\/","logo":{"@type":"ImageObject","inLanguage":"es","@id":"https:\/\/qualifio.com\/es\/#\/schema\/logo\/image\/","url":"https:\/\/qualifio.com\/wp-content\/uploads\/2022\/06\/banner-blog-news-simple.png","contentUrl":"https:\/\/qualifio.com\/wp-content\/uploads\/2022\/06\/banner-blog-news-simple.png","width":460,"height":240,"caption":"Qualifio"},"image":{"@id":"https:\/\/qualifio.com\/es\/#\/schema\/logo\/image\/"}}]}},"_links":{"self":[{"href":"https:\/\/qualifio.com\/es\/wp-json\/wp\/v2\/pages\/4772","targetHints":{"allow":["GET"]}}],"collection":[{"href":"https:\/\/qualifio.com\/es\/wp-json\/wp\/v2\/pages"}],"about":[{"href":"https:\/\/qualifio.com\/es\/wp-json\/wp\/v2\/types\/page"}],"author":[{"embeddable":true,"href":"https:\/\/qualifio.com\/es\/wp-json\/wp\/v2\/users\/2"}],"replies":[{"embeddable":true,"href":"https:\/\/qualifio.com\/es\/wp-json\/wp\/v2\/comments?post=4772"}],"version-history":[{"count":0,"href":"https:\/\/qualifio.com\/es\/wp-json\/wp\/v2\/pages\/4772\/revisions"}],"wp:attachment":[{"href":"https:\/\/qualifio.com\/es\/wp-json\/wp\/v2\/media?parent=4772"}],"curies":[{"name":"wp","href":"https:\/\/api.w.org\/{rel}","templated":true}]}}