{"id":34596,"date":"2022-11-03T16:45:38","date_gmt":"2022-11-03T15:45:38","guid":{"rendered":"https:\/\/qualifio.com\/?page_id=34596"},"modified":"2026-02-17T17:12:47","modified_gmt":"2026-02-17T16:12:47","slug":"calendario-marketing","status":"publish","type":"page","link":"https:\/\/qualifio.com\/es\/calendario-marketing\/","title":{"rendered":"Calendario marketing"},"content":{"rendered":"\n<section class=\"wp-block-fidelo-page-header main-top-page animation\" data-blockstyle=\"animation\"><div class=\"top-page wrapper-max\"><div class=\"top-page-illustration\"><div class=\"\" id=\"lottie-calendar\"><\/div><\/div><div class=\"top-page-description\">\n<h1 class=\"wp-block-heading\" id=\"any-of-the-tools-you-use-we-can-integrate\">Calendario de marketing de 2026<\/h1>\n\n\n\n<p>En Qualifio, estamos convencidos de que cualquier oportunidad es buena para interactuar con tu comunidad y recopilar zero-party data gracias al contenido interactivo. Es por eso que hemos reunido m\u00e1s de 380 eventos clave en este calendario de marketing.<\/p>\n\n\n\n<p>\u00a1Prepara tu marca para que cada d\u00eda de 2026 sea un motivo de celebraci\u00f3n!<\/p>\n<\/div><\/div><\/section>\n\n\n\n<div id=\"online\" class=\"wp-block-group bg-light-grey is-layout-flow wp-block-group-is-layout-flow\">\n<div class=\"wp-block-group wrapper-max is-layout-flow wp-block-group-is-layout-flow\">\n<p class=\"has-text-align-left\"><strong>Aqu\u00ed est\u00e1 nuestra versi\u00f3n online<\/strong> \u2b07\ufe0f <\/p>\n\n\n\n<section class=\"wp-block-fidelo-marketing-calendar marketing-calendar\"><div id=\"marketing_calendar\"><\/div><div id=\"marketing_calendar_legend\"><\/div><\/section>\n\n\n\n<p><em>\u00bfQuieres m\u00e1s inspiraci\u00f3n en torno a estas fechas? <a href=\"https:\/\/qualifio.com\/es\/blog\/calendario-de-marketing-de-2026-fechas-clave\/\">Visita nuestro blog<\/a> <\/em>\ud83d\ude09<\/p>\n<\/div>\n<\/div>\n\n\n\n<div id=\"form\" class=\"wp-block-group has-background is-layout-flow wp-block-group-is-layout-flow\" style=\"background-color:#1f4557\">\n<div style=\"height:60px\" aria-hidden=\"true\" class=\"wp-block-spacer\"><\/div>\n\n\n\n<div class=\"wp-block-columns are-vertically-aligned-top wrapper-max is-layout-flex wp-container-core-columns-is-layout-28f84493 wp-block-columns-is-layout-flex\">\n<div class=\"wp-block-column is-vertically-aligned-top is-layout-flow wp-block-column-is-layout-flow\">\n<h2 class=\"wp-block-heading has-white-color has-text-color\">\u00danete a m\u00e1s de 9.000 profesionales y desc\u00e1rgate la versi\u00f3n en pdf<\/h2>\n\n\n\n<p class=\"has-white-color has-text-color\">M\u00e1s de 9.000 profesionales de marketing de las principales marcas europeas encuentran inspiraci\u00f3n en esta herramienta \u00bfQuieres ser uno de ellos?<\/p>\n\n\n\n<p class=\"has-white-color has-text-color\">Desc\u00e1rgate la versi\u00f3n en pdf del calendario rellenando este formulario \ud83d\udc49<\/p>\n\n\n\n<div style=\"height:20px\" aria-hidden=\"true\" class=\"wp-block-spacer\"><\/div>\n\n\n\n<figure class=\"wp-block-image size-full\"><img loading=\"lazy\" decoding=\"async\" width=\"609\" height=\"105\" src=\"https:\/\/qualifio.com\/wp-content\/uploads\/2022\/11\/icons-calendar-form.png\" alt=\"icons-calendar-form\" class=\"wp-image-35898\" srcset=\"https:\/\/qualifio.com\/wp-content\/uploads\/2022\/11\/icons-calendar-form.png 609w, https:\/\/qualifio.com\/wp-content\/uploads\/2022\/11\/icons-calendar-form-300x52.png 300w\" sizes=\"auto, (max-width: 609px) 100vw, 609px\" \/><\/figure>\n<\/div>\n\n\n\n<div class=\"wp-block-column is-vertically-aligned-top is-layout-flow wp-block-column-is-layout-flow\">\n<div class=\"wp-block-group hubspot-form-box is-layout-flow wp-block-group-is-layout-flow\">\n<script src=\"https:\/\/js-eu1.hsforms.net\/forms\/embed\/147199682.js\" defer><\/script>\n<div class=\"hs-form-frame\" data-region=\"eu1\" data-form-id=\"59355231-7ec7-411a-bf20-4975bb133b7f\" data-portal-id=\"147199682\"><\/div>\n<\/div>\n<\/div>\n<\/div>\n\n\n\n<div style=\"height:60px\" aria-hidden=\"true\" class=\"wp-block-spacer\"><\/div>\n<\/div>\n","protected":false},"excerpt":{"rendered":"<p>Aqu\u00ed est\u00e1 nuestra versi\u00f3n online \u2b07\ufe0f \u00bfQuieres m\u00e1s inspiraci\u00f3n en torno a estas fechas? Visita nuestro blog \ud83d\ude09 \u00danete a m\u00e1s de 9.000 profesionales y desc\u00e1rgate la versi\u00f3n en pdf M\u00e1s de 9.000 profesionales de marketing de las principales marcas europeas encuentran inspiraci\u00f3n en esta herramienta \u00bfQuieres ser uno de ellos? Desc\u00e1rgate la versi\u00f3n en [&hellip;]<\/p>\n","protected":false},"author":3,"featured_media":78232,"parent":0,"menu_order":0,"comment_status":"closed","ping_status":"closed","template":"","meta":{"footnotes":""},"class_list":["post-34596","page","type-page","status-publish","has-post-thumbnail","hentry"],"yoast_head":"<!-- This site is optimized with the Yoast SEO Premium plugin v27.3 (Yoast SEO v27.3) - https:\/\/yoast.com\/product\/yoast-seo-premium-wordpress\/ -->\n<title>Calendario de marketing de 2026 \u2013 Qualifio<\/title>\n<meta name=\"description\" content=\"Descarga el calendario de marketing de 2026 y prepara tu marca para que cada d\u00eda de 2026 sea un motivo de celebraci\u00f3n.\" \/>\n<meta name=\"robots\" content=\"index, follow, max-snippet:-1, max-image-preview:large, max-video-preview:-1\" \/>\n<link rel=\"canonical\" href=\"https:\/\/qualifio.com\/es\/calendario-marketing\/\" \/>\n<meta property=\"og:locale\" content=\"es_ES\" \/>\n<meta property=\"og:type\" content=\"article\" \/>\n<meta property=\"og:title\" content=\"Calendario marketing\" \/>\n<meta property=\"og:description\" content=\"Descarga el calendario de marketing de 2026 y prepara tu marca para que cada d\u00eda de 2026 sea un motivo de celebraci\u00f3n.\" \/>\n<meta property=\"og:url\" content=\"https:\/\/qualifio.com\/es\/calendario-marketing\/\" \/>\n<meta property=\"og:site_name\" content=\"Qualifio\" \/>\n<meta property=\"article:modified_time\" content=\"2026-02-17T16:12:47+00:00\" \/>\n<meta property=\"og:image\" content=\"https:\/\/qualifio.com\/wp-content\/uploads\/2025\/09\/banner-social-mkt-calendar-2026-ES.webp\" \/>\n\t<meta property=\"og:image:width\" content=\"1200\" \/>\n\t<meta property=\"og:image:height\" content=\"627\" \/>\n\t<meta property=\"og:image:type\" content=\"image\/webp\" \/>\n<meta name=\"twitter:card\" content=\"summary_large_image\" \/>\n<meta name=\"twitter:label1\" content=\"Tiempo de lectura\" \/>\n\t<meta name=\"twitter:data1\" content=\"1 minuto\" \/>\n<script type=\"application\/ld+json\" class=\"yoast-schema-graph\">{\"@context\":\"https:\\\/\\\/schema.org\",\"@graph\":[{\"@type\":\"WebPage\",\"@id\":\"https:\\\/\\\/qualifio.com\\\/es\\\/calendario-marketing\\\/\",\"url\":\"https:\\\/\\\/qualifio.com\\\/es\\\/calendario-marketing\\\/\",\"name\":\"Calendario de marketing de 2026 \u2013 Qualifio\",\"isPartOf\":{\"@id\":\"https:\\\/\\\/qualifio.com\\\/es\\\/#website\"},\"primaryImageOfPage\":{\"@id\":\"https:\\\/\\\/qualifio.com\\\/es\\\/calendario-marketing\\\/#primaryimage\"},\"image\":{\"@id\":\"https:\\\/\\\/qualifio.com\\\/es\\\/calendario-marketing\\\/#primaryimage\"},\"thumbnailUrl\":\"https:\\\/\\\/qualifio.com\\\/wp-content\\\/uploads\\\/2025\\\/09\\\/banner-social-mkt-calendar-2026-ES.webp\",\"datePublished\":\"2022-11-03T15:45:38+00:00\",\"dateModified\":\"2026-02-17T16:12:47+00:00\",\"description\":\"Descarga el calendario de marketing de 2026 y prepara tu marca para que cada d\u00eda de 2026 sea un motivo de celebraci\u00f3n.\",\"breadcrumb\":{\"@id\":\"https:\\\/\\\/qualifio.com\\\/es\\\/calendario-marketing\\\/#breadcrumb\"},\"inLanguage\":\"es\",\"potentialAction\":[{\"@type\":\"ReadAction\",\"target\":[\"https:\\\/\\\/qualifio.com\\\/es\\\/calendario-marketing\\\/\"]}]},{\"@type\":\"ImageObject\",\"inLanguage\":\"es\",\"@id\":\"https:\\\/\\\/qualifio.com\\\/es\\\/calendario-marketing\\\/#primaryimage\",\"url\":\"https:\\\/\\\/qualifio.com\\\/wp-content\\\/uploads\\\/2025\\\/09\\\/banner-social-mkt-calendar-2026-ES.webp\",\"contentUrl\":\"https:\\\/\\\/qualifio.com\\\/wp-content\\\/uploads\\\/2025\\\/09\\\/banner-social-mkt-calendar-2026-ES.webp\",\"width\":1200,\"height\":627,\"caption\":\"banner-social-mkt-calendar-2026-ES\"},{\"@type\":\"BreadcrumbList\",\"@id\":\"https:\\\/\\\/qualifio.com\\\/es\\\/calendario-marketing\\\/#breadcrumb\",\"itemListElement\":[{\"@type\":\"ListItem\",\"position\":1,\"name\":\"Home\",\"item\":\"https:\\\/\\\/qualifio.com\\\/es\\\/\"},{\"@type\":\"ListItem\",\"position\":2,\"name\":\"Calendario marketing\"}]},{\"@type\":\"WebSite\",\"@id\":\"https:\\\/\\\/qualifio.com\\\/es\\\/#website\",\"url\":\"https:\\\/\\\/qualifio.com\\\/es\\\/\",\"name\":\"Qualifio\",\"description\":\"Un site utilisant WordPress\",\"publisher\":{\"@id\":\"https:\\\/\\\/qualifio.com\\\/es\\\/#organization\"},\"potentialAction\":[{\"@type\":\"SearchAction\",\"target\":{\"@type\":\"EntryPoint\",\"urlTemplate\":\"https:\\\/\\\/qualifio.com\\\/es\\\/?s={search_term_string}\"},\"query-input\":{\"@type\":\"PropertyValueSpecification\",\"valueRequired\":true,\"valueName\":\"search_term_string\"}}],\"inLanguage\":\"es\"},{\"@type\":\"Organization\",\"@id\":\"https:\\\/\\\/qualifio.com\\\/es\\\/#organization\",\"name\":\"Qualifio\",\"url\":\"https:\\\/\\\/qualifio.com\\\/es\\\/\",\"logo\":{\"@type\":\"ImageObject\",\"inLanguage\":\"es\",\"@id\":\"https:\\\/\\\/qualifio.com\\\/es\\\/#\\\/schema\\\/logo\\\/image\\\/\",\"url\":\"https:\\\/\\\/qualifio.com\\\/wp-content\\\/uploads\\\/2022\\\/06\\\/banner-blog-news-simple.png\",\"contentUrl\":\"https:\\\/\\\/qualifio.com\\\/wp-content\\\/uploads\\\/2022\\\/06\\\/banner-blog-news-simple.png\",\"width\":460,\"height\":240,\"caption\":\"Qualifio\"},\"image\":{\"@id\":\"https:\\\/\\\/qualifio.com\\\/es\\\/#\\\/schema\\\/logo\\\/image\\\/\"}}]}<\/script>\n<!-- \/ Yoast SEO Premium plugin. -->","yoast_head_json":{"title":"Calendario de marketing de 2026 \u2013 Qualifio","description":"Descarga el calendario de marketing de 2026 y prepara tu marca para que cada d\u00eda de 2026 sea un motivo de celebraci\u00f3n.","robots":{"index":"index","follow":"follow","max-snippet":"max-snippet:-1","max-image-preview":"max-image-preview:large","max-video-preview":"max-video-preview:-1"},"canonical":"https:\/\/qualifio.com\/es\/calendario-marketing\/","og_locale":"es_ES","og_type":"article","og_title":"Calendario marketing","og_description":"Descarga el calendario de marketing de 2026 y prepara tu marca para que cada d\u00eda de 2026 sea un motivo de celebraci\u00f3n.","og_url":"https:\/\/qualifio.com\/es\/calendario-marketing\/","og_site_name":"Qualifio","article_modified_time":"2026-02-17T16:12:47+00:00","og_image":[{"width":1200,"height":627,"url":"https:\/\/qualifio.com\/wp-content\/uploads\/2025\/09\/banner-social-mkt-calendar-2026-ES.webp","type":"image\/webp"}],"twitter_card":"summary_large_image","twitter_misc":{"Tiempo de lectura":"1 minuto"},"schema":{"@context":"https:\/\/schema.org","@graph":[{"@type":"WebPage","@id":"https:\/\/qualifio.com\/es\/calendario-marketing\/","url":"https:\/\/qualifio.com\/es\/calendario-marketing\/","name":"Calendario de marketing de 2026 \u2013 Qualifio","isPartOf":{"@id":"https:\/\/qualifio.com\/es\/#website"},"primaryImageOfPage":{"@id":"https:\/\/qualifio.com\/es\/calendario-marketing\/#primaryimage"},"image":{"@id":"https:\/\/qualifio.com\/es\/calendario-marketing\/#primaryimage"},"thumbnailUrl":"https:\/\/qualifio.com\/wp-content\/uploads\/2025\/09\/banner-social-mkt-calendar-2026-ES.webp","datePublished":"2022-11-03T15:45:38+00:00","dateModified":"2026-02-17T16:12:47+00:00","description":"Descarga el calendario de marketing de 2026 y prepara tu marca para que cada d\u00eda de 2026 sea un motivo de celebraci\u00f3n.","breadcrumb":{"@id":"https:\/\/qualifio.com\/es\/calendario-marketing\/#breadcrumb"},"inLanguage":"es","potentialAction":[{"@type":"ReadAction","target":["https:\/\/qualifio.com\/es\/calendario-marketing\/"]}]},{"@type":"ImageObject","inLanguage":"es","@id":"https:\/\/qualifio.com\/es\/calendario-marketing\/#primaryimage","url":"https:\/\/qualifio.com\/wp-content\/uploads\/2025\/09\/banner-social-mkt-calendar-2026-ES.webp","contentUrl":"https:\/\/qualifio.com\/wp-content\/uploads\/2025\/09\/banner-social-mkt-calendar-2026-ES.webp","width":1200,"height":627,"caption":"banner-social-mkt-calendar-2026-ES"},{"@type":"BreadcrumbList","@id":"https:\/\/qualifio.com\/es\/calendario-marketing\/#breadcrumb","itemListElement":[{"@type":"ListItem","position":1,"name":"Home","item":"https:\/\/qualifio.com\/es\/"},{"@type":"ListItem","position":2,"name":"Calendario marketing"}]},{"@type":"WebSite","@id":"https:\/\/qualifio.com\/es\/#website","url":"https:\/\/qualifio.com\/es\/","name":"Qualifio","description":"Un site utilisant WordPress","publisher":{"@id":"https:\/\/qualifio.com\/es\/#organization"},"potentialAction":[{"@type":"SearchAction","target":{"@type":"EntryPoint","urlTemplate":"https:\/\/qualifio.com\/es\/?s={search_term_string}"},"query-input":{"@type":"PropertyValueSpecification","valueRequired":true,"valueName":"search_term_string"}}],"inLanguage":"es"},{"@type":"Organization","@id":"https:\/\/qualifio.com\/es\/#organization","name":"Qualifio","url":"https:\/\/qualifio.com\/es\/","logo":{"@type":"ImageObject","inLanguage":"es","@id":"https:\/\/qualifio.com\/es\/#\/schema\/logo\/image\/","url":"https:\/\/qualifio.com\/wp-content\/uploads\/2022\/06\/banner-blog-news-simple.png","contentUrl":"https:\/\/qualifio.com\/wp-content\/uploads\/2022\/06\/banner-blog-news-simple.png","width":460,"height":240,"caption":"Qualifio"},"image":{"@id":"https:\/\/qualifio.com\/es\/#\/schema\/logo\/image\/"}}]}},"_links":{"self":[{"href":"https:\/\/qualifio.com\/es\/wp-json\/wp\/v2\/pages\/34596","targetHints":{"allow":["GET"]}}],"collection":[{"href":"https:\/\/qualifio.com\/es\/wp-json\/wp\/v2\/pages"}],"about":[{"href":"https:\/\/qualifio.com\/es\/wp-json\/wp\/v2\/types\/page"}],"author":[{"embeddable":true,"href":"https:\/\/qualifio.com\/es\/wp-json\/wp\/v2\/users\/3"}],"replies":[{"embeddable":true,"href":"https:\/\/qualifio.com\/es\/wp-json\/wp\/v2\/comments?post=34596"}],"version-history":[{"count":0,"href":"https:\/\/qualifio.com\/es\/wp-json\/wp\/v2\/pages\/34596\/revisions"}],"wp:featuredmedia":[{"embeddable":true,"href":"https:\/\/qualifio.com\/es\/wp-json\/wp\/v2\/media\/78232"}],"wp:attachment":[{"href":"https:\/\/qualifio.com\/es\/wp-json\/wp\/v2\/media?parent=34596"}],"curies":[{"name":"wp","href":"https:\/\/api.w.org\/{rel}","templated":true}]}}