{"id":33935,"date":"2022-09-26T14:37:29","date_gmt":"2022-09-26T12:37:29","guid":{"rendered":"https:\/\/qualifio.com\/?page_id=33935"},"modified":"2022-09-27T10:52:50","modified_gmt":"2022-09-27T08:52:50","slug":"solicita-demo-gracias","status":"publish","type":"page","link":"https:\/\/qualifio.com\/es\/solicita-demo-gracias\/","title":{"rendered":"Thank you page"},"content":{"rendered":"\n<div style=\"height:150px\" aria-hidden=\"true\" class=\"wp-block-spacer\"><\/div>\n\n\n\n<div class=\"wp-block-columns wrapper-max is-layout-flex wp-container-core-columns-is-layout-28f84493 wp-block-columns-is-layout-flex\">\n<div class=\"wp-block-column is-layout-flow wp-block-column-is-layout-flow\">\n<h2 class=\"wp-block-heading\">\u00a1Gracias por contactarnos!<\/h2>\n\n\n\n<p>No lo puedes ver pero ahora mismo estamos haciendo nuestro baile de la felicidad (que es algo as\u00ed) \u27a1\ufe0f<\/p>\n\n\n\n<p>En breve, uno de nuestros comerciales se pondr\u00e1 en contacto contigo.<\/p>\n\n\n\n<p>Por el momento no tienes que hacer nada m\u00e1s.<\/p>\n\n\n\n<p>As\u00ed que si\u00e9ntate, rel\u00e1jate y lee lo que <a href=\"https:\/\/qualifio.com\/es\/casos-de-exito\/\">nuestros clientes dicen de nosotros<\/a>.<\/p>\n\n\n\n<div class=\"wp-block-columns are-vertically-aligned-top has-background is-layout-flex wp-container-core-columns-is-layout-28f84493 wp-block-columns-is-layout-flex\" style=\"background-color:#fff6e6\">\n<div class=\"wp-block-column is-vertically-aligned-top is-layout-flow wp-block-column-is-layout-flow\" style=\"flex-basis:15%\">\n<figure class=\"wp-block-image size-full\"><img loading=\"lazy\" decoding=\"async\" width=\"100\" height=\"100\" src=\"https:\/\/qualifio.com\/wp-content\/uploads\/2022\/09\/quotes-3.png\" alt=\"\" class=\"wp-image-33909\"\/><\/figure>\n<\/div>\n\n\n\n<div class=\"wp-block-column is-vertically-aligned-top is-layout-flow wp-block-column-is-layout-flow\" style=\"flex-basis:85%\">\n<p><\/p>\n\n\n\n<p><em>En Mr. Wonderful, el uso de Qualifio es evidente. Todas nuestras acciones se conciben con la herramienta y con m\u00e1s de 50 formatos interactivos. Desde el brainstorming, hasta el proceso creativo y la conceptualizaci\u00f3n, Qualifio forma ya parte de nuestro ADN. Queremos usarlo cada vez m\u00e1s porque nos permite ser flexibles y reactivos, y es s\u00faper f\u00e1cil de usar.<\/em><\/p>\n\n\n\n<p class=\"has-small-font-size\">&#8211; Mr. Wonderful<\/p>\n<\/div>\n<\/div>\n\n\n\n<p>Que tengas un muy buen d\u00eda \ud83d\udd7a<\/p>\n<\/div>\n\n\n\n<div class=\"wp-block-column is-layout-flow wp-block-column-is-layout-flow\">\n<figure class=\"wp-block-image size-full\"><img loading=\"lazy\" decoding=\"async\" width=\"480\" height=\"360\" src=\"https:\/\/qualifio.com\/wp-content\/uploads\/2022\/09\/dancers-gif.gif\" alt=\"\" class=\"wp-image-33793\"\/><\/figure>\n<\/div>\n<\/div>\n","protected":false},"excerpt":{"rendered":"<p>\u00a1Gracias por contactarnos! No lo puedes ver pero ahora mismo estamos haciendo nuestro baile de la felicidad (que es algo as\u00ed) \u27a1\ufe0f En breve, uno de nuestros comerciales se pondr\u00e1 en contacto contigo. Por el momento no tienes que hacer nada m\u00e1s. As\u00ed que si\u00e9ntate, rel\u00e1jate y lee lo que nuestros clientes dicen de nosotros. [&hellip;]<\/p>\n","protected":false},"author":2,"featured_media":0,"parent":0,"menu_order":0,"comment_status":"closed","ping_status":"closed","template":"","meta":{"footnotes":""},"class_list":["post-33935","page","type-page","status-publish","hentry"],"yoast_head":"<!-- This site is optimized with the Yoast SEO Premium plugin v27.3 (Yoast SEO v27.3) - https:\/\/yoast.com\/product\/yoast-seo-premium-wordpress\/ -->\n<title>Gracias por contactarnos - Qualifio<\/title>\n<meta name=\"description\" content=\"\u00a1Gracias por contactarnos! En breve, uno de nuestros comerciales se pondr\u00e1 en contacto contigo. Por el momento no tienes que hacer nada m\u00e1s.\" \/>\n<meta name=\"robots\" content=\"index, follow, max-snippet:-1, max-image-preview:large, max-video-preview:-1\" \/>\n<link rel=\"canonical\" href=\"https:\/\/qualifio.com\/es\/solicita-demo-gracias\/\" \/>\n<meta property=\"og:locale\" content=\"es_ES\" \/>\n<meta property=\"og:type\" content=\"article\" \/>\n<meta property=\"og:title\" content=\"Thank you page\" \/>\n<meta property=\"og:description\" content=\"\u00a1Gracias por contactarnos! En breve, uno de nuestros comerciales se pondr\u00e1 en contacto contigo. Por el momento no tienes que hacer nada m\u00e1s.\" \/>\n<meta property=\"og:url\" content=\"https:\/\/qualifio.com\/es\/solicita-demo-gracias\/\" \/>\n<meta property=\"og:site_name\" content=\"Qualifio\" \/>\n<meta property=\"article:modified_time\" content=\"2022-09-27T08:52:50+00:00\" \/>\n<meta property=\"og:image\" content=\"https:\/\/qualifio.com\/wp-content\/uploads\/2022\/09\/quotes-3.png\" \/>\n<meta name=\"twitter:card\" content=\"summary_large_image\" \/>\n<meta name=\"twitter:label1\" content=\"Tiempo de lectura\" \/>\n\t<meta name=\"twitter:data1\" content=\"1 minuto\" \/>\n<script type=\"application\/ld+json\" class=\"yoast-schema-graph\">{\"@context\":\"https:\\\/\\\/schema.org\",\"@graph\":[{\"@type\":\"WebPage\",\"@id\":\"https:\\\/\\\/qualifio.com\\\/es\\\/solicita-demo-gracias\\\/\",\"url\":\"https:\\\/\\\/qualifio.com\\\/es\\\/solicita-demo-gracias\\\/\",\"name\":\"Gracias por contactarnos - Qualifio\",\"isPartOf\":{\"@id\":\"https:\\\/\\\/qualifio.com\\\/es\\\/#website\"},\"primaryImageOfPage\":{\"@id\":\"https:\\\/\\\/qualifio.com\\\/es\\\/solicita-demo-gracias\\\/#primaryimage\"},\"image\":{\"@id\":\"https:\\\/\\\/qualifio.com\\\/es\\\/solicita-demo-gracias\\\/#primaryimage\"},\"thumbnailUrl\":\"https:\\\/\\\/qualifio.com\\\/wp-content\\\/uploads\\\/2022\\\/09\\\/quotes-3.png\",\"datePublished\":\"2022-09-26T12:37:29+00:00\",\"dateModified\":\"2022-09-27T08:52:50+00:00\",\"description\":\"\u00a1Gracias por contactarnos! En breve, uno de nuestros comerciales se pondr\u00e1 en contacto contigo. Por el momento no tienes que hacer nada m\u00e1s.\",\"breadcrumb\":{\"@id\":\"https:\\\/\\\/qualifio.com\\\/es\\\/solicita-demo-gracias\\\/#breadcrumb\"},\"inLanguage\":\"es\",\"potentialAction\":[{\"@type\":\"ReadAction\",\"target\":[\"https:\\\/\\\/qualifio.com\\\/es\\\/solicita-demo-gracias\\\/\"]}]},{\"@type\":\"ImageObject\",\"inLanguage\":\"es\",\"@id\":\"https:\\\/\\\/qualifio.com\\\/es\\\/solicita-demo-gracias\\\/#primaryimage\",\"url\":\"https:\\\/\\\/qualifio.com\\\/wp-content\\\/uploads\\\/2022\\\/09\\\/quotes-3.png\",\"contentUrl\":\"https:\\\/\\\/qualifio.com\\\/wp-content\\\/uploads\\\/2022\\\/09\\\/quotes-3.png\"},{\"@type\":\"BreadcrumbList\",\"@id\":\"https:\\\/\\\/qualifio.com\\\/es\\\/solicita-demo-gracias\\\/#breadcrumb\",\"itemListElement\":[{\"@type\":\"ListItem\",\"position\":1,\"name\":\"Home\",\"item\":\"https:\\\/\\\/qualifio.com\\\/es\\\/\"},{\"@type\":\"ListItem\",\"position\":2,\"name\":\"Thank you page\"}]},{\"@type\":\"WebSite\",\"@id\":\"https:\\\/\\\/qualifio.com\\\/es\\\/#website\",\"url\":\"https:\\\/\\\/qualifio.com\\\/es\\\/\",\"name\":\"Qualifio\",\"description\":\"Un site utilisant WordPress\",\"publisher\":{\"@id\":\"https:\\\/\\\/qualifio.com\\\/es\\\/#organization\"},\"potentialAction\":[{\"@type\":\"SearchAction\",\"target\":{\"@type\":\"EntryPoint\",\"urlTemplate\":\"https:\\\/\\\/qualifio.com\\\/es\\\/?s={search_term_string}\"},\"query-input\":{\"@type\":\"PropertyValueSpecification\",\"valueRequired\":true,\"valueName\":\"search_term_string\"}}],\"inLanguage\":\"es\"},{\"@type\":\"Organization\",\"@id\":\"https:\\\/\\\/qualifio.com\\\/es\\\/#organization\",\"name\":\"Qualifio\",\"url\":\"https:\\\/\\\/qualifio.com\\\/es\\\/\",\"logo\":{\"@type\":\"ImageObject\",\"inLanguage\":\"es\",\"@id\":\"https:\\\/\\\/qualifio.com\\\/es\\\/#\\\/schema\\\/logo\\\/image\\\/\",\"url\":\"https:\\\/\\\/qualifio.com\\\/wp-content\\\/uploads\\\/2022\\\/06\\\/banner-blog-news-simple.png\",\"contentUrl\":\"https:\\\/\\\/qualifio.com\\\/wp-content\\\/uploads\\\/2022\\\/06\\\/banner-blog-news-simple.png\",\"width\":460,\"height\":240,\"caption\":\"Qualifio\"},\"image\":{\"@id\":\"https:\\\/\\\/qualifio.com\\\/es\\\/#\\\/schema\\\/logo\\\/image\\\/\"}}]}<\/script>\n<!-- \/ Yoast SEO Premium plugin. -->","yoast_head_json":{"title":"Gracias por contactarnos - Qualifio","description":"\u00a1Gracias por contactarnos! En breve, uno de nuestros comerciales se pondr\u00e1 en contacto contigo. Por el momento no tienes que hacer nada m\u00e1s.","robots":{"index":"index","follow":"follow","max-snippet":"max-snippet:-1","max-image-preview":"max-image-preview:large","max-video-preview":"max-video-preview:-1"},"canonical":"https:\/\/qualifio.com\/es\/solicita-demo-gracias\/","og_locale":"es_ES","og_type":"article","og_title":"Thank you page","og_description":"\u00a1Gracias por contactarnos! En breve, uno de nuestros comerciales se pondr\u00e1 en contacto contigo. Por el momento no tienes que hacer nada m\u00e1s.","og_url":"https:\/\/qualifio.com\/es\/solicita-demo-gracias\/","og_site_name":"Qualifio","article_modified_time":"2022-09-27T08:52:50+00:00","og_image":[{"url":"https:\/\/qualifio.com\/wp-content\/uploads\/2022\/09\/quotes-3.png","type":"","width":"","height":""}],"twitter_card":"summary_large_image","twitter_misc":{"Tiempo de lectura":"1 minuto"},"schema":{"@context":"https:\/\/schema.org","@graph":[{"@type":"WebPage","@id":"https:\/\/qualifio.com\/es\/solicita-demo-gracias\/","url":"https:\/\/qualifio.com\/es\/solicita-demo-gracias\/","name":"Gracias por contactarnos - Qualifio","isPartOf":{"@id":"https:\/\/qualifio.com\/es\/#website"},"primaryImageOfPage":{"@id":"https:\/\/qualifio.com\/es\/solicita-demo-gracias\/#primaryimage"},"image":{"@id":"https:\/\/qualifio.com\/es\/solicita-demo-gracias\/#primaryimage"},"thumbnailUrl":"https:\/\/qualifio.com\/wp-content\/uploads\/2022\/09\/quotes-3.png","datePublished":"2022-09-26T12:37:29+00:00","dateModified":"2022-09-27T08:52:50+00:00","description":"\u00a1Gracias por contactarnos! En breve, uno de nuestros comerciales se pondr\u00e1 en contacto contigo. Por el momento no tienes que hacer nada m\u00e1s.","breadcrumb":{"@id":"https:\/\/qualifio.com\/es\/solicita-demo-gracias\/#breadcrumb"},"inLanguage":"es","potentialAction":[{"@type":"ReadAction","target":["https:\/\/qualifio.com\/es\/solicita-demo-gracias\/"]}]},{"@type":"ImageObject","inLanguage":"es","@id":"https:\/\/qualifio.com\/es\/solicita-demo-gracias\/#primaryimage","url":"https:\/\/qualifio.com\/wp-content\/uploads\/2022\/09\/quotes-3.png","contentUrl":"https:\/\/qualifio.com\/wp-content\/uploads\/2022\/09\/quotes-3.png"},{"@type":"BreadcrumbList","@id":"https:\/\/qualifio.com\/es\/solicita-demo-gracias\/#breadcrumb","itemListElement":[{"@type":"ListItem","position":1,"name":"Home","item":"https:\/\/qualifio.com\/es\/"},{"@type":"ListItem","position":2,"name":"Thank you page"}]},{"@type":"WebSite","@id":"https:\/\/qualifio.com\/es\/#website","url":"https:\/\/qualifio.com\/es\/","name":"Qualifio","description":"Un site utilisant WordPress","publisher":{"@id":"https:\/\/qualifio.com\/es\/#organization"},"potentialAction":[{"@type":"SearchAction","target":{"@type":"EntryPoint","urlTemplate":"https:\/\/qualifio.com\/es\/?s={search_term_string}"},"query-input":{"@type":"PropertyValueSpecification","valueRequired":true,"valueName":"search_term_string"}}],"inLanguage":"es"},{"@type":"Organization","@id":"https:\/\/qualifio.com\/es\/#organization","name":"Qualifio","url":"https:\/\/qualifio.com\/es\/","logo":{"@type":"ImageObject","inLanguage":"es","@id":"https:\/\/qualifio.com\/es\/#\/schema\/logo\/image\/","url":"https:\/\/qualifio.com\/wp-content\/uploads\/2022\/06\/banner-blog-news-simple.png","contentUrl":"https:\/\/qualifio.com\/wp-content\/uploads\/2022\/06\/banner-blog-news-simple.png","width":460,"height":240,"caption":"Qualifio"},"image":{"@id":"https:\/\/qualifio.com\/es\/#\/schema\/logo\/image\/"}}]}},"_links":{"self":[{"href":"https:\/\/qualifio.com\/es\/wp-json\/wp\/v2\/pages\/33935","targetHints":{"allow":["GET"]}}],"collection":[{"href":"https:\/\/qualifio.com\/es\/wp-json\/wp\/v2\/pages"}],"about":[{"href":"https:\/\/qualifio.com\/es\/wp-json\/wp\/v2\/types\/page"}],"author":[{"embeddable":true,"href":"https:\/\/qualifio.com\/es\/wp-json\/wp\/v2\/users\/2"}],"replies":[{"embeddable":true,"href":"https:\/\/qualifio.com\/es\/wp-json\/wp\/v2\/comments?post=33935"}],"version-history":[{"count":0,"href":"https:\/\/qualifio.com\/es\/wp-json\/wp\/v2\/pages\/33935\/revisions"}],"wp:attachment":[{"href":"https:\/\/qualifio.com\/es\/wp-json\/wp\/v2\/media?parent=33935"}],"curies":[{"name":"wp","href":"https:\/\/api.w.org\/{rel}","templated":true}]}}