{"id":3037,"date":"2021-12-03T14:05:24","date_gmt":"2021-12-03T13:05:24","guid":{"rendered":"https:\/\/qualifio.com\/?page_id=3037"},"modified":"2026-02-17T12:12:04","modified_gmt":"2026-02-17T11:12:04","slug":"planes","status":"publish","type":"page","link":"https:\/\/qualifio.com\/es\/planes\/","title":{"rendered":"Planes"},"content":{"rendered":"\n<section class=\"wp-block-fidelo-page-header main-top-page mix-head marine-head\" data-blockstyle=\"mix-head\"><div class=\"top-page wrapper-max\"><div class=\"top-center-description\">\n<h1 class=\"wp-block-heading has-text-align-center\" id=\"a-quick-look-at-qualifio-licences\">Tu plan, a tu manera<\/h1>\n\n\n\n<p class=\"has-text-align-center\">Habla con nuestro equipo y recibe un presupuesto adaptado a tus objetivos y necesidades.<\/p>\n<\/div><\/div><\/section>\n\n\n\n<div class=\"wp-block-group bg-light-grey is-layout-constrained wp-block-group-is-layout-constrained\">\n<div class=\"wp-block-group wrapper-max is-layout-constrained wp-block-group-is-layout-constrained\">\n<div class=\"wp-block-columns are-vertically-aligned-center is-layout-flex wp-container-core-columns-is-layout-28f84493 wp-block-columns-is-layout-flex\">\n<div class=\"wp-block-column is-vertically-aligned-center has-background is-layout-flow wp-block-column-is-layout-flow\" style=\"background-color:#ffffff00;flex-basis:48%\">\n<figure class=\"wp-block-image size-full\"><img loading=\"lazy\" decoding=\"async\" width=\"2000\" height=\"1106\" src=\"https:\/\/qualifio.com\/wp-content\/uploads\/2024\/05\/engage-devices.png\" alt=\"essential-devices\" class=\"wp-image-45802\" srcset=\"https:\/\/qualifio.com\/wp-content\/uploads\/2024\/05\/engage-devices.png 2000w, https:\/\/qualifio.com\/wp-content\/uploads\/2024\/05\/engage-devices-300x166.png 300w, https:\/\/qualifio.com\/wp-content\/uploads\/2024\/05\/engage-devices-1024x566.png 1024w, https:\/\/qualifio.com\/wp-content\/uploads\/2024\/05\/engage-devices-768x425.png 768w, https:\/\/qualifio.com\/wp-content\/uploads\/2024\/05\/engage-devices-1536x849.png 1536w\" sizes=\"auto, (max-width: 2000px) 100vw, 2000px\" \/><\/figure>\n<\/div>\n\n\n\n<div class=\"wp-block-column is-vertically-aligned-center orange-list has-background is-layout-flow wp-block-column-is-layout-flow\" style=\"background-color:#ffffff00;flex-basis:48%\">\n<div class=\"wp-block-group has-background is-layout-constrained wp-block-group-is-layout-constrained\" style=\"background-color:#ffffff\">\n<div style=\"height:40px\" aria-hidden=\"true\" class=\"wp-block-spacer\"><\/div>\n\n\n\n<h3 class=\"wp-block-heading has-text-align-left has-text-color has-link-color wp-elements-bff78d4969535ba32f771beac089c14f\" id=\"h-plan-anual\" style=\"color:#fba026;font-size:clamp(16.834px, 1.052rem + ((1vw - 3.2px) * 0.716), 26px);letter-spacing:1px\">Plan anual<\/h3>\n\n\n\n<p class=\"has-text-align-left\">Qualifio te permite recopilar datos y generar engagement a trav\u00e9s de quizzes, juegos, encuestas, concursos, y otros m\u00e1s de 50 formatos interactivos y gamificados.<\/p>\n\n\n\n<ul class=\"wp-block-list\">\n<li>50+ formatos interactivos<\/li>\n\n\n\n<li>N\u00famero de campa\u00f1as ilimitado<\/li>\n\n\n\n<li>Poderosos formularios y opt-ins<\/li>\n\n\n\n<li>Funciones que cumplen con el RGPD<\/li>\n\n\n\n<li>Estad\u00edsticas globales y de participantes<\/li>\n\n\n\n<li>Integraciones nativas<\/li>\n<\/ul>\n\n\n\n<div style=\"height:15px\" aria-hidden=\"true\" class=\"wp-block-spacer\"><\/div>\n\n\n\n<p class=\"has-text-align-left\"><a class=\"qlf-cta\" href=\"#plans-form\">Pide un presupuesto<\/a><\/p>\n<\/div>\n<\/div>\n<\/div>\n<\/div>\n<\/div>\n\n\n\n<div class=\"wp-block-group bg-marine is-layout-constrained wp-block-group-is-layout-constrained\">\n<div class=\"wp-block-group wrapper-max is-layout-constrained wp-block-group-is-layout-constrained\">\n<h2 class=\"wp-block-heading has-text-align-center\" id=\"h-un-enfoque-incremental\">Un enfoque incremental<\/h2>\n\n\n\n<p class=\"has-text-align-center\">Entendemos que lo que vale para unos no vale para todos. <span style=\"box-sizing:border-box;margin:0;padding:0;text-align:left\">Por ello, nuestro&nbsp;<strong>plan anual<\/strong><\/span>&nbsp;est\u00e1 dise\u00f1ado con flexibilidad y calculado de acuerdo con tres variables, dependiendo de tu uso de la plataforma y de los objetivos de tu organizaci\u00f3n.<\/p>\n\n\n\n<div class=\"wp-block-columns is-layout-flex wp-container-core-columns-is-layout-28f84493 wp-block-columns-is-layout-flex\">\n<div class=\"wp-block-column is-layout-flow wp-block-column-is-layout-flow\">\n<div class=\"wp-block-fidelo-icon-picker align-center\"><svg id=\"Calque_2\" xmlns=\"http:\/\/www.w3.org\/2000\/svg\" viewBox=\"0 0 158.94 159.37\"><g id=\"icons\"><path d=\"m134.95,40.52c.72.24,1.57-.03,2.09-.55,7.09-7.09,14.18-14.18,21.27-21.27,1.19-1.19.56-3.09-.95-3.6-2.59-.86-5.18-1.73-7.77-2.59l.68-.68c1.96-1.96-1.08-5-3.04-3.04l-.73.73c-.88-2.65-1.77-5.3-2.65-7.95-.5-1.51-2.4-2.14-3.6-.95-7.09,7.09-14.18,14.19-21.28,21.28-.52.52-.79,1.38-.55,2.09,1.13,3.4,2.27,6.8,3.4,10.2-1.27,1.27-2.48,2.55-3.76,3.82-10.39-9.32-24.14-14.51-37.05-15.06V5.21c0-2.87-4.3-2.87-4.3,0v17.72c-7.17.24-15.25,1.67-22.42,4.95-19.85,9.09-32.97,28.95-33.8,50.46H2.15c-2.87,0-2.87,4.3,0,4.3h18.34c.05,1.43.12,2.76.25,3.99,2.52,24.13,20.23,44.95,43.87,50.81,3.99.99,7.8,1.67,12.1,1.79v17.97c0,2.87,4.3,2.87,4.3,0v-17.99c18.64-.77,35.72-10.43,46.25-26.06,6.19-9.19,9.27-19.05,9.59-30.52h18.73c2.87,0,2.87-4.3,0-4.3h-18.77c-.59-12.91-6-27.09-15.75-37.6,1.28-1.28,2.57-2.43,3.85-3.71,3.34,1.11,6.68,2.37,10.02,3.48Zm-9.76-9.81c-.75-2.23-1.49-4.47-2.24-6.7,5.96-5.96,11.92-11.92,17.88-17.88.74,2.24,1.49,4.47,2.23,6.71-5.96,5.96-11.92,11.92-17.88,17.88Zm27.62-12.6c-5.96,5.96-11.92,11.92-17.88,17.88-2.2-.74-4.41-1.47-6.61-2.2,4.49-4.49,8.98-8.98,13.46-13.46,1.47-1.47,2.94-2.94,4.41-4.41,2.2.73,4.41,1.47,6.61,2.2Zm-37.79,22.96c-3.44,3.44-6.84,6.88-10.28,10.31-6.77-5.77-15.12-9.07-23.72-9.57v-14.52c12.91.55,24.41,5.25,34.01,13.78Zm-8.19,41.59h6.95c-.24,4.3-1.22,9-3.18,13.11-5.51,11.6-16.69,19.54-29.59,20.36v-7.66c0-2.87-4.3-2.87-4.3,0v7.65s-.9-.03-1.31-.07c-14.63-1.4-27.14-12.45-30.73-26.69-.53-2.12-.87-3.83-.99-6.7h7.21c2.87,0,2.87-4.3,0-4.3h-7.22c.7-10.04,6.29-20.52,15.36-26.65,5.38-3.64,11.94-5.27,17.67-5.61v7.88c0,2.87,4.3,2.87,4.3,0v-7.84c7.17.5,14.68,3.31,20.64,8.3-3.81,3.81-7.65,7.61-11.45,11.42-5.53-4.01-12.68-5.06-19.14-2.25-7.49,3.26-12.17,11.26-11.3,19.39,1.82,17.16,24.36,23.13,34.49,9.2,5.21-7.16,4.44-16.71-.93-23.4,3.79-3.79,7.58-7.86,11.37-11.65,5.37,6.04,8.51,14.04,9.06,21.21h-6.91c-2.87,0-2.87,4.3,0,4.3Zm-25.94-1.44c3.12-3.12,6.24-6.24,9.36-9.36,4.48,5.86,4.38,14.24-1.05,19.68-5.73,5.73-15.2,5.67-20.94,0-5.59-5.54-5.69-14.82-.35-20.55,5.13-5.5,13.21-5.98,19.17-2.04l-.75.75c-2.83,2.83-5.66,5.66-8.49,8.49-1.96,1.96,1.08,5,3.04,3.04Zm-31.91-45.46c8.45-5.58,17.69-8.16,27.73-8.49v14.51c-4.3.24-9.62,1.05-14.17,3.08-13.37,5.96-22.38,19.16-23.19,33.5h-14.53c.76-15.77,9.61-32.99,24.16-42.6Zm24.92,99.08c-22.65-1.98-42.06-19.01-47.54-41.02-.9-3.6-1.43-6.86-1.56-11.16h14.58c.03,1.43.05,1.43.11,2,1.7,16.32,13.59,30.46,29.59,34.49,2.51.63,4.77,1.12,7.64,1.24v14.6c-1.43-.03-1.9-.08-2.81-.16Zm53.88-31.27c-8.61,18.33-26.69,30.52-46.76,31.41v-14.58c11.47-.72,23.25-7.16,30.29-17.28,4.26-6.12,6.37-13.29,6.7-20.46h14.63c-.23,7.17-1.76,14.32-4.86,20.91Zm-9.81-25.21c-.55-8.6-4.07-17.35-10.25-24.24,3.44-3.44,6.88-7.02,10.32-10.46,8.9,9.63,13.98,23.23,14.58,34.7h-14.64Z\"><\/path><\/g><\/svg><\/div>\n\n\n\n<div style=\"height:30px\" aria-hidden=\"true\" class=\"wp-block-spacer\"><\/div>\n\n\n\n<h3 class=\"wp-block-heading has-text-align-center\" id=\"h-rango-de-marcas\">Rango de marcas<\/h3>\n\n\n\n<p class=\"has-text-align-center\">Haz tu plan a medida para que encaje con los objetivos de tu organizaci\u00f3n, especificando el n\u00famero de marcas, p\u00e1ginas web, usuarios, y regiones en las que lanzar\u00e1s tus campa\u00f1as.<\/p>\n<\/div>\n\n\n\n<div class=\"wp-block-column is-layout-flow wp-block-column-is-layout-flow\">\n<div class=\"wp-block-fidelo-icon-picker align-center\"><svg xmlns=\"http:\/\/www.w3.org\/2000\/svg\" viewBox=\"0 0 163.36 142.72\"><g id=\"Calque_2\" data-name=\"Calque 2\"><g id=\"Calque_1-2\" data-name=\"Calque 1\"><path d=\"M4.4,68.92a43,43,0,0,0,0,4.68v5.63a2.18,2.18,0,0,0,2.15,2.15h4.89a28.11,28.11,0,0,0,2.92,10.44c9,17.23,32.77,19.57,45.56,5.59a36.65,36.65,0,0,0,41.2-2.1,27.93,27.93,0,0,0,49.22-5.71,28.86,28.86,0,0,0,1.72-8.09,7.2,7.2,0,0,0,5.71-4.73c.72-2.17.4-4.78.4-7s.33-4.85-.4-7A7.19,7.19,0,0,0,152.12,58a29.74,29.74,0,0,0-1.78-9,26.08,26.08,0,0,0-1.13-2.52,24.77,24.77,0,0,0-2.19-3.7,28,28,0,0,0-8.19-7.59,15,15,0,0,0-13.79-13,15,15,0,0,0-6.48-12.56c-3.88-2.59-8.26-2.49-12.69-2.47A19.17,19.17,0,0,0,90.59,0C86.72,0,82.84,0,79,0H32.78a2.19,2.19,0,0,0-2.15,2.15c0,6.54-1.15,14.45,1.66,20.55a18.1,18.1,0,0,0,4.31,5.83c-6.64-.12-13.26.5-17.69,5.64-5.64.09-11.08,1-13.6,7-1.4,3.32-.91,7.41-.91,10.93V64.23A43.15,43.15,0,0,0,4.4,68.92Zm6.34-6.69c0,1.81.17,3.62.17,5.22v8.24a3.89,3.89,0,0,1-2.22-2.36V64.51A3.72,3.72,0,0,1,10.74,62.23ZM33,101.66A23.89,23.89,0,0,1,16.24,84.93a28.19,28.19,0,0,1-.83-6.1,1.38,1.38,0,0,0,0-.2V58.14s0-.06,0-.09c1.07-3.84,5.66-3.27,9.12-3.27h9.26a24.83,24.83,0,0,0,.3,6.3A9.05,9.05,0,0,0,42,68v.08a36.63,36.63,0,0,0,8,20.78A36.16,36.16,0,0,0,56.28,95,23.9,23.9,0,0,1,33,101.66Zm9-59.73V58c0,1.88,0,3.78,0,5.68-4.56-1-3.73-6.78-3.73-10.72C38.18,49.61,37.37,42.32,42,41.93Zm12.9,46a32.15,32.15,0,0,1-8.58-20.86c-.09-2.84,0-5.69,0-8.53V33.09a68.16,68.16,0,0,0,9.58.22h38c5.71,0,16-1.75,17.86,4.88a1.65,1.65,0,0,0,0,.32V63c0,12.38-4.42,23.73-15.38,30.49A33.28,33.28,0,0,1,54.85,88Zm71.41-52.51c.41,0,.83.08,1.23.15.13,0,.26,0,.38.06.43.07.86.15,1.28.24l.27.06c.47.11.94.23,1.41.37l.09,0a24.51,24.51,0,0,1,4,1.61,2.19,2.19,0,0,0,2,1.12,23.24,23.24,0,0,1,6,5.39l.23.3c.22.29.43.58.63.88s.28.41.41.62.17.28.26.42c2.86,4.72,3.36,9.68,3.43,14.94h-5.64l-3.9-6.75a2.17,2.17,0,0,0-3.71,0q-1.94,3.38-3.89,6.75h-6.29c.07-.15.14-.29.2-.45.91-2.46.4-5.72.4-8.27,0-2.36.4-5.21-.19-7.56a2.19,2.19,0,0,0,.19-.92c0-3,0-6,0-9.08l.78,0Zm-5.52,17.47a39,39,0,0,1,0,5.92c-.35,2.25-2.55,3.59-4.79,4.34,0-6.84,0-13.68,0-20.52,2.2.74,4.36,2.05,4.79,4.21C121.11,48.71,120.74,51,120.74,52.91Zm27.15,26.72a24,24,0,0,1-13.64,21.45c-10.69,5-23.33,1.08-29.84-8.54a37.15,37.15,0,0,0,11.45-24.88,16.69,16.69,0,0,0,4.43-1.77,2.1,2.1,0,0,0,.37,0c3.56,0,7.79.68,11.28,0,2-.39,3.49-3,4.69-5.41l.6,1c.66,1.14,1.45,3.36,2.68,4.07s3.28.29,4.54.29h3.44C147.89,70.49,148,75.06,147.89,79.63Zm6-9.88c0,2.35.57,6-1.61,7.22,0-2.57-.08-5.14-.08-7.67,0-2.23.07-4.5.07-6.77C154.44,63.74,153.87,67.41,153.87,69.75Zm-20.14-37a29.87,29.87,0,0,0-5.14-1.34l-.25,0q-.84-.14-1.68-.21l-.44-.05-1.15-.07c0-1.5,0-3,0-4.5A10.61,10.61,0,0,1,133.73,32.76ZM34.9,4.31H76.83c5.52,0,11.8-.82,17.28.26a14,14,0,0,1,5.31,2.25c1.58,1.1,2.46,3,3.93,4.07s3.34.63,5,.63c6.5,0,12.09,3.07,12.42,10.24.29,6.13.12,12.31,0,18.46a16.75,16.75,0,0,0-4.75-2,10.87,10.87,0,0,0-8.73-9,41.7,41.7,0,0,0-7.5-.2H59.18c-5.65,0-12.28,1-17.33-1.88C33.69,22.41,34.68,12.59,34.9,4.31ZM13.62,38.81c2.26-.7,5.31.47,7.37-.63,1.62-.87,2.48-3,4.22-3.92a10.77,10.77,0,0,1,5-1.19c3.9-.14,7.81-.06,11.71,0v4.76a9.14,9.14,0,0,0-7.23,5.12c-1.06,2.25-.95,5-.87,7.56H23.7c-4.84,0-9.94.08-12.11,5.34a10.19,10.19,0,0,0-.49,1.68,13.06,13.06,0,0,0-2.41,1V51.24C8.69,46.61,7.93,40.58,13.62,38.81Z\"><\/path><path d=\"M163.28,122.67c-.32-7.61-6.79-12.19-14-12.38-8.84-.23-17.7,0-26.53,0-6.73-3.78-16-2.52-23.37-2.52H48.85a37.37,37.37,0,0,0-8.84.56,18.43,18.43,0,0,0-3.8,1.38,2.18,2.18,0,0,0-1-.25H23.4c-4,0-8.34-.46-12.3.24a13,13,0,0,0-11,12.57c-.11,4.11,0,8.23,0,12.34,0,2.77,4.29,2.77,4.29,0V123.44c0-5.87,3.73-9.48,9.68-9.69,5.64-.19,11.32-.08,17,0a16.69,16.69,0,0,0-4,10.92c0,5.33,0,10.66,0,16,0,2.76,4.3,2.76,4.3,0V127.38c0-1.56-.12-3.18,0-4.74.48-4.67,4.1-8.26,8.39-9.74,2.81-1,5.7-.84,8.62-.84H60.6l7,0v15.72c0,2.76,4.3,2.76,4.3,0V112l7.42-.07v15.83c0,2.76,4.3,2.76,4.3,0V111.9c9.86-.09,19.72-.13,29.56.16,4.5.14,9,1.86,11.62,5.7,1.69,2.47,1.84,5.12,1.84,8v14.91c0,2.77,4.29,2.77,4.29,0,0-8.42,1.78-19-3.32-26h20c5.46,0,11.13,2,11.36,8.4.15,4.14,0,8.31,0,12.46,0,2.77,4.3,2.77,4.3,0C163.28,131.2,163.46,126.91,163.28,122.67Z\"><\/path><\/g><\/g><\/svg><\/div>\n\n\n\n<div style=\"height:30px\" aria-hidden=\"true\" class=\"wp-block-spacer\"><\/div>\n\n\n\n<h3 class=\"wp-block-heading has-text-align-center\" id=\"h-nivel-de-servicio\">Nivel de servicio<\/h3>\n\n\n\n<p class=\"has-text-align-center\">\u00a1Recibe el apoyo necesarios para maximizar tu uso de Qualifio! Esto incluye un Customer Success Manager, as\u00ed como&nbsp;<a href=\"https:\/\/qualifio.com\/es\/integraciones\/\">integraciones<\/a>&nbsp;para evitar silos de datos y acceso a nuestro&nbsp;<a href=\"https:\/\/qualifio.com\/es\/studio\/\">Studio<\/a>&nbsp;para la creaci\u00f3n de campa\u00f1as personalizadas.<\/p>\n<\/div>\n\n\n\n<div class=\"wp-block-column is-layout-flow wp-block-column-is-layout-flow\">\n<div class=\"wp-block-fidelo-icon-picker align-center\"><svg xmlns=\"http:\/\/www.w3.org\/2000\/svg\" viewBox=\"0 0 147.23 147.28\"><g id=\"Calque_2\" data-name=\"Calque 2\"><g id=\"Calque_1-2\" data-name=\"Calque 1\"><path d=\"M67.68,99.89a2.88,2.88,0,1,0-4.07,0,2.87,2.87,0,0,0,4.07,0Z\"><\/path><path d=\"M54.06,31.63A31.64,31.64,0,1,0,85.7,0,31.68,31.68,0,0,0,54.06,31.63Zm57.52,0A25.88,25.88,0,1,1,85.7,5.75a25.92,25.92,0,0,1,25.88,25.88Z\"><\/path><path d=\"M33.12,146.43a2.88,2.88,0,0,0,4.06,0l14-13.73a8.72,8.72,0,0,0,2-8.93l3-2.89a8.58,8.58,0,0,1,6-2.42h38.23a25.74,25.74,0,0,0,18-7.33c.2-.2-1.52,1.83,26.08-31.16A11.5,11.5,0,0,0,127,65.06l-17,17.44a11.54,11.54,0,0,0-8.94-4.28H69a37.06,37.06,0,0,0-14.4-2.88c-13.85,0-25.94,6.4-32.43,18.39a8.6,8.6,0,0,0-7.69,2.39L.84,109.84a2.87,2.87,0,0,0,0,4ZM54.64,81.1A31.39,31.39,0,0,1,67.3,83.73a2.82,2.82,0,0,0,1.15.24h32.66a5.76,5.76,0,0,1,0,11.51H77.64a2.88,2.88,0,0,0,0,5.75h23.47a11.52,11.52,0,0,0,11.5-11.51,12.59,12.59,0,0,0-.1-1.5C128.93,71.35,131.24,69,131.34,68.86a5.75,5.75,0,1,1,8.78,7.43l-25.79,30.83a20,20,0,0,1-13.94,5.61H62.16a14.28,14.28,0,0,0-10,4l-2.45,2.36L27.2,96.59C32.47,86.71,42.35,81.1,54.64,81.1Zm-36,19.08a2.86,2.86,0,0,1,3.56-.4c.5.3-.93-1,24.91,24.8a2.87,2.87,0,0,1,0,4L35.19,140.34,6.93,111.87Z\"><\/path><path d=\"M82.25,14.38v3.37a8.62,8.62,0,0,0,2.87,16.76,2.88,2.88,0,1,1,0,5.75,5.18,5.18,0,0,1-3.73-2.18A2.88,2.88,0,1,0,77,41.79a11.89,11.89,0,0,0,5.26,3.74v3.36a2.88,2.88,0,0,0,5.75,0V45.52a8.63,8.63,0,0,0-2.88-16.76,2.88,2.88,0,0,1,0-5.75,4.61,4.61,0,0,1,3.11,1.5,2.87,2.87,0,1,0,4-4.13A11.1,11.1,0,0,0,88,17.73V14.38a2.88,2.88,0,1,0-5.75,0Z\"><\/path><\/g><\/g><\/svg><\/div>\n\n\n\n<div style=\"height:30px\" aria-hidden=\"true\" class=\"wp-block-spacer\"><\/div>\n\n\n\n<h3 class=\"wp-block-heading has-text-align-center\">Add-ons<\/h3>\n\n\n\n<p class=\"has-text-align-center\">Ofrecemos diferentes&nbsp;<a href=\"https:\/\/qualifio.com\/es\/add-ons\/\">add-ons<\/a>&nbsp;que puedes incorporar a tu plan para optimizar tus esfuerzos de recopilaci\u00f3n de datos y para abrirte paso a nuevas oportunidades de engagement y enriquecimiento de audiencias.<\/p>\n<\/div>\n<\/div>\n<\/div>\n<\/div>\n\n\n\n<div id=\"plans-form\" class=\"wp-block-group is-layout-constrained wp-block-group-is-layout-constrained\"><\/div>\n\n\n\n<div class=\"wp-block-group bg-white hubspot-form-box is-layout-constrained wp-container-core-group-is-layout-238e681e wp-block-group-is-layout-constrained\">\n<script src=\"https:\/\/js-eu1.hsforms.net\/forms\/embed\/147199682.js\" defer><\/script>\n<div class=\"hs-form-frame\" data-region=\"eu1\" data-form-id=\"16286ebf-3795-4a35-96a1-f2c030511f2c\" data-portal-id=\"147199682\"><\/div>\n<\/div>\n","protected":false},"excerpt":{"rendered":"<p>Plan anual Qualifio te permite recopilar datos y generar engagement a trav\u00e9s de quizzes, juegos, encuestas, concursos, y otros m\u00e1s de 50 formatos interactivos y gamificados. Pide un presupuesto Un enfoque incremental Entendemos que lo que vale para unos no vale para todos. Por ello, nuestro&nbsp;plan anual&nbsp;est\u00e1 dise\u00f1ado con flexibilidad y calculado de acuerdo con [&hellip;]<\/p>\n","protected":false},"author":3,"featured_media":0,"parent":0,"menu_order":0,"comment_status":"closed","ping_status":"closed","template":"","meta":{"footnotes":""},"class_list":["post-3037","page","type-page","status-publish","hentry"],"yoast_head":"<!-- This site is optimized with the Yoast SEO Premium plugin v27.3 (Yoast SEO v27.3) - https:\/\/yoast.com\/product\/yoast-seo-premium-wordpress\/ -->\n<title>Plan annual - Qualifio<\/title>\n<meta name=\"description\" content=\"Descubre nuestro plan anual para recopilar datos y generar engagement a trav\u00e9s de quizzes, juegos, encuestas, concursos, etc.\" \/>\n<meta name=\"robots\" content=\"index, follow, max-snippet:-1, max-image-preview:large, max-video-preview:-1\" \/>\n<link rel=\"canonical\" href=\"https:\/\/qualifio.com\/es\/planes\/\" \/>\n<meta property=\"og:locale\" content=\"es_ES\" \/>\n<meta property=\"og:type\" content=\"article\" \/>\n<meta property=\"og:title\" content=\"Planes\" \/>\n<meta property=\"og:description\" content=\"Descubre nuestro plan anual para recopilar datos y generar engagement a trav\u00e9s de quizzes, juegos, encuestas, concursos, etc.\" \/>\n<meta property=\"og:url\" content=\"https:\/\/qualifio.com\/es\/planes\/\" \/>\n<meta property=\"og:site_name\" content=\"Qualifio\" \/>\n<meta property=\"article:modified_time\" content=\"2026-02-17T11:12:04+00:00\" \/>\n<meta property=\"og:image\" content=\"https:\/\/qualifio.com\/wp-content\/uploads\/2024\/05\/engage-devices.png\" \/>\n\t<meta property=\"og:image:width\" content=\"2000\" \/>\n\t<meta property=\"og:image:height\" content=\"1106\" \/>\n\t<meta property=\"og:image:type\" content=\"image\/png\" \/>\n<meta name=\"twitter:card\" content=\"summary_large_image\" \/>\n<meta name=\"twitter:label1\" content=\"Tiempo de lectura\" \/>\n\t<meta name=\"twitter:data1\" content=\"2 minutos\" \/>\n<script type=\"application\/ld+json\" class=\"yoast-schema-graph\">{\"@context\":\"https:\\\/\\\/schema.org\",\"@graph\":[{\"@type\":\"WebPage\",\"@id\":\"https:\\\/\\\/qualifio.com\\\/es\\\/planes\\\/\",\"url\":\"https:\\\/\\\/qualifio.com\\\/es\\\/planes\\\/\",\"name\":\"Plan annual - Qualifio\",\"isPartOf\":{\"@id\":\"https:\\\/\\\/qualifio.com\\\/es\\\/#website\"},\"primaryImageOfPage\":{\"@id\":\"https:\\\/\\\/qualifio.com\\\/es\\\/planes\\\/#primaryimage\"},\"image\":{\"@id\":\"https:\\\/\\\/qualifio.com\\\/es\\\/planes\\\/#primaryimage\"},\"thumbnailUrl\":\"https:\\\/\\\/qualifio.com\\\/wp-content\\\/uploads\\\/2024\\\/05\\\/engage-devices.png\",\"datePublished\":\"2021-12-03T13:05:24+00:00\",\"dateModified\":\"2026-02-17T11:12:04+00:00\",\"description\":\"Descubre nuestro plan anual para recopilar datos y generar engagement a trav\u00e9s de quizzes, juegos, encuestas, concursos, etc.\",\"breadcrumb\":{\"@id\":\"https:\\\/\\\/qualifio.com\\\/es\\\/planes\\\/#breadcrumb\"},\"inLanguage\":\"es\",\"potentialAction\":[{\"@type\":\"ReadAction\",\"target\":[\"https:\\\/\\\/qualifio.com\\\/es\\\/planes\\\/\"]}]},{\"@type\":\"ImageObject\",\"inLanguage\":\"es\",\"@id\":\"https:\\\/\\\/qualifio.com\\\/es\\\/planes\\\/#primaryimage\",\"url\":\"https:\\\/\\\/qualifio.com\\\/wp-content\\\/uploads\\\/2024\\\/05\\\/engage-devices.png\",\"contentUrl\":\"https:\\\/\\\/qualifio.com\\\/wp-content\\\/uploads\\\/2024\\\/05\\\/engage-devices.png\"},{\"@type\":\"BreadcrumbList\",\"@id\":\"https:\\\/\\\/qualifio.com\\\/es\\\/planes\\\/#breadcrumb\",\"itemListElement\":[{\"@type\":\"ListItem\",\"position\":1,\"name\":\"Home\",\"item\":\"https:\\\/\\\/qualifio.com\\\/es\\\/\"},{\"@type\":\"ListItem\",\"position\":2,\"name\":\"Planes\"}]},{\"@type\":\"WebSite\",\"@id\":\"https:\\\/\\\/qualifio.com\\\/es\\\/#website\",\"url\":\"https:\\\/\\\/qualifio.com\\\/es\\\/\",\"name\":\"Qualifio\",\"description\":\"Un site utilisant WordPress\",\"publisher\":{\"@id\":\"https:\\\/\\\/qualifio.com\\\/es\\\/#organization\"},\"potentialAction\":[{\"@type\":\"SearchAction\",\"target\":{\"@type\":\"EntryPoint\",\"urlTemplate\":\"https:\\\/\\\/qualifio.com\\\/es\\\/?s={search_term_string}\"},\"query-input\":{\"@type\":\"PropertyValueSpecification\",\"valueRequired\":true,\"valueName\":\"search_term_string\"}}],\"inLanguage\":\"es\"},{\"@type\":\"Organization\",\"@id\":\"https:\\\/\\\/qualifio.com\\\/es\\\/#organization\",\"name\":\"Qualifio\",\"url\":\"https:\\\/\\\/qualifio.com\\\/es\\\/\",\"logo\":{\"@type\":\"ImageObject\",\"inLanguage\":\"es\",\"@id\":\"https:\\\/\\\/qualifio.com\\\/es\\\/#\\\/schema\\\/logo\\\/image\\\/\",\"url\":\"https:\\\/\\\/qualifio.com\\\/wp-content\\\/uploads\\\/2022\\\/06\\\/banner-blog-news-simple.png\",\"contentUrl\":\"https:\\\/\\\/qualifio.com\\\/wp-content\\\/uploads\\\/2022\\\/06\\\/banner-blog-news-simple.png\",\"width\":460,\"height\":240,\"caption\":\"Qualifio\"},\"image\":{\"@id\":\"https:\\\/\\\/qualifio.com\\\/es\\\/#\\\/schema\\\/logo\\\/image\\\/\"}}]}<\/script>\n<!-- \/ Yoast SEO Premium plugin. -->","yoast_head_json":{"title":"Plan annual - Qualifio","description":"Descubre nuestro plan anual para recopilar datos y generar engagement a trav\u00e9s de quizzes, juegos, encuestas, concursos, etc.","robots":{"index":"index","follow":"follow","max-snippet":"max-snippet:-1","max-image-preview":"max-image-preview:large","max-video-preview":"max-video-preview:-1"},"canonical":"https:\/\/qualifio.com\/es\/planes\/","og_locale":"es_ES","og_type":"article","og_title":"Planes","og_description":"Descubre nuestro plan anual para recopilar datos y generar engagement a trav\u00e9s de quizzes, juegos, encuestas, concursos, etc.","og_url":"https:\/\/qualifio.com\/es\/planes\/","og_site_name":"Qualifio","article_modified_time":"2026-02-17T11:12:04+00:00","og_image":[{"width":2000,"height":1106,"url":"https:\/\/qualifio.com\/wp-content\/uploads\/2024\/05\/engage-devices.png","type":"image\/png"}],"twitter_card":"summary_large_image","twitter_misc":{"Tiempo de lectura":"2 minutos"},"schema":{"@context":"https:\/\/schema.org","@graph":[{"@type":"WebPage","@id":"https:\/\/qualifio.com\/es\/planes\/","url":"https:\/\/qualifio.com\/es\/planes\/","name":"Plan annual - Qualifio","isPartOf":{"@id":"https:\/\/qualifio.com\/es\/#website"},"primaryImageOfPage":{"@id":"https:\/\/qualifio.com\/es\/planes\/#primaryimage"},"image":{"@id":"https:\/\/qualifio.com\/es\/planes\/#primaryimage"},"thumbnailUrl":"https:\/\/qualifio.com\/wp-content\/uploads\/2024\/05\/engage-devices.png","datePublished":"2021-12-03T13:05:24+00:00","dateModified":"2026-02-17T11:12:04+00:00","description":"Descubre nuestro plan anual para recopilar datos y generar engagement a trav\u00e9s de quizzes, juegos, encuestas, concursos, etc.","breadcrumb":{"@id":"https:\/\/qualifio.com\/es\/planes\/#breadcrumb"},"inLanguage":"es","potentialAction":[{"@type":"ReadAction","target":["https:\/\/qualifio.com\/es\/planes\/"]}]},{"@type":"ImageObject","inLanguage":"es","@id":"https:\/\/qualifio.com\/es\/planes\/#primaryimage","url":"https:\/\/qualifio.com\/wp-content\/uploads\/2024\/05\/engage-devices.png","contentUrl":"https:\/\/qualifio.com\/wp-content\/uploads\/2024\/05\/engage-devices.png"},{"@type":"BreadcrumbList","@id":"https:\/\/qualifio.com\/es\/planes\/#breadcrumb","itemListElement":[{"@type":"ListItem","position":1,"name":"Home","item":"https:\/\/qualifio.com\/es\/"},{"@type":"ListItem","position":2,"name":"Planes"}]},{"@type":"WebSite","@id":"https:\/\/qualifio.com\/es\/#website","url":"https:\/\/qualifio.com\/es\/","name":"Qualifio","description":"Un site utilisant WordPress","publisher":{"@id":"https:\/\/qualifio.com\/es\/#organization"},"potentialAction":[{"@type":"SearchAction","target":{"@type":"EntryPoint","urlTemplate":"https:\/\/qualifio.com\/es\/?s={search_term_string}"},"query-input":{"@type":"PropertyValueSpecification","valueRequired":true,"valueName":"search_term_string"}}],"inLanguage":"es"},{"@type":"Organization","@id":"https:\/\/qualifio.com\/es\/#organization","name":"Qualifio","url":"https:\/\/qualifio.com\/es\/","logo":{"@type":"ImageObject","inLanguage":"es","@id":"https:\/\/qualifio.com\/es\/#\/schema\/logo\/image\/","url":"https:\/\/qualifio.com\/wp-content\/uploads\/2022\/06\/banner-blog-news-simple.png","contentUrl":"https:\/\/qualifio.com\/wp-content\/uploads\/2022\/06\/banner-blog-news-simple.png","width":460,"height":240,"caption":"Qualifio"},"image":{"@id":"https:\/\/qualifio.com\/es\/#\/schema\/logo\/image\/"}}]}},"_links":{"self":[{"href":"https:\/\/qualifio.com\/es\/wp-json\/wp\/v2\/pages\/3037","targetHints":{"allow":["GET"]}}],"collection":[{"href":"https:\/\/qualifio.com\/es\/wp-json\/wp\/v2\/pages"}],"about":[{"href":"https:\/\/qualifio.com\/es\/wp-json\/wp\/v2\/types\/page"}],"author":[{"embeddable":true,"href":"https:\/\/qualifio.com\/es\/wp-json\/wp\/v2\/users\/3"}],"replies":[{"embeddable":true,"href":"https:\/\/qualifio.com\/es\/wp-json\/wp\/v2\/comments?post=3037"}],"version-history":[{"count":0,"href":"https:\/\/qualifio.com\/es\/wp-json\/wp\/v2\/pages\/3037\/revisions"}],"wp:attachment":[{"href":"https:\/\/qualifio.com\/es\/wp-json\/wp\/v2\/media?parent=3037"}],"curies":[{"name":"wp","href":"https:\/\/api.w.org\/{rel}","templated":true}]}}