{"id":45783,"date":"2024-04-08T15:26:13","date_gmt":"2024-04-08T13:26:13","guid":{"rendered":"https:\/\/qualifio.com\/data-collection\/"},"modified":"2026-02-19T16:10:41","modified_gmt":"2026-02-19T15:10:41","slug":"datenerfassung","status":"publish","type":"page","link":"https:\/\/qualifio.com\/de\/datenerfassung\/","title":{"rendered":"Datenerfassung"},"content":{"rendered":"\n<section class=\"wp-block-fidelo-page-header main-top-page animation\" data-blockstyle=\"animation\"><div class=\"top-page wrapper-max\"><div class=\"top-page-illustration\"><div class=\"\" id=\"lottie-data-collection\"><\/div><\/div><div class=\"top-page-description\">\n<h1 class=\"wp-block-heading\" id=\"the-key-features-to-bring-customer-engagement-to-the-next-level\">Erfassen Sie verwertbare Daten von hoher Qualit\u00e4t<\/h1>\n\n\n\n<p>Nutzen Sie Formulare, Opt-ins, Statistiken, Exporte und vieles mehr, um First- und Zero-Party-Daten zu erfassen und zu analysieren.<\/p>\n<\/div><\/div><\/section>\n\n\n\n<section class=\"wp-block-fidelo-content-image content-img\" data-order-inverse=\"false\" data-block-style=\"bg-light-grey\"><h2 class=\"has-text-align-center\">Erstellen Sie anpassbare Formulare und Opt-ins<\/h2><p class=\"has-text-align-center intro\">Wir bieten verschiedene Features, mit denen Sie Ihre Formulare und Opt-ins besonders wirkungsvoll gestalten k\u00f6nnen!<\/p><div class=\"classic-content\"><div class=\"classic-content-img\"><img decoding=\"async\" alt=\"data-collection-form\" class=\"small-img\" src=\"https:\/\/qualifio.com\/wp-content\/uploads\/2024\/04\/data-collection-form.png\"\/><\/div><article class=\"content-text\">\n<ul class=\"wp-block-list\">\n<li>W\u00e4hlen Sie aus \u00fcber 30 verschiedenen Arten von Formularfeldern und passen Sie sie an.<\/li>\n\n\n\n<li>Bieten Sie Ihren Nutzern mehrere M\u00f6glichkeiten zur Authentifizierung (SSO-Systeme, Facebook-Login usw.).&nbsp;<\/li>\n\n\n\n<li>Verhindern Sie mit CAPTCHAs, dass Ihre Formulare mit Spam \u00fcberflutet werden.<\/li>\n\n\n\n<li>Nutzen Sie die Daten, die Ihre Besucher bereits eingegeben haben, um Formulare vorab auszuf\u00fcllen.<\/li>\n\n\n\n<li>Nutzen Sie die Feldvalidierung in Echtzeit, um die Datenqualit\u00e4t sicherzustellen.<\/li>\n\n\n\n<li>Erstellen Sie ganz einfach Opt-ins und tracken Sie die Einwilligung f\u00fcr das E-Mail-Marketing konform DSGVO.<\/li>\n\n\n\n<li>Veranlassen Sie die \u00dcberpr\u00fcfung von E-Mail-Adressen, um gef\u00e4lschte Konten bei der Registrierung zu erkennen.<\/li>\n\n\n\n<li>Erstellen Sie bedingte Workflows, um zielgerichtete Benutzererlebnisse zu bieten und die Konversionsraten durch Formulare zu verbessern.<\/li>\n<\/ul>\n<\/article><\/div><\/section>\n\n\n\n<section class=\"wp-block-fidelo-content-image content-img\" data-order-inverse=\"true\" data-block-style=\"bg-marine\"><h2 class=\"has-text-align-center\">Erweiterte Statistiken<\/h2><p class=\"has-text-align-center intro\">Erhalten Sie Einblicke in Echtzeit und \u00fcberwachen Sie das ganze Jahr \u00fcber Ihre Leistung.<\/p><div class=\"classic-content\"><div class=\"classic-content-img\"><img decoding=\"async\" alt=\"advanced-stats-wide\" class=\"small-img\" src=\"https:\/\/qualifio.com\/wp-content\/uploads\/2021\/12\/advanced-stats-wide.png\"\/><\/div><article class=\"content-text\">\n<ul class=\"wp-block-list\">\n<li>Erhalten Sie detaillierte Berichte \u00fcber Ihr Konto, Ihre Kampagnen, Teilnehmer, Opt-ins und Formulare und laden Sie diese herunter.<\/li>\n\n\n\n<li>Visualisieren und verfolgen Sie Ihre Leistung bequem mit unseren intuitiven Dashboards.<\/li>\n\n\n\n<li>Pr\u00fcfen Sie alle gesammelten Daten und ziehen Sie die Gewinner von Wettbewerben.<\/li>\n\n\n\n<li>Legen Sie Pixel und Tags an, um Daten aus Qualifio-Kampagnen f\u00fcr das Retargeting an Facebook, Google Analytics und andere Plattformen zu senden.<\/li>\n<\/ul>\n<\/article><\/div><\/section>\n\n\n\n<section class=\"wp-block-fidelo-content-image content-img\" data-order-inverse=\"false\" data-block-style=\"bg-white\"><h2 class=\"has-text-align-center\">Exportieren und versenden Sie Ihre Daten<\/h2><p class=\"has-text-align-center intro\">Nutzen Sie Ihre Daten au\u00dferhalb von Qualifio!&nbsp;<\/p><div class=\"classic-content\"><div class=\"classic-content-img\"><img decoding=\"async\" alt=\"data-export\" class=\"small-img\" src=\"https:\/\/qualifio.com\/wp-content\/uploads\/2024\/04\/data-collection-export-data-small.png\"\/><\/div><article class=\"content-text\">\n<ul class=\"wp-block-list\">\n<li>Exportieren Sie Ihre Daten manuell aus Qualifio, um eine umfassende Analyse mit einem Tool Ihrer Wahl durchzuf\u00fchren.<\/li>\n\n\n\n<li>Automatisieren Sie Ihre Datenexporte aus Qualifio auf Ihre AWS S3- oder sFTP-Server und w\u00e4hlen Sie einen bestimmten Zeitpunkt daf\u00fcr.<\/li>\n\n\n\n<li>\u00dcbertragen Sie die mit Qualifio gesammelten Daten nahtlos an Ihre anderen Marketing- und Datentools: CRM, Marketingautomatisierung, DMP und vieles mehr! Wir bieten eine Reihe von gebrauchsfertigen Integrationen mit den g\u00e4ngigsten Daten \u00d6kosystemen sowie ma\u00dfgeschneiderte, auf Ihre speziellen Bed\u00fcrfnisse zugeschnittene Integrationen.<\/li>\n<\/ul>\n<\/article><\/div><\/section>\n\n\n\n<section class=\"wp-block-fidelo-cards-wrap\" data-order-inverse=\"false\" data-block-style=\"bg-light-grey\"><h2 class=\"has-text-align-center\">Entdecken Sie unsere neuesten Features<\/h2><p class=\"has-text-align-center intro\">Unsere Teams entwickeln mit gro\u00dfem Einsatz die Features, die Sie f\u00fcr das Wachstum Ihrer Zielgruppe und die nahtlose Datenerfassung ben\u00f6tigen.<\/p><div class=\"wrapper-max container-blog\">\n<div class=\"wp-block-fidelo-cards-blockitem blog-item\"><a href=\"https:\/\/qualifio.com\/blog\/infographic-forms-opt-ins-data-collection-personalised-marketing\/\" class=\"full-hover-link\"><\/a><div class=\"blog-item-img\"><img decoding=\"async\" alt=\"banner_blog_data_report_2_infographics\" src=\"https:\/\/qualifio.com\/wp-content\/uploads\/2024\/03\/banner_blog_data_report_2_infographics.png\"\/><\/div><article class=\"blog-item-txt\"><article><p class=\"blog-article-type orange\" data-block-style=\"green\">Data collection<\/p><h3>Infographic insights: forms and opt-ins in data collection and personalised marketing<\/h3><\/article><div class=\"author\"><img decoding=\"async\" src=\"https:\/\/qualifio.com\/wp-content\/uploads\/2023\/10\/braulio-blog.jpg\"\/><article><p class=\"author\">Braulio Agredano Fern\u00e1ndez<\/p><p class=\"date\"><\/p><\/article><\/div><\/article><\/div>\n\n\n\n<div class=\"wp-block-fidelo-cards-blockitem blog-item\"><a href=\"https:\/\/qualifio.com\/blog\/2024-data-trends-era-data-deprecation\/\" class=\"full-hover-link\"><\/a><div class=\"blog-item-img\"><img decoding=\"async\" alt=\"banner-blog-bdm-article\" src=\"https:\/\/qualifio.com\/wp-content\/uploads\/2024\/02\/banner-blog-bdm-article.png\"\/><\/div><article class=\"blog-item-txt\"><article><p class=\"blog-article-type orange\" data-block-style=\"green\">Data collection<\/p><h3>2024 data trends: navigating the era of data deprecation<\/h3><\/article><div class=\"author\"><img decoding=\"async\" src=\"https:\/\/qualifio.com\/wp-content\/uploads\/2023\/12\/benjamin-blog.png\"\/><article><p class=\"author\">Benjamin Leysen<\/p><p class=\"date\"><\/p><\/article><\/div><\/article><\/div>\n\n\n\n<div class=\"wp-block-fidelo-cards-blockitem blog-item\"><a href=\"https:\/\/qualifio.com\/blog\/new-feature-alert-tag-library\/\" class=\"full-hover-link\"><\/a><div class=\"blog-item-img\"><img decoding=\"async\" alt=\"banner-blog-productupdate-sept-2022\" src=\"https:\/\/qualifio.com\/wp-content\/uploads\/2022\/09\/banner-blog-productupdate-sept-2022.png\"\/><\/div><article class=\"blog-item-txt\"><article><p class=\"blog-article-type orange\" data-block-style=\"orange\">Product<\/p><h3>New feature alert: Tag Library!<\/h3><\/article><div class=\"author\"><img decoding=\"async\" src=\"https:\/\/qualifio.com\/wp-content\/uploads\/2021\/12\/tabata-blog.jpg\"\/><article><p class=\"author\">Tabata Vossen<\/p><p class=\"date\"><\/p><\/article><\/div><\/article><\/div>\n<\/div><\/section>\n\n\n\n<div class=\"wp-block-group has-background is-layout-constrained wp-block-group-is-layout-constrained\" style=\"background-color:#f2f2f2\">\n<div class=\"wp-block-group wrapper-max request-demo-box has-marine-background-color has-background is-layout-constrained wp-block-group-is-layout-constrained\">\n<div style=\"height:1px\" aria-hidden=\"true\" class=\"wp-block-spacer\"><\/div>\n\n\n\n<div class=\"wp-block-columns are-vertically-aligned-center is-layout-flex wp-container-core-columns-is-layout-28f84493 wp-block-columns-is-layout-flex\">\n<div class=\"wp-block-column is-vertically-aligned-center is-layout-flow wp-block-column-is-layout-flow\" style=\"flex-basis:25%\">\n<figure class=\"wp-block-image aligncenter size-full is-resized\"><img decoding=\"async\" src=\"https:\/\/qualifio.fidelodev.be\/wp-content\/uploads\/2024\/04\/icons.png\" alt=\"\" class=\"wp-image-34936\" style=\"width:138px;height:auto\"\/><\/figure>\n<\/div>\n\n\n\n<div class=\"wp-block-column is-vertically-aligned-center is-layout-flow wp-block-column-is-layout-flow\" style=\"flex-basis:50%\">\n<h2 class=\"wp-block-heading has-text-color has-link-color wp-elements-c404989e81931067ad03bd7ca809e7b8\" style=\"color:#ffffff\">Sind Sie startklar? Dann nehmen Sie Kontakt mit uns auf!<\/h2>\n<\/div>\n\n\n\n<div class=\"wp-block-column is-vertically-aligned-center is-layout-flow wp-block-column-is-layout-flow\" style=\"flex-basis:25%\">\n<div class=\"hs-web-interactive-inline\" style=\"\" data-hubspot-wrapper-cta-id=\"366103566556\"> \n <a href=\"https:\/\/cta-eu1.hubspot.com\/web-interactives\/public\/v1\/track\/click?encryptedPayload=AVxigLJl4K7Oh1kOxsGaNJE1ohH2%2FON06s4L1xs93GwOyxqkOgcRmfCEXSRqkn39ISQRQUFKchLymOmdN1I8kkLW6OwrCoVVmJr51lG8eLkNxMOOPWxHCGki3vkRyQnY0h%2BcVpTdXhUNTMRkxfxOTWNgzdIUrc4dB4rTRIO0NAzq0oxd5dIlh07ujUyHyA%3D%3D&amp;portalId=147199682\" class=\"hs-inline-web-interactive-366103566556 qlf-cta  \" data-hubspot-cta-id=\"366103566556\"> Dann nehmen Sie Kontakt mit uns auf! <\/a> \n<\/div>\n<\/div>\n<\/div>\n<\/div>\n\n\n\n<div style=\"height:30px\" aria-hidden=\"true\" class=\"wp-block-spacer\"><\/div>\n<\/div>\n","protected":false},"excerpt":{"rendered":"<p>Sind Sie startklar? Dann nehmen Sie Kontakt mit uns auf! Dann nehmen Sie Kontakt mit uns auf!<\/p>\n","protected":false},"author":3,"featured_media":0,"parent":0,"menu_order":0,"comment_status":"closed","ping_status":"closed","template":"","meta":{"footnotes":""},"class_list":["post-45783","page","type-page","status-publish","hentry"],"yoast_head":"<!-- This site is optimized with the Yoast SEO Premium plugin v27.5 (Yoast SEO v27.5) - https:\/\/yoast.com\/product\/yoast-seo-premium-wordpress\/ -->\n<title>Datenerfassung<\/title>\n<meta name=\"description\" content=\"Verwenden Sie anpassbare Formulare, Opt-ins, Statistiken, Exporte und mehr, um First- und Zero-Party-Daten zu erfassen und zu analysieren.\" \/>\n<meta name=\"robots\" content=\"index, follow, max-snippet:-1, max-image-preview:large, max-video-preview:-1\" \/>\n<link rel=\"canonical\" href=\"https:\/\/qualifio.com\/de\/datenerfassung\/\" \/>\n<meta property=\"og:locale\" content=\"de_DE\" \/>\n<meta property=\"og:type\" content=\"article\" \/>\n<meta property=\"og:title\" content=\"Datenerfassung\" \/>\n<meta property=\"og:description\" content=\"Verwenden Sie anpassbare Formulare, Opt-ins, Statistiken, Exporte und mehr, um First- und Zero-Party-Daten zu erfassen und zu analysieren.\" \/>\n<meta property=\"og:url\" content=\"https:\/\/qualifio.com\/de\/datenerfassung\/\" \/>\n<meta property=\"og:site_name\" content=\"Qualifio\" \/>\n<meta property=\"article:modified_time\" content=\"2026-02-19T15:10:41+00:00\" \/>\n<meta property=\"og:image\" content=\"https:\/\/qualifio.com\/wp-content\/uploads\/2024\/04\/qualifio-social-image-e1747230164144.png\" \/>\n\t<meta property=\"og:image:width\" content=\"584\" \/>\n\t<meta property=\"og:image:height\" content=\"236\" \/>\n\t<meta property=\"og:image:type\" content=\"image\/png\" \/>\n<meta name=\"twitter:card\" content=\"summary_large_image\" \/>\n<meta name=\"twitter:label1\" content=\"Gesch\u00e4tzte Lesezeit\" \/>\n\t<meta name=\"twitter:data1\" content=\"4 Minuten\" \/>\n<script type=\"application\/ld+json\" class=\"yoast-schema-graph\">{\"@context\":\"https:\\\/\\\/schema.org\",\"@graph\":[{\"@type\":\"WebPage\",\"@id\":\"https:\\\/\\\/qualifio.com\\\/de\\\/datenerfassung\\\/\",\"url\":\"https:\\\/\\\/qualifio.com\\\/de\\\/datenerfassung\\\/\",\"name\":\"Datenerfassung\",\"isPartOf\":{\"@id\":\"https:\\\/\\\/qualifio.com\\\/de\\\/#website\"},\"primaryImageOfPage\":{\"@id\":\"https:\\\/\\\/qualifio.com\\\/de\\\/datenerfassung\\\/#primaryimage\"},\"image\":{\"@id\":\"https:\\\/\\\/qualifio.com\\\/de\\\/datenerfassung\\\/#primaryimage\"},\"thumbnailUrl\":\"https:\\\/\\\/qualifio.com\\\/wp-content\\\/uploads\\\/2024\\\/04\\\/data-collection-form.png\",\"datePublished\":\"2024-04-08T13:26:13+00:00\",\"dateModified\":\"2026-02-19T15:10:41+00:00\",\"description\":\"Verwenden Sie anpassbare Formulare, Opt-ins, Statistiken, Exporte und mehr, um First- und Zero-Party-Daten zu erfassen und zu analysieren.\",\"breadcrumb\":{\"@id\":\"https:\\\/\\\/qualifio.com\\\/de\\\/datenerfassung\\\/#breadcrumb\"},\"inLanguage\":\"de-DE\",\"potentialAction\":[{\"@type\":\"ReadAction\",\"target\":[\"https:\\\/\\\/qualifio.com\\\/de\\\/datenerfassung\\\/\"]}]},{\"@type\":\"ImageObject\",\"inLanguage\":\"de-DE\",\"@id\":\"https:\\\/\\\/qualifio.com\\\/de\\\/datenerfassung\\\/#primaryimage\",\"url\":\"https:\\\/\\\/qualifio.com\\\/wp-content\\\/uploads\\\/2024\\\/04\\\/data-collection-form.png\",\"contentUrl\":\"https:\\\/\\\/qualifio.com\\\/wp-content\\\/uploads\\\/2024\\\/04\\\/data-collection-form.png\"},{\"@type\":\"BreadcrumbList\",\"@id\":\"https:\\\/\\\/qualifio.com\\\/de\\\/datenerfassung\\\/#breadcrumb\",\"itemListElement\":[{\"@type\":\"ListItem\",\"position\":1,\"name\":\"Home\",\"item\":\"https:\\\/\\\/qualifio.com\\\/de\\\/\"},{\"@type\":\"ListItem\",\"position\":2,\"name\":\"Datenerfassung\"}]},{\"@type\":\"WebSite\",\"@id\":\"https:\\\/\\\/qualifio.com\\\/de\\\/#website\",\"url\":\"https:\\\/\\\/qualifio.com\\\/de\\\/\",\"name\":\"Qualifio\",\"description\":\"Un site utilisant WordPress\",\"publisher\":{\"@id\":\"https:\\\/\\\/qualifio.com\\\/de\\\/#organization\"},\"potentialAction\":[{\"@type\":\"SearchAction\",\"target\":{\"@type\":\"EntryPoint\",\"urlTemplate\":\"https:\\\/\\\/qualifio.com\\\/de\\\/?s={search_term_string}\"},\"query-input\":{\"@type\":\"PropertyValueSpecification\",\"valueRequired\":true,\"valueName\":\"search_term_string\"}}],\"inLanguage\":\"de-DE\"},{\"@type\":\"Organization\",\"@id\":\"https:\\\/\\\/qualifio.com\\\/de\\\/#organization\",\"name\":\"Qualifio\",\"url\":\"https:\\\/\\\/qualifio.com\\\/de\\\/\",\"logo\":{\"@type\":\"ImageObject\",\"inLanguage\":\"de-DE\",\"@id\":\"https:\\\/\\\/qualifio.com\\\/de\\\/#\\\/schema\\\/logo\\\/image\\\/\",\"url\":\"https:\\\/\\\/qualifio.com\\\/wp-content\\\/uploads\\\/2022\\\/06\\\/banner-blog-news-simple.png\",\"contentUrl\":\"https:\\\/\\\/qualifio.com\\\/wp-content\\\/uploads\\\/2022\\\/06\\\/banner-blog-news-simple.png\",\"width\":460,\"height\":240,\"caption\":\"Qualifio\"},\"image\":{\"@id\":\"https:\\\/\\\/qualifio.com\\\/de\\\/#\\\/schema\\\/logo\\\/image\\\/\"}}]}<\/script>\n<!-- \/ Yoast SEO Premium plugin. -->","yoast_head_json":{"title":"Datenerfassung","description":"Verwenden Sie anpassbare Formulare, Opt-ins, Statistiken, Exporte und mehr, um First- und Zero-Party-Daten zu erfassen und zu analysieren.","robots":{"index":"index","follow":"follow","max-snippet":"max-snippet:-1","max-image-preview":"max-image-preview:large","max-video-preview":"max-video-preview:-1"},"canonical":"https:\/\/qualifio.com\/de\/datenerfassung\/","og_locale":"de_DE","og_type":"article","og_title":"Datenerfassung","og_description":"Verwenden Sie anpassbare Formulare, Opt-ins, Statistiken, Exporte und mehr, um First- und Zero-Party-Daten zu erfassen und zu analysieren.","og_url":"https:\/\/qualifio.com\/de\/datenerfassung\/","og_site_name":"Qualifio","article_modified_time":"2026-02-19T15:10:41+00:00","og_image":[{"width":584,"height":236,"url":"https:\/\/qualifio.com\/wp-content\/uploads\/2024\/04\/qualifio-social-image-e1747230164144.png","type":"image\/png"}],"twitter_card":"summary_large_image","twitter_misc":{"Gesch\u00e4tzte Lesezeit":"4 Minuten"},"schema":{"@context":"https:\/\/schema.org","@graph":[{"@type":"WebPage","@id":"https:\/\/qualifio.com\/de\/datenerfassung\/","url":"https:\/\/qualifio.com\/de\/datenerfassung\/","name":"Datenerfassung","isPartOf":{"@id":"https:\/\/qualifio.com\/de\/#website"},"primaryImageOfPage":{"@id":"https:\/\/qualifio.com\/de\/datenerfassung\/#primaryimage"},"image":{"@id":"https:\/\/qualifio.com\/de\/datenerfassung\/#primaryimage"},"thumbnailUrl":"https:\/\/qualifio.com\/wp-content\/uploads\/2024\/04\/data-collection-form.png","datePublished":"2024-04-08T13:26:13+00:00","dateModified":"2026-02-19T15:10:41+00:00","description":"Verwenden Sie anpassbare Formulare, Opt-ins, Statistiken, Exporte und mehr, um First- und Zero-Party-Daten zu erfassen und zu analysieren.","breadcrumb":{"@id":"https:\/\/qualifio.com\/de\/datenerfassung\/#breadcrumb"},"inLanguage":"de-DE","potentialAction":[{"@type":"ReadAction","target":["https:\/\/qualifio.com\/de\/datenerfassung\/"]}]},{"@type":"ImageObject","inLanguage":"de-DE","@id":"https:\/\/qualifio.com\/de\/datenerfassung\/#primaryimage","url":"https:\/\/qualifio.com\/wp-content\/uploads\/2024\/04\/data-collection-form.png","contentUrl":"https:\/\/qualifio.com\/wp-content\/uploads\/2024\/04\/data-collection-form.png"},{"@type":"BreadcrumbList","@id":"https:\/\/qualifio.com\/de\/datenerfassung\/#breadcrumb","itemListElement":[{"@type":"ListItem","position":1,"name":"Home","item":"https:\/\/qualifio.com\/de\/"},{"@type":"ListItem","position":2,"name":"Datenerfassung"}]},{"@type":"WebSite","@id":"https:\/\/qualifio.com\/de\/#website","url":"https:\/\/qualifio.com\/de\/","name":"Qualifio","description":"Un site utilisant WordPress","publisher":{"@id":"https:\/\/qualifio.com\/de\/#organization"},"potentialAction":[{"@type":"SearchAction","target":{"@type":"EntryPoint","urlTemplate":"https:\/\/qualifio.com\/de\/?s={search_term_string}"},"query-input":{"@type":"PropertyValueSpecification","valueRequired":true,"valueName":"search_term_string"}}],"inLanguage":"de-DE"},{"@type":"Organization","@id":"https:\/\/qualifio.com\/de\/#organization","name":"Qualifio","url":"https:\/\/qualifio.com\/de\/","logo":{"@type":"ImageObject","inLanguage":"de-DE","@id":"https:\/\/qualifio.com\/de\/#\/schema\/logo\/image\/","url":"https:\/\/qualifio.com\/wp-content\/uploads\/2022\/06\/banner-blog-news-simple.png","contentUrl":"https:\/\/qualifio.com\/wp-content\/uploads\/2022\/06\/banner-blog-news-simple.png","width":460,"height":240,"caption":"Qualifio"},"image":{"@id":"https:\/\/qualifio.com\/de\/#\/schema\/logo\/image\/"}}]}},"_links":{"self":[{"href":"https:\/\/qualifio.com\/de\/wp-json\/wp\/v2\/pages\/45783","targetHints":{"allow":["GET"]}}],"collection":[{"href":"https:\/\/qualifio.com\/de\/wp-json\/wp\/v2\/pages"}],"about":[{"href":"https:\/\/qualifio.com\/de\/wp-json\/wp\/v2\/types\/page"}],"author":[{"embeddable":true,"href":"https:\/\/qualifio.com\/de\/wp-json\/wp\/v2\/users\/3"}],"replies":[{"embeddable":true,"href":"https:\/\/qualifio.com\/de\/wp-json\/wp\/v2\/comments?post=45783"}],"version-history":[{"count":0,"href":"https:\/\/qualifio.com\/de\/wp-json\/wp\/v2\/pages\/45783\/revisions"}],"wp:attachment":[{"href":"https:\/\/qualifio.com\/de\/wp-json\/wp\/v2\/media?parent=45783"}],"curies":[{"name":"wp","href":"https:\/\/api.w.org\/{rel}","templated":true}]}}